{"id":12846,"date":"2024-11-02T17:36:36","date_gmt":"2024-11-02T16:36:36","guid":{"rendered":"https:\/\/forzini.com\/producto\/cuenco-de-marmol-decorativo\/"},"modified":"2025-08-09T14:08:03","modified_gmt":"2025-08-09T12:08:03","slug":"vassoio-svuotatasche-elegante","status":"publish","type":"product","link":"https:\/\/forzini.com\/it\/producto\/vassoio-svuotatasche-elegante\/","title":{"rendered":"Vassoio svuotatasche elegante &#8211; Piatto da portata"},"content":{"rendered":"<h2>Vassoio svuotatasche elegante &#8220;Ceres W&#8221;<\/h2>\n<p>Questo elegante vassoio svuotatasche in onice bianco \u00e8 un\u2019opera d\u2019arte straordinaria che emana eleganza e raffinatezza. Realizzato a mano con onice naturale di alta qualit\u00e0 da esperti artigiani, questo pezzo cattura l\u2019essenza del lusso e della maestria artigianale. Ogni ciotola decorativa in marmo nasce da una pietra grezza che i nostri maestri artigiani trasformano in un elemento artistico, decorativo e funzionale.<\/p>\n<p>Le sue pareti dolcemente arrotondate catturano e diffondono la luce, creando un affascinante gioco di ombre tra le intricate venature dell\u2019onice. L\u2019effetto \u00e8 quasi etereo, con una traslucenza simile a quella di una nuvola. Perfetto per molteplici utilizzi, questo elegante vassoio svuotatasche pu\u00f2 servire come vassoio da presentazione, portacandele, vassoio per accessori da bagno, fruttiera o un sorprendente oggetto decorativo.<\/p>\n<p>Ideale per arricchire la decorazione della tavola durante eventi, feste o riunioni intime, questa ciotola decorativa in marmo dona fascino senza tempo e versatilit\u00e0 a qualsiasi ambiente. Questo pezzo unico in onice \u00e8 pi\u00f9 di un semplice elemento decorativo; \u00e8 un\u2019affermazione di gusto raffinato e un complemento essenziale per chi apprezza l\u2019eccellenza artigianale nell\u2019arredamento.<\/p>\n<p>Sugar Blanco Onix \u2013 Un bianco puro impreziosito da sottilissime linee dorate, morbide e cremose, che attraversano la superficie con grazia. Questo pregiato onice bianco \u00e8 una rarit\u00e0, disponibile solo in quantit\u00e0 limitate, poich\u00e9 estratto da un luogo esclusivo.<\/p>\n<p>&nbsp;<\/p>\n<p>Scopri di pi\u00f9 sulla nostra collezione di marmi e onice attraverso questo link: <a href=\"https:\/\/forzini.com\/it\/materiali\/\" target=\"_blank\" rel=\"noopener\">Materiali<\/a><\/p>\n","protected":false},"excerpt":{"rendered":"<h1>Vassoio svuotatasche elegante<\/h1>\n<p>un pezzo affascinante, scolpito a mano in onice naturale. Il suo design morbido e curvato permette alla luce di giocare tra le delicate venature, creando un bagliore soffuso e un fascino simile a una nuvola. Decorativo e funzionale al tempo stesso, questo recipiente serve come portacandele, porta gioielli, vassoio per chiavi o elemento decorativo in qualsiasi ambiente. Questo elegante recipiente in marmo \u00e8 un complemento straordinario per la decorazione della tavola durante riunioni, o come pezzo distintivo nel quotidiano di case raffinate, poich\u00e9 incarna l\u2019arte e l\u2019eleganza senza tempo.<\/p>\n","protected":false},"featured_media":14252,"comment_status":"closed","ping_status":"closed","template":"","meta":{"_acf_changed":false,"_joinchat":[]},"product_brand":[],"product_cat":[273,382],"product_tag":[266],"class_list":{"0":"post-12846","1":"product","2":"type-product","3":"status-publish","4":"has-post-thumbnail","6":"product_cat-accessori","7":"product_cat-complementi-darredo","8":"product_tag-onice","10":"first","11":"instock","12":"sale","13":"featured","14":"shipping-taxable","15":"purchasable","16":"product-type-simple"},"acf":[],"_links":{"self":[{"href":"https:\/\/forzini.com\/it\/wp-json\/wp\/v2\/product\/12846","targetHints":{"allow":["GET"]}}],"collection":[{"href":"https:\/\/forzini.com\/it\/wp-json\/wp\/v2\/product"}],"about":[{"href":"https:\/\/forzini.com\/it\/wp-json\/wp\/v2\/types\/product"}],"replies":[{"embeddable":true,"href":"https:\/\/forzini.com\/it\/wp-json\/wp\/v2\/comments?post=12846"}],"version-history":[{"count":0,"href":"https:\/\/forzini.com\/it\/wp-json\/wp\/v2\/product\/12846\/revisions"}],"wp:featuredmedia":[{"embeddable":true,"href":"https:\/\/forzini.com\/it\/wp-json\/wp\/v2\/media\/14252"}],"wp:attachment":[{"href":"https:\/\/forzini.com\/it\/wp-json\/wp\/v2\/media?parent=12846"}],"wp:term":[{"taxonomy":"product_brand","embeddable":true,"href":"https:\/\/forzini.com\/it\/wp-json\/wp\/v2\/product_brand?post=12846"},{"taxonomy":"product_cat","embeddable":true,"href":"https:\/\/forzini.com\/it\/wp-json\/wp\/v2\/product_cat?post=12846"},{"taxonomy":"product_tag","embeddable":true,"href":"https:\/\/forzini.com\/it\/wp-json\/wp\/v2\/product_tag?post=12846"}],"curies":[{"name":"wp","href":"https:\/\/api.w.org\/{rel}","templated":true}]}}