{"id":12841,"date":"2024-07-04T17:54:31","date_gmt":"2024-07-04T15:54:31","guid":{"rendered":"https:\/\/forzini.com\/producto\/bowl-de-onix-ceres\/"},"modified":"2025-08-09T20:36:23","modified_gmt":"2025-08-09T18:36:23","slug":"portacandele-da-tavolo-ceres","status":"publish","type":"product","link":"https:\/\/forzini.com\/it\/producto\/portacandele-da-tavolo-ceres\/","title":{"rendered":"Portacandele da tavolo &#8211; Alzata per torte"},"content":{"rendered":"<h2>P<span class=\"keyword _ngcontent-gbp-115\" aria-hidden=\"false\">ortacandele da tavolo<\/span> &#8220;Ceres&#8221;<\/h2>\n<p>In onice rosa. Realizzato da maestri artigiani, questo bowl in onice \u00e8 simbolo di un&#8217;eleganza impareggiabile, irradiando una luce morbida e una palette di colori che incanta i sensi. Perfetto per qualsiasi occasione, questo lussuoso bowl in onice \u00e8 ideale sia come vassoio da presentazione che come raffinato pezzo decorativo, promettendo di essere il protagonista della vostra tavola e il gioiello della vostra casa. Finemente scolpito in autentico onice rosa, questo portacandele da tavolo risplende con la sua bellezza unica, aggiungendo un tocco di fascino e sofisticazione a qualsiasi ambiente.<\/p>\n<p>La versatilit\u00e0 di questo bowl in onice \u00e8 sorprendente: pu\u00f2 essere utilizzato come portacandele da tavolo, piatto da presentazione, piccolo centrotavola o come lussuoso vassoio per oggetti. La sua forma arrotondata e il design raffinato lo rendono un elemento decorativo distintivo ed elegante. Abbiamo selezionato l&#8217;onice pi\u00f9 esclusivo, caratterizzato da un&#8217;elevata traslucenza. La luce attraversa le sue delicate pareti, creando magnifici riflessi che solo una gemma semipreziosa come l&#8217;onice pu\u00f2 offrire.<\/p>\n<p>Rosa Cloud Onyx \u2013 Celebre per la sua straordinaria bellezza e il raffinato colore rosa puro, che trasmette la luce con un bagliore affascinante. Svela le sue complesse stratificazioni, creando un effetto visivo sorprendente. Le emozioni evocate dal Rosa Cloud Onyx, con il suo fondo di tonalit\u00e0 rosa e le sottili venature biancastre, formano un motivo prezioso e radiante.<\/p>\n<p>Al centro del nostro impegno per l&#8217;eccellenza, ci concentriamo sulla ricerca del pi\u00f9 puro onice Rosa Cloud naturale. Visitiamo personalmente le cave per selezionare quei rari esemplari che la natura ha formato in millenni, assicurandoci che ogni lastra sia autentica e non artificialmente colorata. A differenza dell&#8217;onice comune presente sul mercato, spesso trattato per esaltare il colore, il nostro Rosa Cloud Onyx \u00e8 completamente naturale. Il fascino delle nostre creazioni in Rosa Cloud Onyx risiede nella capacit\u00e0 di ipnotizzare con la sua magnificenza cromatica. Ogni pezzo \u00e8 accuratamente selezionato per la sua perfezione estetica, garantendo che le vibranti tonalit\u00e0 rosa siano pure e uniformi, scorrendo sulla superficie come un dipinto vivente. L&#8217;innata traslucenza della pietra permette alla luce di danzare sulla sua superficie, creando un effetto luminoso tanto incantevole quanto rilassante.<\/p>\n<p>&nbsp;<\/p>\n<p><a href=\"https:\/\/forzini.com\/it\/materiali\/\" target=\"_blank\" rel=\"noopener\">Scopri di pi\u00f9 sulla nostra collezione di marmi e onice attraverso questo link: <\/a><a href=\"https:\/\/forzini.com\/it\/materiali\/\" target=\"_blank\" rel=\"noopener\">Materiali<\/a><\/p>\n","protected":false},"excerpt":{"rendered":"<h1><span class=\"keyword _ngcontent-gbp-115\" aria-hidden=\"false\">Portacandele da tavolo<\/span><\/h1>\n<p>curatamente scolpito a mano da maestri artigiani, questo portacandele in onice brilla con un bagliore delicato e una palette di colori ricca e variegata. Multifunzionale, perfetto per decorare qualsiasi evento, pu\u00f2 essere utilizzato come lussuoso vassoio da presentazione, elegante elemento decorativo o piattino per i tuoi gioielli, promettendo di essere il centro dell\u2019attenzione e il pezzo pi\u00f9 distintivo nella decorazione della tua casa<\/p>\n","protected":false},"featured_media":14197,"comment_status":"closed","ping_status":"closed","template":"","meta":{"_acf_changed":false,"_joinchat":[]},"product_brand":[],"product_cat":[273,382],"product_tag":[266],"class_list":{"0":"post-12841","1":"product","2":"type-product","3":"status-publish","4":"has-post-thumbnail","6":"product_cat-accessori","7":"product_cat-complementi-darredo","8":"product_tag-onice","10":"first","11":"instock","12":"featured","13":"shipping-taxable","14":"purchasable","15":"product-type-simple"},"acf":[],"_links":{"self":[{"href":"https:\/\/forzini.com\/it\/wp-json\/wp\/v2\/product\/12841","targetHints":{"allow":["GET"]}}],"collection":[{"href":"https:\/\/forzini.com\/it\/wp-json\/wp\/v2\/product"}],"about":[{"href":"https:\/\/forzini.com\/it\/wp-json\/wp\/v2\/types\/product"}],"replies":[{"embeddable":true,"href":"https:\/\/forzini.com\/it\/wp-json\/wp\/v2\/comments?post=12841"}],"version-history":[{"count":0,"href":"https:\/\/forzini.com\/it\/wp-json\/wp\/v2\/product\/12841\/revisions"}],"wp:featuredmedia":[{"embeddable":true,"href":"https:\/\/forzini.com\/it\/wp-json\/wp\/v2\/media\/14197"}],"wp:attachment":[{"href":"https:\/\/forzini.com\/it\/wp-json\/wp\/v2\/media?parent=12841"}],"wp:term":[{"taxonomy":"product_brand","embeddable":true,"href":"https:\/\/forzini.com\/it\/wp-json\/wp\/v2\/product_brand?post=12841"},{"taxonomy":"product_cat","embeddable":true,"href":"https:\/\/forzini.com\/it\/wp-json\/wp\/v2\/product_cat?post=12841"},{"taxonomy":"product_tag","embeddable":true,"href":"https:\/\/forzini.com\/it\/wp-json\/wp\/v2\/product_tag?post=12841"}],"curies":[{"name":"wp","href":"https:\/\/api.w.org\/{rel}","templated":true}]}}