{"id":12816,"date":"2024-07-04T12:22:58","date_gmt":"2024-07-04T10:22:58","guid":{"rendered":"https:\/\/forzini.com\/producto\/cuenco-de-piedra-oh-fontus\/"},"modified":"2025-08-03T22:43:48","modified_gmt":"2025-08-03T20:43:48","slug":"porta-tealight-oh-fontus","status":"publish","type":"product","link":"https:\/\/forzini.com\/it\/producto\/porta-tealight-oh-fontus\/","title":{"rendered":"Porta tealight Oh Fontus"},"content":{"rendered":"<h2>P<span class=\"keyword _ngcontent-wez-116\" aria-hidden=\"false\">orta tealight<\/span> &#8220;Oh Fontus&#8221;<\/h2>\n<p>Piccolo porta tealight in onice, scolpito a mano dai nostri rinomati artigiani, \u00e8 una vera gemma che non solo impreziosisce, ma racconta anche una storia. La sua forma rotonda e il raro Onice Galaxy Verde, con la sua straordinaria translucenza, rendono questa creazione un magnete per sguardi e complimenti.<\/p>\n<p>Immagina questo raffinato cuenco in onice sulla tua tavola durante una cena speciale, riflettendo la luce delle candele e creando un\u2019atmosfera magica e accogliente. Ogni pezzo \u00e8 unico, con venature e sfumature che sembrano narrare i segreti della terra da cui proviene. Perfetto per custodire piccoli oggetti, come gioielli o ricordi preziosi, mantenendoli organizzati con eleganza.<\/p>\n<p>Come centrotavola, questo cuenco diventa il protagonista, catturando l\u2019attenzione con la sua bellezza naturale. Se cerchi un regalo che sorprenda e affascini, questo cuenco in onice \u00e8 la scelta ideale. Non \u00e8 solo un oggetto decorativo, ma una testimonianza di storia e arte, che trasmette lusso e opulenza.<\/p>\n<p>Galaxy Verde Onice &#8211; Un fondo verde chiaro, splendidamente accentuato da onde bianche e attraversato da venature color bronzo, marrone dorato e rosso terroso. Estratto in quantit\u00e0 limitate, questo onice esclusivo \u00e8 altamente traslucido, permettendo alla luce di attraversarlo e creare giochi di riflessi unici.<\/p>\n<p>La nostra passione per le pietre pi\u00f9 affascinanti ci ha portato in terre lontane ed esotiche. Abbiamo esplorato angoli remoti del mondo, dove la natura custodisce gelosamente i suoi tesori. Nelle montagne dell\u2019Asia meridionale, dove le vette sfiorano il cielo e i fiumi scorrono puri, nasce questo magnifico onice.<\/p>\n<p>Sotto il calore intenso e la pressione della terra, la pietra calcarea si \u00e8 trasformata nel corso di millenni, creando le venature e i colori unici che definiscono il Galaxy Verde. Selezioniamo con cura ogni frammento di questa rara pietra, affidandolo ai nostri maestri artigiani, che lo scolpiscono e lucidano con dedizione fino alla perfezione.<\/p>\n<p>La sua translucenza permette alla luce di attraversarlo, creando bagliori che esaltano la sua bellezza naturale. Il risultato \u00e8 una creazione che va oltre la funzionalit\u00e0: ogni cuenco in Onice Galaxy Verde racchiude una parte della nostra storia e delle terre lontane che abbiamo esplorato.<\/p>\n<p>Non \u00e8 solo un oggetto decorativo, ma un simbolo della nostra ricerca incessante della bellezza e della rarit\u00e0, un pezzo unico e straordinario che porta con s\u00e9 il fascino di mondi lontani.<\/p>\n<p>&nbsp;<\/p>\n<p><a href=\"https:\/\/forzini.com\/it\/materiali\/\" target=\"_blank\" rel=\"noopener\">Scopri di pi\u00f9 sulla nostra collezione di marmi e onice attraverso questo link: <\/a><a href=\"https:\/\/forzini.com\/it\/materiali\/\" target=\"_blank\" rel=\"noopener\">Materiali<\/a><\/p>\n","protected":false},"excerpt":{"rendered":"<h1>P<span class=\"keyword _ngcontent-wez-116\" aria-hidden=\"false\">orta tealight<\/span><\/h1>\n<p>In onice, \u00e8 un pezzo decorativo eccezionale che dona distinzione ed eleganza a qualsiasi ambiente. Il suo design raffinato e la purezza dell\u2019onice lo rendono un accessorio affascinante e multifunzionale per la casa. Ogni ciotola \u00e8 unica, scolpita a mano per esaltare le venature e le tonalit\u00e0 caratteristiche dell\u2019onice, un materiale apprezzato per la sua durata e bellezza naturale. La superficie lucidata cattura la luce in modo delicato, creando un\u2019atmosfera calda e sofisticata. Perfetto come centrotavola, portacandele o contenitore per piccoli oggetti, questo cuenco in onice aggiunge un tocco di lusso e serenit\u00e0 al tuo spazio con la sua presenza raffinata.<\/p>\n","protected":false},"featured_media":14114,"comment_status":"closed","ping_status":"closed","template":"","meta":{"_acf_changed":false,"_joinchat":[]},"product_brand":[],"product_cat":[273,382],"product_tag":[266],"class_list":{"0":"post-12816","1":"product","2":"type-product","3":"status-publish","4":"has-post-thumbnail","6":"product_cat-accessori","7":"product_cat-complementi-darredo","8":"product_tag-onice","10":"first","11":"instock","12":"sale","13":"featured","14":"shipping-taxable","15":"purchasable","16":"product-type-simple"},"acf":[],"_links":{"self":[{"href":"https:\/\/forzini.com\/it\/wp-json\/wp\/v2\/product\/12816","targetHints":{"allow":["GET"]}}],"collection":[{"href":"https:\/\/forzini.com\/it\/wp-json\/wp\/v2\/product"}],"about":[{"href":"https:\/\/forzini.com\/it\/wp-json\/wp\/v2\/types\/product"}],"replies":[{"embeddable":true,"href":"https:\/\/forzini.com\/it\/wp-json\/wp\/v2\/comments?post=12816"}],"version-history":[{"count":0,"href":"https:\/\/forzini.com\/it\/wp-json\/wp\/v2\/product\/12816\/revisions"}],"wp:featuredmedia":[{"embeddable":true,"href":"https:\/\/forzini.com\/it\/wp-json\/wp\/v2\/media\/14114"}],"wp:attachment":[{"href":"https:\/\/forzini.com\/it\/wp-json\/wp\/v2\/media?parent=12816"}],"wp:term":[{"taxonomy":"product_brand","embeddable":true,"href":"https:\/\/forzini.com\/it\/wp-json\/wp\/v2\/product_brand?post=12816"},{"taxonomy":"product_cat","embeddable":true,"href":"https:\/\/forzini.com\/it\/wp-json\/wp\/v2\/product_cat?post=12816"},{"taxonomy":"product_tag","embeddable":true,"href":"https:\/\/forzini.com\/it\/wp-json\/wp\/v2\/product_tag?post=12816"}],"curies":[{"name":"wp","href":"https:\/\/api.w.org\/{rel}","templated":true}]}}