{"id":12786,"date":"2024-07-04T16:13:21","date_gmt":"2024-07-04T14:13:21","guid":{"rendered":"https:\/\/forzini.com\/producto\/bol-de-piedra-oh-bacchus-mediano\/"},"modified":"2025-05-12T22:56:01","modified_gmt":"2025-05-12T20:56:01","slug":"ciotola-in-pietra","status":"publish","type":"product","link":"https:\/\/forzini.com\/it\/producto\/ciotola-in-pietra\/","title":{"rendered":"Ciotola in pietra"},"content":{"rendered":"<h2>Ciotola in pietra &#8220;Oh Bacchus&#8221;<\/h2>\n<p>Questa ciotola in pietra onice verde con design raffinato \u00e8 un complemento affascinante e versatile che impreziosisce la tua casa. La finezza della lavorazione di questo bowl si manifesta nella sua superficie lucidata, che riflette la luce in modo delicato e uniforme, donando un\u2019eleganza sottile e sofisticata. Questa caratteristica rende ogni bowl non solo un elemento decorativo, ma anche funzionale, capace di trasformare l\u2019atmosfera di qualsiasi ambiente.<\/p>\n<p>Perfetto come centrotavola, portacandele per creare un\u2019atmosfera accogliente o contenitore per piccoli oggetti, questo bowl in pietra onice aggiunge un tocco di lusso e serenit\u00e0 a qualsiasi spazio. La sua morbidezza al tatto \u00e8 una testimonianza della raffinata artigianalit\u00e0 con cui \u00e8 stato realizzato. L\u2019unicit\u00e0 di ogni bowl \u00e8 esaltata dalle venature e dalle tonalit\u00e0 naturali dell\u2019onice, che variano da pezzo a pezzo, garantendo che ogni articolo sia un gioiello unico.<\/p>\n<p>L\u2019onice, una gemma semipreziosa con una ricca texture e colori variegati, \u00e8 un materiale noto per la sua bellezza e durabilit\u00e0, spesso utilizzato da prestigiose maison di gioielleria nelle loro collezioni esclusive. Perfetto come regalo di compleanno, di nozze o per un\u2019occasione speciale, la sua sofisticazione e bellezza lo rendono una scelta eccezionale, destinata a essere apprezzata per anni.<\/p>\n<p>Galaxy Verde Onice &#8211; Uno sfondo verde chiaro, splendidamente accentuato da onde bianche, attraversato da venature bronzate, marrone dorato terroso e rossastre. Estratto in quantit\u00e0 molto limitate, questa variet\u00e0 \u00e8 esclusiva e caratterizzata da un\u2019elevata traslucenza.<\/p>\n<p>Sapevi che il nostro Galaxy Verde Onice non \u00e8 solo prezioso per la sua rarit\u00e0 e bellezza estetica, ma anche per la sua formazione geologica unica? Questo onice \u00e8 il risultato di millenni di stratificazione minerale, compressa sotto l\u2019intensa pressione del terreno accidentato di una regione specifica dell\u2019Asia meridionale. Il suo distintivo tono verde chiaro \u00e8 un fenomeno naturale che non si trova in nessun altro luogo al mondo, rendendolo un complemento esclusivo per interni di lusso.<\/p>\n<p>L\u2019esclusivit\u00e0 di questa pietra \u00e8 esaltata dalla sua unicit\u00e0 geografica, garantendo che ogni pezzo sia un raro artefatto dell\u2019arte della Terra, perfetto per chi cerca qualcosa di veramente unico nel design di lusso. Le venature bianche e dorate che attraversano il Galaxy Verde Onice aggiungono una dimensione di bellezza in pi\u00f9, creando un contrasto visivo che ne esalta l\u2019eleganza naturale.<\/p>\n<p>Queste venature sembrano fluire attraverso la pietra, evocando immagini di fiumi sinuosi e paesaggi naturali in miniatura. Oltre al suo aspetto straordinario, il Galaxy Verde Onice \u00e8 noto per la sua elevata traslucenza, che permette alla luce di attraversarlo e creare un effetto luminoso ed etereo.<\/p>\n<p>Questo fenomeno non solo valorizza la bellezza della pietra, ma aggiunge anche un tocco di magia e raffinatezza a qualsiasi ambiente in cui venga utilizzato. Che sia un centrotavola per la sala da pranzo, un rivestimento murale in un salotto di lusso o un dettaglio decorativo, il Galaxy Verde Onice cattura sempre l\u2019attenzione e l\u2019ammirazione di tutti.&#8221;<\/p>\n<p>&nbsp;<\/p>\n<p><a href=\"https:\/\/forzini.com\/it\/materiali\/\" target=\"_blank\" rel=\"noopener\">Scopri di pi\u00f9 sulla nostra collezione di marmi e onice attraverso questo link: <\/a><a href=\"https:\/\/forzini.com\/it\/materiali\/\" target=\"_blank\" rel=\"noopener\">Materiali<\/a><\/p>\n","protected":false},"excerpt":{"rendered":"<h2>\u00a0Ciotola in pietra<\/h2>\n<p>0nice D 17 cm \u00e8 un meraviglioso e versatile complemento per abbellire la tua casa. La sua forma rotonda e la finitura liscia rendono questo pezzo un accento sofisticato che cattura tutti gli sguardi. \u00c8 un regalo perfetto per un\u2019occasione speciale, come un\u2019inaugurazione di casa, un anniversario o un compleanno. Questo bowl decorativo in pietra onice sorprender\u00e0 tutti.<\/p>\n","protected":false},"featured_media":12778,"comment_status":"closed","ping_status":"closed","template":"","meta":{"_acf_changed":false,"_joinchat":[]},"product_brand":[],"product_cat":[273,382],"product_tag":[266],"class_list":{"0":"post-12786","1":"product","2":"type-product","3":"status-publish","4":"has-post-thumbnail","6":"product_cat-accessori","7":"product_cat-complementi-darredo","8":"product_tag-onice","10":"first","11":"instock","12":"sale","13":"featured","14":"shipping-taxable","15":"purchasable","16":"product-type-simple"},"acf":[],"_links":{"self":[{"href":"https:\/\/forzini.com\/it\/wp-json\/wp\/v2\/product\/12786","targetHints":{"allow":["GET"]}}],"collection":[{"href":"https:\/\/forzini.com\/it\/wp-json\/wp\/v2\/product"}],"about":[{"href":"https:\/\/forzini.com\/it\/wp-json\/wp\/v2\/types\/product"}],"replies":[{"embeddable":true,"href":"https:\/\/forzini.com\/it\/wp-json\/wp\/v2\/comments?post=12786"}],"version-history":[{"count":0,"href":"https:\/\/forzini.com\/it\/wp-json\/wp\/v2\/product\/12786\/revisions"}],"wp:featuredmedia":[{"embeddable":true,"href":"https:\/\/forzini.com\/it\/wp-json\/wp\/v2\/media\/12778"}],"wp:attachment":[{"href":"https:\/\/forzini.com\/it\/wp-json\/wp\/v2\/media?parent=12786"}],"wp:term":[{"taxonomy":"product_brand","embeddable":true,"href":"https:\/\/forzini.com\/it\/wp-json\/wp\/v2\/product_brand?post=12786"},{"taxonomy":"product_cat","embeddable":true,"href":"https:\/\/forzini.com\/it\/wp-json\/wp\/v2\/product_cat?post=12786"},{"taxonomy":"product_tag","embeddable":true,"href":"https:\/\/forzini.com\/it\/wp-json\/wp\/v2\/product_tag?post=12786"}],"curies":[{"name":"wp","href":"https:\/\/api.w.org\/{rel}","templated":true}]}}