{"id":12767,"date":"2024-07-04T16:53:51","date_gmt":"2024-07-04T14:53:51","guid":{"rendered":"https:\/\/forzini.com\/producto\/bowl-de-marmol-bacchus-mediano\/"},"modified":"2025-08-15T18:58:24","modified_gmt":"2025-08-15T16:58:24","slug":"ciotola-design","status":"publish","type":"product","link":"https:\/\/forzini.com\/it\/producto\/ciotola-design\/","title":{"rendered":"Ciotola design &#8211; Centrotavola decorativo"},"content":{"rendered":"<h2>Ciotola design &#8220;Bacchus&#8221;<\/h2>\n<p>Questa ciotola di design in marmo nero con diametro di 17 cm \u00e8 un pezzo decorativo di medie dimensioni che aggiunge un tocco distintivo alla decorazione della tua casa. Realizzato a mano, questo bowl in marmo unisce estetica e funzionalit\u00e0, risultando perfetto per molteplici utilizzi o come regalo sofisticato. La sua versatilit\u00e0 lo rende un elegante organizzatore di chiavi all\u2019ingresso, un raffinato vassoio, un portacandele o un affascinante centrotavola per la sala da pranzo. Il design senza tempo e minimalista di questo bowl in marmo garantisce che sar\u00e0 un complemento d\u2019arredo di spicco in qualsiasi ambiente.<\/p>\n<p>Ogni pezzo \u00e8 unico, con venature e tonalit\u00e0 naturali che riflettono la bellezza intrinseca del marmo. La fine artigianalit\u00e0 si manifesta in ogni dettaglio, creando un\u2019opera d\u2019arte che conquister\u00e0 gli amanti della decorazione d\u2019interni. Perfetto come regalo di compleanno, di nozze o per un\u2019occasione speciale, la sua sofisticazione e bellezza lo rendono una scelta eccezionale, destinata a essere apprezzata e valorizzata per anni. Disponibile in due diverse varianti del nostro magnifico marmo, questo bowl \u00e8 un gioiello dell\u2019artigianato che aggiunge un tocco di distinzione ed eleganza a qualsiasi spazio.<\/p>\n<p>Golden Cascad Marmo &#8211; Questo straordinario marmo \u00e8 una sinfonia di contrasti, dove il nero profondo e misterioso si illumina con un balletto di venature bianche, gialle, rosse, dorate e marroni. Ogni lastra racconta una storia di arte geologica, una tela su cui la natura ha dipinto il suo design pi\u00f9 opulento.<\/p>\n<p>Sapevi che il nostro Golden Cascad Marmo non \u00e8 solo una pietra, ma una vera e propria opera d\u2019arte naturale? Questo marmo eccezionale proviene esclusivamente da una specifica regione del sud-est asiatico, dove viene estratto in quantit\u00e0 limitate, rendendo ogni pezzo una rarit\u00e0 preziosa. Le venature di giallo, bianco, caramello e marrone scorrono come fiumi di colore, creando un\u2019illusione di movimento che affascina e incanta. L\u2019interazione tra le tonalit\u00e0 dona una profondit\u00e0 tridimensionale, trasformando ogni angolazione in una nuova scoperta.<\/p>\n<p>\u00c8 come se la pietra pulsasse di vita, con i colori che danzano in una perpetua luce dorata. Queste venature vibranti creano una sensazione di movimento e profondit\u00e0, dando l\u2019impressione di una cascata dinamica e fluida. Ci\u00f2 che rende Golden Cascad davvero unico \u00e8 la sua rarit\u00e0: il fatto che venga estratto solo in un luogo specifico significa che possedere un pezzo di questo marmo equivale a possedere un frammento di storia.<\/p>\n<p>La sua esclusivit\u00e0 ci ricorda la fugacit\u00e0 della bellezza e ci invita ad apprezzare e ammirare lo splendore che la natura pu\u00f2 creare nelle circostanze pi\u00f9 straordinarie. Il Golden Cascad Marmo \u00e8 una testimonianza delle meraviglie artistiche della terra, un promemoria che le cose pi\u00f9 belle sono spesso le pi\u00f9 effimere e le pi\u00f9 uniche.<\/p>\n<p>&nbsp;<\/p>\n<p><a href=\"https:\/\/forzini.com\/it\/materiali\/\" target=\"_blank\" rel=\"noopener\">Scopri di pi\u00f9 sulla nostra collezione di marmi e onice attraverso questo link: <\/a><a href=\"https:\/\/forzini.com\/it\/materiali\/\" target=\"_blank\" rel=\"noopener\">Materiali<\/a><\/p>\n","protected":false},"excerpt":{"rendered":"<h1>Ciotola design<\/h1>\n<p>in marmo nero, \u00e8 estremamente versatile: pu\u00f2 essere utilizzata come elegante organizzatore di chiavi all\u2019ingresso, vassoio per i tuoi gioielli pi\u00f9 preziosi, portacandele che crea un\u2019atmosfera accogliente o un raffinato centrotavola in sala da pranzo. Il suo design senza tempo e minimalista garantisce che sar\u00e0 un complemento d\u2019arredo distintivo in qualsiasi ambiente, dal pi\u00f9 classico al pi\u00f9 moderno. \u00c8 la soluzione ideale per chi cerca un regalo di benvenuto per la casa o desidera sorprendere qualcuno con un pezzo unico che rester\u00e0 un ricordo prezioso per molti anni.<\/p>\n","protected":false},"featured_media":12762,"comment_status":"closed","ping_status":"closed","template":"","meta":{"_acf_changed":false,"_joinchat":[]},"product_brand":[],"product_cat":[273,382],"product_tag":[263],"class_list":{"0":"post-12767","1":"product","2":"type-product","3":"status-publish","4":"has-post-thumbnail","6":"product_cat-accessori","7":"product_cat-complementi-darredo","8":"product_tag-marmo","10":"first","11":"instock","12":"sale","13":"featured","14":"shipping-taxable","15":"purchasable","16":"product-type-simple"},"acf":[],"_links":{"self":[{"href":"https:\/\/forzini.com\/it\/wp-json\/wp\/v2\/product\/12767","targetHints":{"allow":["GET"]}}],"collection":[{"href":"https:\/\/forzini.com\/it\/wp-json\/wp\/v2\/product"}],"about":[{"href":"https:\/\/forzini.com\/it\/wp-json\/wp\/v2\/types\/product"}],"replies":[{"embeddable":true,"href":"https:\/\/forzini.com\/it\/wp-json\/wp\/v2\/comments?post=12767"}],"version-history":[{"count":1,"href":"https:\/\/forzini.com\/it\/wp-json\/wp\/v2\/product\/12767\/revisions"}],"predecessor-version":[{"id":25646,"href":"https:\/\/forzini.com\/it\/wp-json\/wp\/v2\/product\/12767\/revisions\/25646"}],"wp:featuredmedia":[{"embeddable":true,"href":"https:\/\/forzini.com\/it\/wp-json\/wp\/v2\/media\/12762"}],"wp:attachment":[{"href":"https:\/\/forzini.com\/it\/wp-json\/wp\/v2\/media?parent=12767"}],"wp:term":[{"taxonomy":"product_brand","embeddable":true,"href":"https:\/\/forzini.com\/it\/wp-json\/wp\/v2\/product_brand?post=12767"},{"taxonomy":"product_cat","embeddable":true,"href":"https:\/\/forzini.com\/it\/wp-json\/wp\/v2\/product_cat?post=12767"},{"taxonomy":"product_tag","embeddable":true,"href":"https:\/\/forzini.com\/it\/wp-json\/wp\/v2\/product_tag?post=12767"}],"curies":[{"name":"wp","href":"https:\/\/api.w.org\/{rel}","templated":true}]}}