{"id":12750,"date":"2024-10-29T23:20:25","date_gmt":"2024-10-29T22:20:25","guid":{"rendered":"https:\/\/forzini.com\/producto\/bowl-de-marmol-redondo\/"},"modified":"2025-10-05T16:08:10","modified_gmt":"2025-10-05T14:08:10","slug":"ciotola-decorativa-bianca","status":"publish","type":"product","link":"https:\/\/forzini.com\/it\/producto\/ciotola-decorativa-bianca\/","title":{"rendered":"Ciotola decorativa bianca"},"content":{"rendered":"<h2>Ciotola decorativa bianca &#8220;Bacchus W&#8221;<\/h2>\n<p>Questa ciotola decorativa bianca in marmo \u00e8 un pezzo unico e versatile che aggiunge eleganza e funzionalit\u00e0 a qualsiasi ambiente. Questo recipiente di medie dimensioni, scolpito a mano in marmo bianco di alta qualit\u00e0, si distingue per il suo design raffinato e le sue delicate venature naturali, che gli conferiscono un carattere esclusivo e sofisticato. Grazie alla sua versatilit\u00e0, il bowl pu\u00f2 essere utilizzato per molteplici scopi: come elegante centrotavola, portacandele decorativo o contenitore per piccoli oggetti, frutta o fiori secchi.<\/p>\n<p>Il marmo bianco non solo aggiunge un tocco di lusso, ma garantisce anche durata e resistenza, rendendolo un elemento decorativo ideale per l\u2019uso quotidiano o per occasioni speciali. La superficie levigata e la finitura artigianale conferiscono una texture piacevole e un aspetto raffinato, che si adatta a diversi stili di arredamento, dal minimalismo moderno allo stile classico.<\/p>\n<p>Questo bowl rotondo in marmo \u00e8 anche un\u2019ottima idea regalo, grazie al suo design senza tempo e alla qualit\u00e0 premium che lo rendono un complemento decorativo indispensabile in ogni casa. Inoltre, essendo un pezzo artigianale, ogni bowl \u00e8 unico, riflettendo la bellezza naturale del marmo e l\u2019arte della lavorazione manuale.<\/p>\n<p>Perfetto per abbellire tavoli, scaffali o piani di lavoro, questo bowl rotondo in marmo si integra perfettamente in qualsiasi ambiente, diventando il punto focale e valorizzando lo stile della decorazione.<\/p>\n<p><a href=\"https:\/\/forzini.com\/it\/materiali\/\" target=\"_blank\" rel=\"noopener\">Scopri di pi\u00f9 sulla nostra collezione di marmi e onice attraverso questo link: <\/a><a href=\"https:\/\/forzini.com\/it\/materiali\/\" target=\"_blank\" rel=\"noopener\">Materiali<\/a><\/p>\n","protected":false},"excerpt":{"rendered":"<h1>Ciotola decorativa bianca<\/h1>\n<p>in marmo naturale, \u00e8 un pezzo decorativo versatile e raffinato, ideale per la casa. Realizzato a mano in marmo bianco con delicate venature naturali, il suo design elegante \u00e8 perfetto come centrotavola, portacandele tealight o per conservare piccoli oggetti. Questa ciotola di medie dimensioni non solo si distingue per la sua bellezza, ma anche per la sua durata, rendendola una scelta pratica per l\u2019uso quotidiano o un regalo distintivo. Il suo stile senza tempo si adatta a qualsiasi arredamento, aggiungendo un tocco di sofisticazione ed esclusivit\u00e0 a qualsiasi spazio.<\/p>\n","protected":false},"featured_media":12744,"comment_status":"closed","ping_status":"closed","template":"","meta":{"_acf_changed":false,"_joinchat":[]},"product_brand":[],"product_cat":[273,382],"product_tag":[263],"class_list":{"0":"post-12750","1":"product","2":"type-product","3":"status-publish","4":"has-post-thumbnail","6":"product_cat-accessori","7":"product_cat-complementi-darredo","8":"product_tag-marmo","10":"first","11":"instock","12":"sale","13":"featured","14":"shipping-taxable","15":"purchasable","16":"product-type-simple"},"acf":[],"_links":{"self":[{"href":"https:\/\/forzini.com\/it\/wp-json\/wp\/v2\/product\/12750","targetHints":{"allow":["GET"]}}],"collection":[{"href":"https:\/\/forzini.com\/it\/wp-json\/wp\/v2\/product"}],"about":[{"href":"https:\/\/forzini.com\/it\/wp-json\/wp\/v2\/types\/product"}],"replies":[{"embeddable":true,"href":"https:\/\/forzini.com\/it\/wp-json\/wp\/v2\/comments?post=12750"}],"version-history":[{"count":0,"href":"https:\/\/forzini.com\/it\/wp-json\/wp\/v2\/product\/12750\/revisions"}],"wp:featuredmedia":[{"embeddable":true,"href":"https:\/\/forzini.com\/it\/wp-json\/wp\/v2\/media\/12744"}],"wp:attachment":[{"href":"https:\/\/forzini.com\/it\/wp-json\/wp\/v2\/media?parent=12750"}],"wp:term":[{"taxonomy":"product_brand","embeddable":true,"href":"https:\/\/forzini.com\/it\/wp-json\/wp\/v2\/product_brand?post=12750"},{"taxonomy":"product_cat","embeddable":true,"href":"https:\/\/forzini.com\/it\/wp-json\/wp\/v2\/product_cat?post=12750"},{"taxonomy":"product_tag","embeddable":true,"href":"https:\/\/forzini.com\/it\/wp-json\/wp\/v2\/product_tag?post=12750"}],"curies":[{"name":"wp","href":"https:\/\/api.w.org\/{rel}","templated":true}]}}