{"id":12682,"date":"2024-04-04T15:17:23","date_gmt":"2024-04-04T13:17:23","guid":{"rendered":"https:\/\/forzini.com\/producto\/portavelas-de-piedra-cora\/"},"modified":"2025-11-25T22:53:00","modified_gmt":"2025-11-25T21:53:00","slug":"portacandele-design-moderno-cora","status":"publish","type":"product","link":"https:\/\/forzini.com\/it\/producto\/portacandele-design-moderno-cora\/","title":{"rendered":"Portacandele design moderno Cora"},"content":{"rendered":"<h1>Portacandele design moderno &#8220;Cora&#8221;<\/h1>\n<p>Questo portacandele dal design moderno \u00e8 un&#8217;opera d&#8217;arte unica che combina magistralmente due tipi di marmo: il meraviglioso bianco e l&#8217;elegante nero. Il suo design distintivo, che unisce questi due toni contrastanti, lo rende un punto focale straordinario nella decorazione di qualsiasi casa. Ogni pezzo \u00e8 scolpito per esaltare le venature naturali del marmo, creando una sinfonia visiva che emana lusso e raffinatezza.<\/p>\n<p>Ideale come regalo speciale, questo portacandele \u00e8 perfetto per occasioni come compleanni, inaugurazioni di case o semplicemente per sorprendere una persona cara. Il suo stile bicolore non solo dona un&#8217;estetica moderna ed elegante, ma aggiunge anche un tocco di distinzione allo spazio. Immagina la calda luce di una candela riflettersi sulle superfici levigate del marmo, creando un&#8217;atmosfera accogliente e raffinata.<\/p>\n<p>Questa creazione \u00e8 un magnifico ornamento e una scultura in miniatura. La sua forma lo rende un elemento di design ideale per la decorazione naturale di case di classe, conferendo una sensazione di sofisticatezza e un ambiente lussuoso. Perfetto per qualsiasi angolo della casa, questo portacandele in marmo \u00e8 una dichiarazione di buon gusto e una celebrazione dell&#8217;arte di combinare materiali nobili.<\/p>\n<p>Snow Leopard Marmo &#8211; Colore bianco con sottili tonalit\u00e0 di grigio e venature. Questo marmo raro e distintivo viene estratto in piccole quantit\u00e0 da una regione specifica ed \u00e8 molto apprezzato per le sue venature speciali e uniformi, che creano un motivo naturale unico.<\/p>\n<p>Zebra Nero Marmo &#8211; Colore nero con evidenti venature bianche. Il suo fondo scuro funge da sfondo per un&#8217;affascinante interazione di tonalit\u00e0 beige terrose e venature bianche, che ricordano la bellezza selvaggia delle striature di una zebra. Questo marmo di grande classe e stile si distingue per la sua bellezza unica in ogni pezzo.<\/p>\n<p>Realizzato con una precisione ineguagliabile e un design innovativo, questo portacandele \u00e8 un simbolo di equilibrio e armonia. Rappresenta l&#8217;unione delle differenze, la perfetta fusione di due mondi apparentemente opposti in un&#8217;armonia perfetta. La morbidezza del marmo bianco contrasta meravigliosamente con la solidit\u00e0 del marmo nero e, insieme, formano una sinfonia visiva che cattura l&#8217;attenzione e conquista il cuore di chi lo osserva.<\/p>\n<p>Ideale per chi desidera aggiungere un tocco di raffinatezza e significato alla propria casa, questo portacandele \u00e8 una rappresentazione tangibile della bellezza che nasce dalla fusione delle differenze. La sua presenza in qualsiasi spazio infonde una sensazione di pace e serenit\u00e0, ricordandoci che nella diversit\u00e0 troviamo la vera bellezza e forza.<\/p>\n<p>&nbsp;<\/p>\n<p><a href=\"https:\/\/forzini.com\/it\/materiali\/\" target=\"_blank\" rel=\"noopener\">Scopri di pi\u00f9 sulla nostra collezione di marmi e onice attraverso questo link: <\/a><a href=\"https:\/\/forzini.com\/it\/materiali\/\" target=\"_blank\" rel=\"noopener\">Materiali<\/a><\/p>\n<p>&nbsp;<\/p>\n","protected":false},"excerpt":{"rendered":"<h2>Portacandele design moderno<\/h2>\n<p>in marmo bicolore bianco e nero \u00e8 un capolavoro di design che fonde stile e raffinatezza. La sua elegante combinazione di colori crea un contrasto visivo sorprendente, aggiungendo un tocco di calore e classe. Questo portacandele si erge come un&#8217;opera scultorea che si distingue per bellezza e artigianalit\u00e0. Ideale per decorare interni con un approccio naturale ed elegante, diventa il punto focale di qualsiasi stanza, aggiungendo un&#8217;aria di esclusivit\u00e0 e buon gusto. Perfetto per case che cercano un elemento decorativo che rifletta stile e personalit\u00e0.<\/p>\n","protected":false},"featured_media":11918,"comment_status":"closed","ping_status":"closed","template":"","meta":{"_acf_changed":false,"_joinchat":[]},"product_brand":[],"product_cat":[273,389],"product_tag":[263],"class_list":{"0":"post-12682","1":"product","2":"type-product","3":"status-publish","4":"has-post-thumbnail","6":"product_cat-accessori","7":"product_cat-oggetti-decorativi","8":"product_tag-marmo","10":"first","11":"instock","12":"sale","13":"featured","14":"shipping-taxable","15":"purchasable","16":"product-type-simple"},"acf":[],"_links":{"self":[{"href":"https:\/\/forzini.com\/it\/wp-json\/wp\/v2\/product\/12682","targetHints":{"allow":["GET"]}}],"collection":[{"href":"https:\/\/forzini.com\/it\/wp-json\/wp\/v2\/product"}],"about":[{"href":"https:\/\/forzini.com\/it\/wp-json\/wp\/v2\/types\/product"}],"replies":[{"embeddable":true,"href":"https:\/\/forzini.com\/it\/wp-json\/wp\/v2\/comments?post=12682"}],"version-history":[{"count":0,"href":"https:\/\/forzini.com\/it\/wp-json\/wp\/v2\/product\/12682\/revisions"}],"wp:featuredmedia":[{"embeddable":true,"href":"https:\/\/forzini.com\/it\/wp-json\/wp\/v2\/media\/11918"}],"wp:attachment":[{"href":"https:\/\/forzini.com\/it\/wp-json\/wp\/v2\/media?parent=12682"}],"wp:term":[{"taxonomy":"product_brand","embeddable":true,"href":"https:\/\/forzini.com\/it\/wp-json\/wp\/v2\/product_brand?post=12682"},{"taxonomy":"product_cat","embeddable":true,"href":"https:\/\/forzini.com\/it\/wp-json\/wp\/v2\/product_cat?post=12682"},{"taxonomy":"product_tag","embeddable":true,"href":"https:\/\/forzini.com\/it\/wp-json\/wp\/v2\/product_tag?post=12682"}],"curies":[{"name":"wp","href":"https:\/\/api.w.org\/{rel}","templated":true}]}}