{"id":12675,"date":"2024-04-05T10:53:04","date_gmt":"2024-04-05T08:53:04","guid":{"rendered":"https:\/\/forzini.com\/producto\/candelabro-marmol-selene\/"},"modified":"2025-08-30T16:52:31","modified_gmt":"2025-08-30T14:52:31","slug":"portacandele-di-marmo-bianco-selene","status":"publish","type":"product","link":"https:\/\/forzini.com\/it\/producto\/portacandele-di-marmo-bianco-selene\/","title":{"rendered":"Portacandele di marmo bianco \u2013 candeliere design"},"content":{"rendered":"<h2>Portacandele di marmo bianco &#8220;Selene&#8221;<\/h2>\n<p>Questo portacandele in marmo bianco \u00e8 una vera opera d&#8217;arte. Ogni pezzo \u00e8 stato meticolosamente scolpito e lucidato a mano dai nostri esperti artigiani, garantendo una qualit\u00e0 e un dettaglio incomparabili. Il marmo, con le sue venature uniche e la sua texture morbida, dona un tocco di lusso ed eleganza a qualsiasi ambiente. Il design sofisticato e senza tempo di questo candelabro lo rende un elemento decorativo che si distingue da solo.<\/p>\n<p>Il suo innovativo design a tre livelli sovrapposti \u00e8 un&#8217;idea fresca che risalta in ogni spazio, creando un&#8217;atmosfera speciale che rende la casa davvero unica. Immagina le cene illuminate dalla luce soffusa delle candele, esaltando tutta la bellezza di questo magnifico candelabro di design e creando un ambiente rilassante e piacevole.<\/p>\n<p>Questo candelabro non solo svolge la sua funzione pratica di sostenere le candele, ma aggiunge anche un senso di raffinatezza e calore all&#8217;ambiente. \u00c8 perfetto per creare un&#8217;atmosfera intima e accogliente durante cene, riunioni o occasioni speciali. Inoltre, il suo design elegante e il materiale di alta qualit\u00e0 garantiscono che sar\u00e0 un pezzo durevole e apprezzato per molti anni.<\/p>\n<p>Questo candelabro \u00e8 ideale per chi cerca una combinazione di funzionalit\u00e0 e stile ed \u00e8 un regalo perfetto per occasioni speciali, trasmettendo un messaggio di buon gusto e amore per la bellezza naturale.<\/p>\n<p><strong>Il nostro consiglio:<\/strong> Questo candelabro \u00e8 perfetto da abbinare alla nostra ciotola in marmo &#8220;<a href=\"https:\/\/forzini.com\/it\/producto\/ciotola-decorativa-bianca\/\" target=\"_blank\" rel=\"noopener\">Bacchus<\/a>&#8220;.<\/p>\n<p><strong>Snow Leopard Marmo:<\/strong> colore bianco con sottili tonalit\u00e0 di grigio e venature. Questo marmo raro e distintivo viene estratto in piccole quantit\u00e0 da una regione specifica ed \u00e8 molto apprezzato per le sue venature speciali e uniformi, che creano un motivo naturale unico.<\/p>\n<p>&nbsp;<\/p>\n<p><a href=\"https:\/\/forzini.com\/it\/materiali\/\" target=\"_blank\" rel=\"noopener\">Scopri di pi\u00f9 sulla nostra collezione di marmi e onice attraverso questo link: <\/a><a href=\"https:\/\/forzini.com\/it\/materiali\/\" target=\"_blank\" rel=\"noopener\">Materiali<\/a><\/p>\n","protected":false},"excerpt":{"rendered":"<h1>Portacandele di marmo bianco<\/h1>\n<p>con il suo distintivo design geometrico, diventa un punto focale straordinario in qualsiasi decorazione. Disponibile in un meraviglioso marmo bianco, questa pezzo offre una versatilit\u00e0 decorativa che si adatta a diversi stili e preferenze, sia che tu cerchi un&#8217;estetica minimalista o un ambiente pi\u00f9 lussuoso. \u00c8 l&#8217;alleato perfetto per esaltare lo stile unico della tua casa.<\/p>\n<h2>Dimensioni: Altezza 20 cm<\/h2>\n","protected":false},"featured_media":14829,"comment_status":"closed","ping_status":"closed","template":"","meta":{"_acf_changed":false,"_joinchat":[]},"product_brand":[],"product_cat":[273,389],"product_tag":[263],"class_list":{"0":"post-12675","1":"product","2":"type-product","3":"status-publish","4":"has-post-thumbnail","6":"product_cat-accessori","7":"product_cat-oggetti-decorativi","8":"product_tag-marmo","10":"first","11":"instock","12":"sale","13":"featured","14":"shipping-taxable","15":"purchasable","16":"product-type-simple"},"acf":[],"_links":{"self":[{"href":"https:\/\/forzini.com\/it\/wp-json\/wp\/v2\/product\/12675","targetHints":{"allow":["GET"]}}],"collection":[{"href":"https:\/\/forzini.com\/it\/wp-json\/wp\/v2\/product"}],"about":[{"href":"https:\/\/forzini.com\/it\/wp-json\/wp\/v2\/types\/product"}],"replies":[{"embeddable":true,"href":"https:\/\/forzini.com\/it\/wp-json\/wp\/v2\/comments?post=12675"}],"version-history":[{"count":0,"href":"https:\/\/forzini.com\/it\/wp-json\/wp\/v2\/product\/12675\/revisions"}],"wp:featuredmedia":[{"embeddable":true,"href":"https:\/\/forzini.com\/it\/wp-json\/wp\/v2\/media\/14829"}],"wp:attachment":[{"href":"https:\/\/forzini.com\/it\/wp-json\/wp\/v2\/media?parent=12675"}],"wp:term":[{"taxonomy":"product_brand","embeddable":true,"href":"https:\/\/forzini.com\/it\/wp-json\/wp\/v2\/product_brand?post=12675"},{"taxonomy":"product_cat","embeddable":true,"href":"https:\/\/forzini.com\/it\/wp-json\/wp\/v2\/product_cat?post=12675"},{"taxonomy":"product_tag","embeddable":true,"href":"https:\/\/forzini.com\/it\/wp-json\/wp\/v2\/product_tag?post=12675"}],"curies":[{"name":"wp","href":"https:\/\/api.w.org\/{rel}","templated":true}]}}