{"id":12617,"date":"2024-08-09T15:43:20","date_gmt":"2024-08-09T13:43:20","guid":{"rendered":"https:\/\/forzini.com\/producto\/reloj-de-pared-redondo-en-marmol-hera\/"},"modified":"2025-08-24T21:28:11","modified_gmt":"2025-08-24T19:28:11","slug":"orologio-decorativo-da-parete","status":"publish","type":"product","link":"https:\/\/forzini.com\/it\/producto\/orologio-decorativo-da-parete\/","title":{"rendered":"Orologio decorativo da parete &#8211; Orologio verde"},"content":{"rendered":"<h2 class=\"keyword-text _ngcontent-yyv-116\"><span class=\"keyword _ngcontent-yyv-116\" aria-hidden=\"false\">Orologio decorativo da parete<\/span> &#8220;Hera&#8221;<\/h2>\n<p>Questo magnifico orologio decorativo da parete realizzato in marmo onice, trasforma qualsiasi spazio con il suo stile impeccabile. Pi\u00f9 di un semplice oggetto funzionale, \u00e8 un orologio moderno che pu\u00f2 decorare il tuo salotto, sala da pranzo, cucina o aggiungere un tocco sofisticato all\u2019ufficio.<\/p>\n<p>L\u2019esecuzione artigianale impeccabile di questo orologio in onice, insieme alla selezione magistrale della pietra naturale, riflette la maestria dei nostri artigiani. La superficie levigata dell\u2019onice, con le sue venature uniche e un caleidoscopio di sottili tonalit\u00e0 verdi, rende questo grande orologio da parete rotondo un capolavoro decorativo.<\/p>\n<p>\u00c8 un pezzo di lusso che crea un\u2019atmosfera elegante, riflettendo personalit\u00e0 e buon gusto. Questo orologio da parete rotondo in marmo \u00e8 un\u2019idea regalo perfetta per qualsiasi occasione, che sia un\u2019inaugurazione di casa, un compleanno o un regalo per l\u2019ufficio. Senza dubbio, sar\u00e0 un dono memorabile e apprezzato nel tempo.<\/p>\n<p>Il nostro consiglio: Questo orologio da parete di design moderno \u00e8 perfetto da abbinare al nostro oggetto decorativo &#8220;<a href=\"https:\/\/forzini.com\/it\/producto\/sculture-in-marmo-moderne-rhea\/\" target=\"_blank\" rel=\"noopener\">Rhea<\/a>&#8221; in marmo.<\/p>\n<p>Galaxy Verde Onice<strong> &#8211; <\/strong>Uno sfondo verde chiaro, splendidamente accentuato da onde bianche, intervallate da venature color bronzo, marrone dorato terroso e rossastro. Estratto in quantit\u00e0 molto limitate, questa variet\u00e0 \u00e8 esclusiva e altamente traslucida.<\/p>\n<p>Lo sapevi? Il nostro Galaxy Verde Onice \u00e8 una meraviglia che continua a sorprendere. Abbiamo scelto questa rara variet\u00e0 di onice per le nostre collezioni non solo per la sua bellezza unica, ma anche per le sue straordinarie qualit\u00e0 che la rendono un vero tesoro.<\/p>\n<p>Nell\u2019antichit\u00e0 si credeva che l\u2019onice verde avesse propriet\u00e0 protettive e curative. Gli antichi Egizi e Greci utilizzavano questa pietra per creare amuleti e gioielli, convinti che potesse proteggere chi la indossava dalle energie negative e attirare la buona fortuna.<\/p>\n<p>Inoltre, l\u2019onice verde chiaro \u00e8 noto per la sua capacit\u00e0 di cambiare tonalit\u00e0 a seconda della luce. Sotto la luce naturale, le sue venature e colori appaiono pi\u00f9 morbidi e delicati, mentre sotto la luce artificiale i toni verdi diventano pi\u00f9 intensi e vibranti. Questa caratteristica unica rende ogni pezzo di onice verde chiaro un\u2019opera d\u2019arte dinamica e sempre in evoluzione.<\/p>\n<p>Un\u2019altra curiosit\u00e0 interessante \u00e8 che il Galaxy Verde Onice \u00e8 una delle pietre pi\u00f9 difficili da trovare in natura. La sua formazione geologica richiede condizioni specifiche di temperatura e pressione, contribuendo alla sua rarit\u00e0 ed esclusivit\u00e0. Ogni orologio da parete in Galaxy Verde Onice che offriamo \u00e8 un pezzo unico, selezionato con cura per garantire la massima qualit\u00e0 e bellezza.<\/p>\n<p><a href=\"https:\/\/forzini.com\/it\/materiali\/\" target=\"_blank\" rel=\"noopener\">Scopri di pi\u00f9 sulla nostra collezione di marmi e onice attraverso questo link: <\/a><a href=\"https:\/\/forzini.com\/it\/materiali\/\" target=\"_blank\" rel=\"noopener\">Materiali<\/a><\/p>\n","protected":false},"excerpt":{"rendered":"<h1>Orologio decorativo da parete<\/h1>\n<p>in onice, scolpito a mano, \u00e8 un pezzo eccezionale che dona uno stile impareggiabile a qualsiasi spazio. I nostri orologi da parete decorativi moderni sono scolpiti in autentico onice verde, offrendo un motivo unico e una variazione di colore che garantisce che non esistano due orologi identici. Con le sue grandi dimensioni, questo orologio decorativo da parete \u00e8 perfetto per ambienti in cui si desidera creare un punto focale d&#8217;impatto. La sua forma migliora la visibilit\u00e0 e la leggibilit\u00e0, mantenendo al contempo un&#8217;estetica raffinata. Che il tuo stile di arredamento sia moderno, tradizionale o eclettico, l&#8217;orologio da parete moderno in onice verde si abbina perfettamente a diversi interni. \u00c8 ideale per salotti, uffici o ingressi, aggiungendo un tocco di lusso ispirato alla natura.<\/p>\n<h2>Dimensioni. Diametro: 35 cm. Spessore: 2 cm.<\/h2>\n","protected":false},"featured_media":14706,"comment_status":"closed","ping_status":"closed","template":"","meta":{"_acf_changed":false,"_joinchat":[]},"product_brand":[],"product_cat":[273,389],"product_tag":[266],"class_list":{"0":"post-12617","1":"product","2":"type-product","3":"status-publish","4":"has-post-thumbnail","6":"product_cat-accessori","7":"product_cat-oggetti-decorativi","8":"product_tag-onice","10":"first","11":"instock","12":"sale","13":"featured","14":"shipping-taxable","15":"purchasable","16":"product-type-simple"},"acf":[],"_links":{"self":[{"href":"https:\/\/forzini.com\/it\/wp-json\/wp\/v2\/product\/12617","targetHints":{"allow":["GET"]}}],"collection":[{"href":"https:\/\/forzini.com\/it\/wp-json\/wp\/v2\/product"}],"about":[{"href":"https:\/\/forzini.com\/it\/wp-json\/wp\/v2\/types\/product"}],"replies":[{"embeddable":true,"href":"https:\/\/forzini.com\/it\/wp-json\/wp\/v2\/comments?post=12617"}],"version-history":[{"count":0,"href":"https:\/\/forzini.com\/it\/wp-json\/wp\/v2\/product\/12617\/revisions"}],"wp:featuredmedia":[{"embeddable":true,"href":"https:\/\/forzini.com\/it\/wp-json\/wp\/v2\/media\/14706"}],"wp:attachment":[{"href":"https:\/\/forzini.com\/it\/wp-json\/wp\/v2\/media?parent=12617"}],"wp:term":[{"taxonomy":"product_brand","embeddable":true,"href":"https:\/\/forzini.com\/it\/wp-json\/wp\/v2\/product_brand?post=12617"},{"taxonomy":"product_cat","embeddable":true,"href":"https:\/\/forzini.com\/it\/wp-json\/wp\/v2\/product_cat?post=12617"},{"taxonomy":"product_tag","embeddable":true,"href":"https:\/\/forzini.com\/it\/wp-json\/wp\/v2\/product_tag?post=12617"}],"curies":[{"name":"wp","href":"https:\/\/api.w.org\/{rel}","templated":true}]}}