{"id":12596,"date":"2024-08-09T17:44:19","date_gmt":"2024-08-09T15:44:19","guid":{"rendered":"https:\/\/forzini.com\/producto\/reloj-cuadrado-de-pared-cronus\/"},"modified":"2025-11-21T17:49:32","modified_gmt":"2025-11-21T16:49:32","slug":"orologio-da-parete-quadrato-cronus","status":"publish","type":"product","link":"https:\/\/forzini.com\/it\/producto\/orologio-da-parete-quadrato-cronus\/","title":{"rendered":"Orologio da parete quadrato Cronus"},"content":{"rendered":"<h1>O<span class=\"keyword _ngcontent-vnc-115\" aria-hidden=\"false\">rologio da parete quadrato<\/span> &#8220;Cronus&#8221;<\/h1>\n<p>Il nostro elegante orologio da parete quadrato scolpito a mano in prezioso e autentico onice, \u00e8 una perfetta fusione tra funzionalit\u00e0 e arte, che aggiunge un tocco di raffinatezza alla tua casa o ufficio. Ogni grande orologio da parete quadrato \u00e8 realizzato in onice con un motivo unico e variazioni di colore che garantiscono l&#8217;esclusivit\u00e0 di ogni pezzo.<\/p>\n<p>Il design quadrato di questo orologio da parete \u00e8 ideale per chi cerca un punto focale distintivo nella propria decorazione. La sua forma geometrica non solo migliora la visibilit\u00e0 e la leggibilit\u00e0, ma aggiunge anche un tocco moderno e raffinato. La superficie levigata dell&#8217;onice, con le sue venature uniche e un caleidoscopio di tonalit\u00e0 sottili, rende questo orologio da parete di design moderno un vero gioiello decorativo.<\/p>\n<p>Perfetto per qualsiasi stile di arredamento, sia minimalista, rustico o moderno, questo orologio quadrato si abbina perfettamente a qualsiasi interno. \u00c8 ideale per essere posizionato sulla parete del tuo salotto, cucina, ufficio, palestra, ingresso o qualsiasi spazio in cui desideri aggiungere un elemento elegante che si distingua per la sua bellezza. Questo elemento decorativo di lusso crea un&#8217;atmosfera sofisticata e riflette personalit\u00e0 e buon gusto.<\/p>\n<p>Inoltre, questo orologio da parete quadrato \u00e8 un&#8217;ottima idea regalo per qualsiasi occasione, che sia un&#8217;inaugurazione di casa, un compleanno o un regalo aziendale. Il suo aspetto raffinato e la sua esclusivit\u00e0 lo rendono un dono memorabile, destinato a essere apprezzato nel tempo e a rendere ogni momento unico.<\/p>\n<p><strong>Il nostro consiglio: <\/strong>Questo originale orologio da parete \u00e8 perfetto da abbinare al nostro <strong>candelabro in marmo &#8220;Selene&#8221;<\/strong>.<\/p>\n<p>Onice Marrone Toffee &#8211; Questa straordinaria pietra presenta una sorprendente variet\u00e0 di tonalit\u00e0, che spaziano dal marrone scuro al chiaro, passando per il moka, il cioccolato fondente e il bianco, mescolati con sfumature di verde e tocchi di giallo dorato. Tutti questi colori formano affascinanti motivi di venature sulla sua superficie. Sebbene questa variet\u00e0 possa essere meno traslucida a causa delle sue vivaci sfumature, vanta un colore unico, espressivo e accattivante, che arricchisce gli spazi interni con lo splendore che solo l&#8217;autentico onice pu\u00f2 offrire.<\/p>\n<p>Lo sapevi? L&#8217;onice marrone toffee \u00e8 una delle pietre pi\u00f9 affascinanti e rare al mondo. Il suo nome deriva dalle sue calde tonalit\u00e0 marroni e dalle venature che ricordano il delizioso caramello toffee. Una delle curiosit\u00e0 pi\u00f9 interessanti sull&#8217;onice marrone toffee \u00e8 il suo utilizzo nell&#8217;architettura antica. Nell&#8217;antica Persia, questa pietra era molto apprezzata e veniva utilizzata per decorare palazzi e templi. Gli artigiani persiani ne amavano la resistenza e la capacit\u00e0 di essere lucidata fino a ottenere una brillantezza spettacolare.<\/p>\n<p>Ancora oggi, alcuni di questi antichi edifici conservano dettagli in onice, testimonianza della durabilit\u00e0 e bellezza di questa pietra. Un&#8217;altra curiosit\u00e0 \u00e8 che l&#8217;onice marrone toffee \u00e8 noto per la sua capacit\u00e0 di cambiare aspetto in modo unico sotto diverse fonti di luce. Sotto la luce naturale, le sue tonalit\u00e0 marroni e le venature caramellate si ammorbidiscono, mentre sotto la luce artificiale i colori si intensificano, mostrando sfumature rossastre e cognac che creano uno spettacolo visivo straordinario.<\/p>\n<p>Questa caratteristica rende ogni pezzo di onice marrone toffee altamente decorativo, con un&#8217;aria sofisticata e una personalit\u00e0 unica che sorprende sempre, aggiungendo un tocco di mistero e fascino a qualsiasi spazio. Inoltre, l&#8217;onice marrone toffee ha una connessione speciale con l&#8217;energia della terra. Si ritiene che questa pietra possa aiutare a bilanciare le energie e a fornire una sensazione di stabilit\u00e0 e sicurezza. Nella pratica del feng shui, viene utilizzata per attrarre energie positive e creare un ambiente armonioso in casa.<\/p>\n<p>&nbsp;<\/p>\n<p><a href=\"https:\/\/forzini.com\/it\/materiali\/\" target=\"_blank\" rel=\"noopener\">Scopri di pi\u00f9 sulla nostra collezione di marmi e onice attraverso questo link: <\/a><a href=\"https:\/\/forzini.com\/it\/materiali\/\" target=\"_blank\" rel=\"noopener\">Materiali<\/a><\/p>\n","protected":false},"excerpt":{"rendered":"<h2>Orologio da parete quadrato<\/h2>\n<p>in onice, scolpito a mano, di grandi dimensioni 50 cm, cattura l&#8217;attenzione ed \u00e8 al contempo funzionale. I nostri orologi da parete originali e moderni sono realizzati a mano in onice naturale, con venature e motivi assolutamente unici. Le grandi dimensioni di questo orologio da parete quadrato lo rendono ideale per spazi che necessitano di un punto focale elegante e dal carattere definito. La sua forma migliora la visibilit\u00e0 e la leggibilit\u00e0, mantenendo un&#8217;estetica minimalista. Per chi cerca un regalo speciale e memorabile, questo orologio in onice \u00e8 un&#8217;ottima scelta. Il suo design esclusivo e la sua raffinatezza lo rendono un dono che sar\u00e0 apprezzato e ammirato per molti anni.<\/p>\n","protected":false},"featured_media":14763,"comment_status":"closed","ping_status":"closed","template":"","meta":{"_acf_changed":false,"_joinchat":[]},"product_brand":[],"product_cat":[273,389],"product_tag":[266],"class_list":{"0":"post-12596","1":"product","2":"type-product","3":"status-publish","4":"has-post-thumbnail","6":"product_cat-accessori","7":"product_cat-oggetti-decorativi","8":"product_tag-onice","10":"first","11":"instock","12":"sale","13":"featured","14":"shipping-taxable","15":"purchasable","16":"product-type-simple"},"acf":[],"_links":{"self":[{"href":"https:\/\/forzini.com\/it\/wp-json\/wp\/v2\/product\/12596","targetHints":{"allow":["GET"]}}],"collection":[{"href":"https:\/\/forzini.com\/it\/wp-json\/wp\/v2\/product"}],"about":[{"href":"https:\/\/forzini.com\/it\/wp-json\/wp\/v2\/types\/product"}],"replies":[{"embeddable":true,"href":"https:\/\/forzini.com\/it\/wp-json\/wp\/v2\/comments?post=12596"}],"version-history":[{"count":0,"href":"https:\/\/forzini.com\/it\/wp-json\/wp\/v2\/product\/12596\/revisions"}],"wp:featuredmedia":[{"embeddable":true,"href":"https:\/\/forzini.com\/it\/wp-json\/wp\/v2\/media\/14763"}],"wp:attachment":[{"href":"https:\/\/forzini.com\/it\/wp-json\/wp\/v2\/media?parent=12596"}],"wp:term":[{"taxonomy":"product_brand","embeddable":true,"href":"https:\/\/forzini.com\/it\/wp-json\/wp\/v2\/product_brand?post=12596"},{"taxonomy":"product_cat","embeddable":true,"href":"https:\/\/forzini.com\/it\/wp-json\/wp\/v2\/product_cat?post=12596"},{"taxonomy":"product_tag","embeddable":true,"href":"https:\/\/forzini.com\/it\/wp-json\/wp\/v2\/product_tag?post=12596"}],"curies":[{"name":"wp","href":"https:\/\/api.w.org\/{rel}","templated":true}]}}