{"id":12570,"date":"2024-11-10T13:42:34","date_gmt":"2024-11-10T12:42:34","guid":{"rendered":"https:\/\/forzini.com\/producto\/reloj-de-pared-de-onix\/"},"modified":"2025-08-26T08:49:04","modified_gmt":"2025-08-26T06:49:04","slug":"orologio-da-parete-rotondo-moderno","status":"publish","type":"product","link":"https:\/\/forzini.com\/it\/producto\/orologio-da-parete-rotondo-moderno\/","title":{"rendered":"Orologio da parete rotondo moderno"},"content":{"rendered":"<h2>Orologio da parete rotondo moderno &#8220;Hera B&#8221;<\/h2>\n<p>Questo straordinario orologio da parete rotondo moderno in onice \u00e8 la perfetta combinazione di bellezza naturale e design moderno, ideale per aggiungere distinzione agli interni dal design contemporaneo. Ogni orologio \u00e8 unico, con venature naturali e variazioni di colore che lo rendono un pezzo decorativo sorprendente. La forma rotonda di questo orologio si adatta perfettamente agli spazi minimalisti e contemporanei, creando un punto focale accattivante su qualsiasi parete.<\/p>\n<p>La superficie liscia e la finitura raffinata dell&#8217;onice aggiungono un tocco di lusso, mentre le tonalit\u00e0 calde e terrose trasmettono una sensazione di calma e bellezza naturale alla tua casa. Questo orologio da parete in onice non \u00e8 solo un accessorio funzionale, ma anche un&#8217;opera d&#8217;arte che valorizza l&#8217;atmosfera di salotti, uffici o camere da letto. Il suo movimento al quarzo silenzioso e di alta qualit\u00e0 garantisce un cronometraggio preciso senza il fastidio del ticchettio, permettendoti di aggiungere stile senza compromettere la serenit\u00e0 del tuo spazio.<\/p>\n<p>Perfetto per chi apprezza la decorazione unica e naturale, questo orologio da parete in onice \u00e8 un regalo eccellente per un&#8217;inaugurazione di casa o per occasioni speciali. Il suo design senza tempo e la sua eleganza naturale lo rendono un accessorio indispensabile per chi desidera elevare la propria casa con un tocco di raffinatezza.<\/p>\n<p>Il nostro consiglio: Questo orologio da parete dal design moderno \u00e8 perfetto da abbinare al nostro oggetto decorativo a catena in marmo &#8220;<a href=\"https:\/\/forzini.com\/it\/producto\/sculture-in-marmo-moderne-rhea\/\" target=\"_blank\" rel=\"noopener\">Rhea<\/a>&#8220;.<\/p>\n<p><strong>Onice Marrone Toffee &#8211; <\/strong>Questa pietra straordinaria presenta una sorprendente variet\u00e0 di tonalit\u00e0, che spaziano dal marrone scuro al chiaro, passando per il moka, il cioccolato fondente e il bianco, mescolati con sfumature di verde e tocchi di giallo dorato. Tutti questi colori formano affascinanti motivi di venature sulla sua superficie. Sebbene questa variet\u00e0 possa essere meno traslucida a causa delle sue vivaci sfumature, vanta un colore unico, espressivo e accattivante, che arricchisce gli spazi interni con lo splendore che solo l&#8217;autentico onice pu\u00f2 offrire.<\/p>\n<p>&nbsp;<\/p>\n<p><a href=\"https:\/\/forzini.com\/it\/materiali\/\" target=\"_blank\" rel=\"noopener\">Scopri di pi\u00f9 sulla nostra collezione di marmi e onice attraverso questo link: <\/a><a href=\"https:\/\/forzini.com\/it\/materiali\/\" target=\"_blank\" rel=\"noopener\">Materiali<\/a><\/p>\n","protected":false},"excerpt":{"rendered":"<h1>Orologio da parete rotondo moderno<\/h1>\n<p>in onice marrone, questo orologio da parete \u00d8 35 cm combina bellezza naturale con un design elegante e moderno. Le sue venature uniche e tonalit\u00e0 terrose lo rendono un pezzo d&#8217;accento perfetto per interni contemporanei, aggiungendo funzionalit\u00e0 e stile a qualsiasi stanza.<\/p>\n<h2>Dimensioni: Diametro 35 cm<\/h2>\n","protected":false},"featured_media":14735,"comment_status":"closed","ping_status":"closed","template":"","meta":{"_acf_changed":false,"_joinchat":[]},"product_brand":[],"product_cat":[273,389],"product_tag":[266],"class_list":{"0":"post-12570","1":"product","2":"type-product","3":"status-publish","4":"has-post-thumbnail","6":"product_cat-accessori","7":"product_cat-oggetti-decorativi","8":"product_tag-onice","10":"first","11":"instock","12":"sale","13":"featured","14":"shipping-taxable","15":"purchasable","16":"product-type-simple"},"acf":[],"_links":{"self":[{"href":"https:\/\/forzini.com\/it\/wp-json\/wp\/v2\/product\/12570","targetHints":{"allow":["GET"]}}],"collection":[{"href":"https:\/\/forzini.com\/it\/wp-json\/wp\/v2\/product"}],"about":[{"href":"https:\/\/forzini.com\/it\/wp-json\/wp\/v2\/types\/product"}],"replies":[{"embeddable":true,"href":"https:\/\/forzini.com\/it\/wp-json\/wp\/v2\/comments?post=12570"}],"version-history":[{"count":0,"href":"https:\/\/forzini.com\/it\/wp-json\/wp\/v2\/product\/12570\/revisions"}],"wp:featuredmedia":[{"embeddable":true,"href":"https:\/\/forzini.com\/it\/wp-json\/wp\/v2\/media\/14735"}],"wp:attachment":[{"href":"https:\/\/forzini.com\/it\/wp-json\/wp\/v2\/media?parent=12570"}],"wp:term":[{"taxonomy":"product_brand","embeddable":true,"href":"https:\/\/forzini.com\/it\/wp-json\/wp\/v2\/product_brand?post=12570"},{"taxonomy":"product_cat","embeddable":true,"href":"https:\/\/forzini.com\/it\/wp-json\/wp\/v2\/product_cat?post=12570"},{"taxonomy":"product_tag","embeddable":true,"href":"https:\/\/forzini.com\/it\/wp-json\/wp\/v2\/product_tag?post=12570"}],"curies":[{"name":"wp","href":"https:\/\/api.w.org\/{rel}","templated":true}]}}