{"id":12530,"date":"2024-11-11T09:25:13","date_gmt":"2024-11-11T08:25:13","guid":{"rendered":"https:\/\/forzini.com\/producto\/reloj-de-pared-grande\/"},"modified":"2025-08-26T23:36:13","modified_gmt":"2025-08-26T21:36:13","slug":"orologio-da-parete-in-marmo","status":"publish","type":"product","link":"https:\/\/forzini.com\/it\/producto\/orologio-da-parete-in-marmo\/","title":{"rendered":"Orologio da parete in marmo \u2013 Design minimal"},"content":{"rendered":"<h2>O<span class=\"keyword _ngcontent-vnc-115\" aria-hidden=\"false\">rologio da parete in marmo<\/span> &#8220;Cronus L&#8221;<\/h2>\n<p>Questo squisito orologio da parete in marmo onice \u00e8 un pezzo unico per gli amanti della decorazione minimalista e lussuosa. Realizzato a mano in onice verde chiaro con leggere e sottili variazioni, ogni orologio presenta venature naturali e tonalit\u00e0 delicate che aggiungono un tocco di eleganza a qualsiasi ambiente.<\/p>\n<p>La sua forma quadrata e le linee eleganti lo rendono ideale per spazi contemporanei, aggiungendo sofisticazione senza appesantire l&#8217;arredamento.<\/p>\n<p>La pietra di onice verde chiaro, con i suoi morbidi motivi e sfumature di colore, crea un effetto calmante, rendendo questo orologio da parete in marmo perfetto per salotti, camere da letto, uffici o ingressi. Il design minimalista dell&#8217;orologio esalta la bellezza naturale della pietra, permettendogli di funzionare sia come orologio che come opera d&#8217;arte.<\/p>\n<p>Dotato di un movimento al quarzo silenzioso e di alta qualit\u00e0, questo orologio da parete in marmo garantisce un cronometraggio preciso senza rumori, creando un&#8217;atmosfera serena nel tuo spazio. La combinazione di forma quadrata, stile discreto e finitura esclusiva in onice verde rende questo orologio un regalo ideale per chi apprezza l&#8217;arredamento elegante e moderno.<\/p>\n<p>Un complemento davvero senza tempo, questo orologio valorizza qualsiasi interno con un lusso sottile che solo la pietra naturale pu\u00f2 offrire.<\/p>\n<p><strong>Il nostro consiglio:<\/strong> Questo <strong>orologio da parete originale<\/strong> si abbina perfettamente al nostro <strong>candelabro in marmo &#8220;<\/strong><a href=\"https:\/\/forzini.com\/it\/producto\/portacandele-di-marmo-bianco-selene\/\" target=\"_blank\" rel=\"noopener\">Selene<\/a><strong>&#8220;<\/strong>.<\/p>\n<p>Galaxy Verde Onice: Uno sfondo verde chiaro, splendidamente accentuato da onde bianche, intervallate da venature color bronzo, marrone dorato terroso e rossastro. Estratta in quantit\u00e0 molto limitate, questa variet\u00e0 \u00e8 esclusiva e caratterizzata da un&#8217;onice altamente traslucido.<\/p>\n<p><a href=\"https:\/\/forzini.com\/it\/materiali\/\" target=\"_blank\" rel=\"noopener\">Scopri di pi\u00f9 sulla nostra collezione di marmi e onice attraverso questo link: <\/a><a href=\"https:\/\/forzini.com\/it\/materiali\/\" target=\"_blank\" rel=\"noopener\">Materiali<\/a><\/p>\n","protected":false},"excerpt":{"rendered":"<h1><span class=\"keyword _ngcontent-vnc-115\" aria-hidden=\"false\">Orologio da parete in marmo<\/span><\/h1>\n<p>Questo esclusivo orologio da parete in marmo onice verde offre un raffinato design minimalista. Le sue venature naturali e le tonalit\u00e0 chiare lo rendono l&#8217;accento perfetto per gli spazi contemporanei, combinando funzionalit\u00e0 ed eleganza discreta.<\/p>\n<h2>Dimensioni: 50&#215;50 cm<\/h2>\n","protected":false},"featured_media":14788,"comment_status":"closed","ping_status":"closed","template":"","meta":{"_acf_changed":false,"_joinchat":[]},"product_brand":[],"product_cat":[273,389],"product_tag":[266],"class_list":{"0":"post-12530","1":"product","2":"type-product","3":"status-publish","4":"has-post-thumbnail","6":"product_cat-accessori","7":"product_cat-oggetti-decorativi","8":"product_tag-onice","10":"first","11":"instock","12":"sale","13":"featured","14":"shipping-taxable","15":"purchasable","16":"product-type-simple"},"acf":[],"_links":{"self":[{"href":"https:\/\/forzini.com\/it\/wp-json\/wp\/v2\/product\/12530","targetHints":{"allow":["GET"]}}],"collection":[{"href":"https:\/\/forzini.com\/it\/wp-json\/wp\/v2\/product"}],"about":[{"href":"https:\/\/forzini.com\/it\/wp-json\/wp\/v2\/types\/product"}],"replies":[{"embeddable":true,"href":"https:\/\/forzini.com\/it\/wp-json\/wp\/v2\/comments?post=12530"}],"version-history":[{"count":0,"href":"https:\/\/forzini.com\/it\/wp-json\/wp\/v2\/product\/12530\/revisions"}],"wp:featuredmedia":[{"embeddable":true,"href":"https:\/\/forzini.com\/it\/wp-json\/wp\/v2\/media\/14788"}],"wp:attachment":[{"href":"https:\/\/forzini.com\/it\/wp-json\/wp\/v2\/media?parent=12530"}],"wp:term":[{"taxonomy":"product_brand","embeddable":true,"href":"https:\/\/forzini.com\/it\/wp-json\/wp\/v2\/product_brand?post=12530"},{"taxonomy":"product_cat","embeddable":true,"href":"https:\/\/forzini.com\/it\/wp-json\/wp\/v2\/product_cat?post=12530"},{"taxonomy":"product_tag","embeddable":true,"href":"https:\/\/forzini.com\/it\/wp-json\/wp\/v2\/product_tag?post=12530"}],"curies":[{"name":"wp","href":"https:\/\/api.w.org\/{rel}","templated":true}]}}