{"id":12526,"date":"2024-07-05T13:06:57","date_gmt":"2024-07-05T11:06:57","guid":{"rendered":"https:\/\/forzini.com\/producto\/mancuernas-de-marmol-apolo-s\/"},"modified":"2025-08-10T23:51:27","modified_gmt":"2025-08-10T21:51:27","slug":"manubri-set-da-1-kg","status":"publish","type":"product","link":"https:\/\/forzini.com\/it\/producto\/manubri-set-da-1-kg\/","title":{"rendered":"Manubri set da 1 kg &#8211; Accessori sportivi di design"},"content":{"rendered":"<h2>Manubri set da 1 kg &#8220;Apolo&#8221;<\/h2>\n<p>Questi <strong>manubri da 1 kg in marmo bianco<\/strong> dal design originale e innovativo sono un complemento perfetto per la palestra domestica. Ogni anno vengono realizzati a mano solo pochi esemplari, rendendoli pezzi davvero unici. Con le loro forme morbide ed ergonomiche, questi manubri aggiungono un tocco di singolarit\u00e0 e classe a qualsiasi ambiente.<\/p>\n<p>Le linee estetiche e il design speciale li fanno risaltare. Le curve delicate e i contorni raffinati non solo sono piacevoli alla vista, ma offrono anche un\u2019esperienza tattile gratificante. Il marmo utilizzato per la loro creazione \u00e8 di una bellezza eccezionale: marmo bianco con eleganti venature grigie. Ogni manubrio pesa 1 kg e questo set rappresenta un regalo magnifico per chi ama lo sport e desidera qualcosa di esclusivo, lussuoso e fuori dal comune per la propria area fitness.<\/p>\n<p>Il loro design elegante e il pregiato marmo impiegato nella lavorazione li rendono un vero oggetto di conversazione e un elemento decorativo che impreziosisce qualsiasi spazio. Ogni dettaglio \u00e8 stato accuratamente scolpito a mano per unire estetica e funzionalit\u00e0, rendendo questi manubri in marmo un pezzo davvero eccezionale.<\/p>\n<p><strong>Il nostro consiglio:<\/strong> Questi manubri in marmo si abbinano perfettamente al nostro kettlebell in marmo \u201c<a href=\"https:\/\/forzini.com\/it\/producto\/kettlebell-de-marmol-virtus-s\/\" target=\"_blank\" rel=\"noopener\">Virtus S<\/a>\u201d.<\/p>\n<p><strong>Marmo Snow Leopardo<\/strong> \u2013 colore bianco con sottili sfumature grigie e venature eleganti. Questo marmo raro e distintivo viene estratto in quantit\u00e0 limitate da una regione specifica. \u00c8 molto apprezzato per le sue venature uniformi e particolari che creano un disegno dall\u2019aspetto animale.<\/p>\n<p>Ispirati dalla connessione tra corpo, mente e ambiente, abbiamo elevato la percezione della bellezza in ogni dettaglio. Nel nostro impegno a fondere la funzionalit\u00e0 dei manubri con la loro estetica, abbiamo creato un design unico per i nostri manubri in marmo. Ogni pezzo combina linee morbide, un\u2019ergonomia eccezionale e la bellezza senza tempo del marmo, un materiale amato per la sua eleganza e il suo stile.<\/p>\n<p>Ogni manubrio viene scolpito a mano con meticolosit\u00e0, garantendo una perfezione unica in ogni linea e curva. Questo processo artigianale ci consente di produrre solo pochi set all\u2019anno, assicurando che ogni coppia sia davvero irripetibile. Il marmo straordinario che utilizziamo nelle nostre collezioni garantisce ai nostri clienti un\u2019esclusivit\u00e0 distintiva: <strong>non esistono due set identici<\/strong>.<\/p>\n<p>&nbsp;<\/p>\n<p><a href=\"https:\/\/forzini.com\/it\/materiali\/\" target=\"_blank\" rel=\"noopener\">Scopri di pi\u00f9 sulla nostra collezione di marmi e onice attraverso questo link: <\/a><a href=\"https:\/\/forzini.com\/it\/materiali\/\" target=\"_blank\" rel=\"noopener\">Materiali<\/a><\/p>\n","protected":false},"excerpt":{"rendered":"<h1>Manubri set da 1 kg<\/h1>\n<p>in marmo, rappresentano la massima espressione di esclusivit\u00e0 e artigianalit\u00e0. Ogni anno vengono prodotte a mano solo poche unit\u00e0, rendendole pezzi davvero unici. Con le loro forme morbide ed ergonomiche, questi manubri offrono comfort e aggiungono un tocco di eleganza alla palestra. Ogni dettaglio \u00e8 stato accuratamente realizzato per unire estetica e funzionalit\u00e0, trasformando questi manubri in marmo in un&#8217;autentica opera d&#8217;arte.<\/p>\n","protected":false},"featured_media":14357,"comment_status":"closed","ping_status":"closed","template":"","meta":{"_acf_changed":false,"_joinchat":[]},"product_brand":[],"product_cat":[273,367],"product_tag":[263],"class_list":{"0":"post-12526","1":"product","2":"type-product","3":"status-publish","4":"has-post-thumbnail","6":"product_cat-accessori","7":"product_cat-accessori-allenamento","8":"product_tag-marmo","10":"first","11":"instock","12":"sale","13":"featured","14":"shipping-taxable","15":"purchasable","16":"product-type-simple"},"acf":[],"_links":{"self":[{"href":"https:\/\/forzini.com\/it\/wp-json\/wp\/v2\/product\/12526","targetHints":{"allow":["GET"]}}],"collection":[{"href":"https:\/\/forzini.com\/it\/wp-json\/wp\/v2\/product"}],"about":[{"href":"https:\/\/forzini.com\/it\/wp-json\/wp\/v2\/types\/product"}],"replies":[{"embeddable":true,"href":"https:\/\/forzini.com\/it\/wp-json\/wp\/v2\/comments?post=12526"}],"version-history":[{"count":0,"href":"https:\/\/forzini.com\/it\/wp-json\/wp\/v2\/product\/12526\/revisions"}],"wp:featuredmedia":[{"embeddable":true,"href":"https:\/\/forzini.com\/it\/wp-json\/wp\/v2\/media\/14357"}],"wp:attachment":[{"href":"https:\/\/forzini.com\/it\/wp-json\/wp\/v2\/media?parent=12526"}],"wp:term":[{"taxonomy":"product_brand","embeddable":true,"href":"https:\/\/forzini.com\/it\/wp-json\/wp\/v2\/product_brand?post=12526"},{"taxonomy":"product_cat","embeddable":true,"href":"https:\/\/forzini.com\/it\/wp-json\/wp\/v2\/product_cat?post=12526"},{"taxonomy":"product_tag","embeddable":true,"href":"https:\/\/forzini.com\/it\/wp-json\/wp\/v2\/product_tag?post=12526"}],"curies":[{"name":"wp","href":"https:\/\/api.w.org\/{rel}","templated":true}]}}