{"id":12509,"date":"2024-07-05T13:56:02","date_gmt":"2024-07-05T11:56:02","guid":{"rendered":"https:\/\/forzini.com\/producto\/set-mancuernas-de-marmol-apolo-medianas\/"},"modified":"2025-05-09T20:57:41","modified_gmt":"2025-05-09T18:57:41","slug":"manubri-per-donna-2-kg","status":"publish","type":"product","link":"https:\/\/forzini.com\/it\/producto\/manubri-per-donna-2-kg\/","title":{"rendered":"Manubri per donna 2 kg"},"content":{"rendered":"<h1>Manubri per donna 2 kg &#8220;Apolo&#8221;<\/h1>\n<p>Questi manubri per donna (2 kg) rappresentano il massimo dell&#8217;esclusivit\u00e0 e del design artigianale. Ogni anno vengono prodotti a mano solo pochi esemplari, rendendoli pezzi davvero unici. Le forme morbide ed ergonomiche di questi manubri donano un&#8217;estetica raffinata e sofisticata a qualsiasi ambiente.<\/p>\n<p>Questi manubri si distinguono per le loro forme eleganti, progettate per offrire comfort e bellezza. Disponibili in marmo nero con venature bianche, ogni manubrio \u00e8 un&#8217;opera d&#8217;arte unica che riflette l&#8217;eleganza senza tempo del marmo naturale. Con un peso di 2 kg per manubrio, questo set non \u00e8 solo funzionale, ma diventa anche un elemento decorativo che valorizza qualsiasi spazio, sia in una palestra di lusso che in un salotto moderno.<\/p>\n<p>Ogni dettaglio di questi pesi \u00e8 stato accuratamente realizzato per unire estetica e praticit\u00e0, rendendoli il regalo perfetto per gli amanti del fitness e del design.<\/p>\n<p><strong>Il nostro consiglio:<\/strong> Questo <strong>set di manubri in marmo<\/strong> si abbina perfettamente al nostro <strong>kettlebell premium &#8220;Virtus M&#8221;<\/strong>.<\/p>\n<p>Jet Black Marmo: Si distingue per il suo profondo colore nero, accentuato da lucenti venature bianche che attraversano la superficie scura. Questo contrasto sorprendente conferisce una sensazione di eleganza classica e cattura ogni sguardo.<\/p>\n<p>Sapevi che i nostri manubri in marmo hanno un design eccezionalmente unico? Ci ispiriamo alla perfetta armonia tra estetica e funzionalit\u00e0, credendo fermamente che la bellezza degli oggetti possa influenzare positivamente il nostro benessere.<\/p>\n<p>Per noi, l&#8217;allenamento non \u00e8 solo uno sforzo fisico, ma anche un&#8217;esperienza visiva piacevole. Abbiamo creato questi manubri con l&#8217;intento di sorprendere e affascinare i nostri clienti.<\/p>\n<p>Ogni pezzo \u00e8 una fusione di design innovativo e marmo di alta qualit\u00e0, un materiale affascinante e apprezzato per la sua naturale eleganza. Ogni manubrio in marmo \u00e8 un&#8217;opera d&#8217;arte, meticolosamente lavorata per offrire un&#8217;esperienza ergonomica e estetica.<\/p>\n<p>Il marmo eccezionale e raro che utilizziamo viene estratto in piccole quantit\u00e0 da una regione montuosa dell&#8217;Asia meridionale. La bellezza del marmo bianco Snow Leopard \u00e8 un&#8217;ode alla maestosit\u00e0 della natura, mentre il Jet Black, con il suo colore intenso e le linee bianche che attraversano la superficie, rappresenta forza e carattere.<\/p>\n<p>&nbsp;<\/p>\n<p><a href=\"https:\/\/forzini.com\/it\/materiali\/\" target=\"_blank\" rel=\"noopener\">Scopri di pi\u00f9 sulla nostra collezione di marmi e onice attraverso questo link: <\/a><a href=\"https:\/\/forzini.com\/it\/materiali\/\" target=\"_blank\" rel=\"noopener\">Materiali<\/a><\/p>\n","protected":false},"excerpt":{"rendered":"<h2>Manubri per donna 2 kg<\/h2>\n<p>Realizzati in marmo, sinonimo di lusso e funzionalit\u00e0, ideali per palestre di alta gamma e per gli appassionati di fitness che apprezzano il design sofisticato. Scolpiti a mano in quantit\u00e0 limitate ogni anno, questi pesi esclusivi si distinguono per la loro estetica impeccabile, funzionalit\u00e0 e originalit\u00e0.<\/p>\n","protected":false},"featured_media":12504,"comment_status":"closed","ping_status":"closed","template":"","meta":{"_acf_changed":false,"_joinchat":[]},"product_brand":[],"product_cat":[273,367],"product_tag":[263],"class_list":{"0":"post-12509","1":"product","2":"type-product","3":"status-publish","4":"has-post-thumbnail","6":"product_cat-accessori","7":"product_cat-accessori-allenamento","8":"product_tag-marmo","10":"first","11":"instock","12":"sale","13":"featured","14":"shipping-taxable","15":"purchasable","16":"product-type-simple"},"acf":[],"_links":{"self":[{"href":"https:\/\/forzini.com\/it\/wp-json\/wp\/v2\/product\/12509","targetHints":{"allow":["GET"]}}],"collection":[{"href":"https:\/\/forzini.com\/it\/wp-json\/wp\/v2\/product"}],"about":[{"href":"https:\/\/forzini.com\/it\/wp-json\/wp\/v2\/types\/product"}],"replies":[{"embeddable":true,"href":"https:\/\/forzini.com\/it\/wp-json\/wp\/v2\/comments?post=12509"}],"version-history":[{"count":0,"href":"https:\/\/forzini.com\/it\/wp-json\/wp\/v2\/product\/12509\/revisions"}],"wp:featuredmedia":[{"embeddable":true,"href":"https:\/\/forzini.com\/it\/wp-json\/wp\/v2\/media\/12504"}],"wp:attachment":[{"href":"https:\/\/forzini.com\/it\/wp-json\/wp\/v2\/media?parent=12509"}],"wp:term":[{"taxonomy":"product_brand","embeddable":true,"href":"https:\/\/forzini.com\/it\/wp-json\/wp\/v2\/product_brand?post=12509"},{"taxonomy":"product_cat","embeddable":true,"href":"https:\/\/forzini.com\/it\/wp-json\/wp\/v2\/product_cat?post=12509"},{"taxonomy":"product_tag","embeddable":true,"href":"https:\/\/forzini.com\/it\/wp-json\/wp\/v2\/product_tag?post=12509"}],"curies":[{"name":"wp","href":"https:\/\/api.w.org\/{rel}","templated":true}]}}