{"id":12484,"date":"2025-03-23T17:34:30","date_gmt":"2025-03-23T16:34:30","guid":{"rendered":"https:\/\/forzini.com\/producto\/pesas-decorativas-s\/"},"modified":"2025-08-14T17:54:01","modified_gmt":"2025-08-14T15:54:01","slug":"set-manubri-palestra-1-kg","status":"publish","type":"product","link":"https:\/\/forzini.com\/it\/producto\/set-manubri-palestra-1-kg\/","title":{"rendered":"Set manubri palestra 1 kg &#8211; Pesi per principianti"},"content":{"rendered":"<h1>Set manubri palestra 1 kg &#8220;Apolo&#8221;<\/h1>\n<p>Questo set di manubri da palestra 1 kg in marmo, dal design originale e innovativo, \u00e8 il complemento perfetto per la palestra. Ogni anno vengono prodotti a mano solo pochi esemplari, rendendoli pezzi davvero unici. Con le loro forme morbide ed ergonomiche, questi pesi decorativi aggiungono un tocco di unicit\u00e0 e classe a qualsiasi ambiente.<\/p>\n<p>Le linee estetiche e il design speciale di questi manubri li fanno risaltare. Le curve morbide e i contorni raffinati non solo sono piacevoli alla vista, ma offrono anche un&#8217;esperienza tattile appagante. Il marmo utilizzato nella loro produzione \u00e8 di straordinaria bellezza: Jet Negro Marmo, caratterizzato da un profondo colore nero con venature bianche lucenti e motivi grigi.<\/p>\n<p>Ogni manubrio pesa 1 kg, e questo set \u00e8 un regalo magnifico per chi ama lo sport e cerca qualcosa di esclusivo, lussuoso e distintivo per la propria palestra. Il loro design elegante e il pregiato marmo li rendono un vero pezzo da conversazione e un complemento decorativo che valorizza qualsiasi ambiente. Ogni dettaglio \u00e8 stato meticolosamente lavorato a mano per unire estetica e funzionalit\u00e0, trasformando questi manubri in marmo in una creazione eccezionale.<\/p>\n<p>Il nostro consiglio: Questi manubri in marmo si abbinano perfettamente al nostro <strong>kettlebell in marmo &#8220;Virtus S&#8221;<\/strong>.<\/p>\n<p>Ispirati dalla connessione tra corpo, mente e ambiente, abbiamo elevato la percezione della bellezza in ogni dettaglio. Nel nostro impegno a fondere funzionalit\u00e0 ed estetica, abbiamo creato un design unico per i nostri manubri in marmo. Ogni pezzo combina linee morbide, un&#8217;ergonomia eccezionale e la bellezza senza tempo del marmo, un materiale apprezzato per la sua eleganza e il suo stile.<\/p>\n<p>Ogni manubrio \u00e8 scolpito a mano con estrema precisione, garantendo una perfezione unica in ogni linea e curva. Questo processo artigianale ci consente di produrre solo poche unit\u00e0 all&#8217;anno, assicurando che ogni set sia davvero unico. Il marmo eccezionale che utilizziamo nelle nostre collezioni garantisce ai nostri clienti un&#8217;esclusivit\u00e0 distintiva, poich\u00e9 non esistono due set identici.<\/p>\n<p>&nbsp;<\/p>\n<p><a href=\"https:\/\/forzini.com\/it\/materiali\/\" target=\"_blank\" rel=\"noopener\">Scopri di pi\u00f9 sulla nostra collezione di marmi e onice attraverso questo link: <\/a><a href=\"https:\/\/forzini.com\/it\/materiali\/\" target=\"_blank\" rel=\"noopener\">Materiali<\/a><\/p>\n","protected":false},"excerpt":{"rendered":"<h2>Set manubri palestra 1 kg<\/h2>\n<p>Realizzate in marmo, sono la massima espressione di esclusivit\u00e0 e artigianalit\u00e0. Ogni anno vengono prodotte a mano solo poche unit\u00e0, rendendole pezzi davvero unici. Con le loro forme morbide ed ergonomiche, questi manubri sono comodi e aggiungono un tocco di eleganza alla palestra.<\/p>\n","protected":false},"featured_media":12476,"comment_status":"closed","ping_status":"closed","template":"","meta":{"_acf_changed":false,"_joinchat":[]},"product_brand":[],"product_cat":[273,367],"product_tag":[263],"class_list":{"0":"post-12484","1":"product","2":"type-product","3":"status-publish","4":"has-post-thumbnail","6":"product_cat-accessori","7":"product_cat-accessori-allenamento","8":"product_tag-marmo","10":"first","11":"instock","12":"sale","13":"featured","14":"shipping-taxable","15":"purchasable","16":"product-type-simple"},"acf":[],"_links":{"self":[{"href":"https:\/\/forzini.com\/it\/wp-json\/wp\/v2\/product\/12484","targetHints":{"allow":["GET"]}}],"collection":[{"href":"https:\/\/forzini.com\/it\/wp-json\/wp\/v2\/product"}],"about":[{"href":"https:\/\/forzini.com\/it\/wp-json\/wp\/v2\/types\/product"}],"replies":[{"embeddable":true,"href":"https:\/\/forzini.com\/it\/wp-json\/wp\/v2\/comments?post=12484"}],"version-history":[{"count":0,"href":"https:\/\/forzini.com\/it\/wp-json\/wp\/v2\/product\/12484\/revisions"}],"wp:featuredmedia":[{"embeddable":true,"href":"https:\/\/forzini.com\/it\/wp-json\/wp\/v2\/media\/12476"}],"wp:attachment":[{"href":"https:\/\/forzini.com\/it\/wp-json\/wp\/v2\/media?parent=12484"}],"wp:term":[{"taxonomy":"product_brand","embeddable":true,"href":"https:\/\/forzini.com\/it\/wp-json\/wp\/v2\/product_brand?post=12484"},{"taxonomy":"product_cat","embeddable":true,"href":"https:\/\/forzini.com\/it\/wp-json\/wp\/v2\/product_cat?post=12484"},{"taxonomy":"product_tag","embeddable":true,"href":"https:\/\/forzini.com\/it\/wp-json\/wp\/v2\/product_tag?post=12484"}],"curies":[{"name":"wp","href":"https:\/\/api.w.org\/{rel}","templated":true}]}}