{"id":12451,"date":"2025-03-23T21:19:57","date_gmt":"2025-03-23T20:19:57","guid":{"rendered":"https:\/\/forzini.com\/producto\/set-mancuernas-decorativas\/"},"modified":"2025-06-28T23:21:15","modified_gmt":"2025-06-28T21:21:15","slug":"set-manubri-palestra-3-kg","status":"publish","type":"product","link":"https:\/\/forzini.com\/it\/producto\/set-manubri-palestra-3-kg\/","title":{"rendered":"Set manubri palestra 3 kg"},"content":{"rendered":"<h1>Set manubri palestra 3 kg<\/h1>\n<p>Set di manubri da palestra da 3 kg \u2013 decorativo e funzionale Questo set di manubri decorativi e da allenamento \u00e8 ideale per palestre di alta gamma e per gli appassionati di fitness che apprezzano il design sofisticato. Scolpiti a mano in quantit\u00e0 limitate ogni anno, questi manubri si distinguono per la loro estetica impeccabile e originalit\u00e0. Il design di queste mancuernas di lusso \u00e8 caratterizzato da linee e contorni morbidi, che fluiscono in modo organico, creando una sensazione di armonia ed equilibrio. Ogni curva e dettaglio \u00e8 stato accuratamente scolpito per esaltare la bellezza naturale del marmo, con un tocco di eleganza senza pari. Disponibili in marmo bianco con delicati motivi grigi, ogni manubrio \u00e8 un&#8217;opera d&#8217;arte unica. Con un peso di 3 kg per manubrio, questo set non \u00e8 solo funzionale, ma diventa anche un elemento decorativo che valorizza qualsiasi ambiente.<\/p>\n<p>Immagina questi manubri che decorano un moderno soggiorno o una palestra privata, aggiungendo un tocco di esclusivit\u00e0 e raffinatezza. Il loro design elegante e i materiali di alta qualit\u00e0 li rendono il regalo perfetto per gli appassionati di fitness che vogliono combinare stile e funzionalit\u00e0 nella loro routine quotidiana.\u00a0Ogni manubrio, con i suoi splendidi contorni e linee organiche, \u00e8 una dichiarazione di buon gusto e una testimonianza dell&#8217;arte di unire funzionalit\u00e0 e design in un unico oggetto.<\/p>\n<p>Il nostro consiglio: Questi manubri di lusso si abbinano perfettamente al nostro kettlebell premium &#8220;Virtus M&#8221;.<\/p>\n<p>Marmo Snow Leopard &#8211; Bianco con sottili tonalit\u00e0 grigie e venature. Questo marmo raro e distintivo viene estratto in piccole quantit\u00e0 da una regione specifica. \u00c8 molto apprezzato per le sue venature speciali e uniformi, che creano un disegno dall&#8217;aspetto animale.<\/p>\n<p>Lo sapevi? I manubri di lusso che stai guardando non sono solo attrezzi da fitness, ma una forma d&#8217;arte scultorea. Questi manubri, con la loro forma estetica speciale e il loro marmo esclusivo, sono realizzati a mano dai nostri maestri artigiani. L&#8217;unicit\u00e0 del marmo, ognuno con il proprio motivo e storia, viene modellata e lucidata alla perfezione, creando pezzi che sono un piacere da tenere in mano e da ammirare. La forma morbida di ogni manubrio \u00e8 progettata non solo per offrire comfort ergonomico, ma anche per deliziare i sensi, trasformando l&#8217;allenamento in un&#8217;esperienza di lusso. A causa della rarit\u00e0 del marmo e del processo artigianale necessario per modellarlo, i nostri manubri vengono prodotti solo poche volte all&#8217;anno e in quantit\u00e0 limitate. Questa produzione esclusiva garantisce che ogni set sia una scoperta rara, che incarna sia la bellezza che l&#8217;esclusivit\u00e0.<\/p>\n<p><a href=\"https:\/\/forzini.com\/it\/materiali\/\" target=\"_blank\" rel=\"noopener\">Scopri di pi\u00f9 sulla nostra collezione di marmi e onice attraverso questo link: <\/a><a href=\"https:\/\/forzini.com\/it\/materiali\/\" target=\"_blank\" rel=\"noopener\">Materiali<\/a><\/p>\n","protected":false},"excerpt":{"rendered":"<h2>Set manubri palestra 3 kg<\/h2>\n<p>\u00c8 un set di pesi in marmo, perfetto per aggiungere un tocco elegante e sofisticato alla tua palestra. Con un design unico ed esclusivo, questi manubri di lusso valorizzano l&#8217;estetica dello spazio, offrendo una fusione impeccabile di funzionalit\u00e0 e stile. Ogni peso in marmo \u00e8 meticolosamente lavorato per garantire un equilibrio perfetto e un&#8217;estetica impeccabile. Ideale per chi desidera distinguersi per eleganza e raffinatezza, questo set di pesi trasforma qualsiasi area di allenamento in uno spazio degno di ammirazione.<\/p>\n","protected":false},"featured_media":13797,"comment_status":"closed","ping_status":"closed","template":"","meta":{"_acf_changed":false,"_joinchat":[]},"product_brand":[],"product_cat":[273,367],"product_tag":[263],"class_list":{"0":"post-12451","1":"product","2":"type-product","3":"status-publish","4":"has-post-thumbnail","6":"product_cat-accessori","7":"product_cat-accessori-allenamento","8":"product_tag-marmo","10":"first","11":"instock","12":"sale","13":"featured","14":"shipping-taxable","15":"purchasable","16":"product-type-simple"},"acf":[],"_links":{"self":[{"href":"https:\/\/forzini.com\/it\/wp-json\/wp\/v2\/product\/12451","targetHints":{"allow":["GET"]}}],"collection":[{"href":"https:\/\/forzini.com\/it\/wp-json\/wp\/v2\/product"}],"about":[{"href":"https:\/\/forzini.com\/it\/wp-json\/wp\/v2\/types\/product"}],"replies":[{"embeddable":true,"href":"https:\/\/forzini.com\/it\/wp-json\/wp\/v2\/comments?post=12451"}],"version-history":[{"count":0,"href":"https:\/\/forzini.com\/it\/wp-json\/wp\/v2\/product\/12451\/revisions"}],"wp:featuredmedia":[{"embeddable":true,"href":"https:\/\/forzini.com\/it\/wp-json\/wp\/v2\/media\/13797"}],"wp:attachment":[{"href":"https:\/\/forzini.com\/it\/wp-json\/wp\/v2\/media?parent=12451"}],"wp:term":[{"taxonomy":"product_brand","embeddable":true,"href":"https:\/\/forzini.com\/it\/wp-json\/wp\/v2\/product_brand?post=12451"},{"taxonomy":"product_cat","embeddable":true,"href":"https:\/\/forzini.com\/it\/wp-json\/wp\/v2\/product_cat?post=12451"},{"taxonomy":"product_tag","embeddable":true,"href":"https:\/\/forzini.com\/it\/wp-json\/wp\/v2\/product_tag?post=12451"}],"curies":[{"name":"wp","href":"https:\/\/api.w.org\/{rel}","templated":true}]}}