{"id":12435,"date":"2025-03-29T22:03:22","date_gmt":"2025-03-29T21:03:22","guid":{"rendered":"https:\/\/forzini.com\/producto\/frutero-de-marmol-negro\/"},"modified":"2025-05-08T09:41:28","modified_gmt":"2025-05-08T07:41:28","slug":"ciotola-centrotavola-in-marmo-nero-fossile","status":"publish","type":"product","link":"https:\/\/forzini.com\/it\/producto\/ciotola-centrotavola-in-marmo-nero-fossile\/","title":{"rendered":"Ciotola centrotavola in marmo nero fossile"},"content":{"rendered":"<h1>Ciotola centrotavola in marmo nero fossile<\/h1>\n<p>Questa ciotola centrotavola in marmo nero fossil<strong>e<\/strong> presenta una sorprendente forma irregolare che sprigiona eleganza e raffinatezza. Perfetta per contenere frutta, servire dolci o organizzare elementi essenziali, si distingue anche come un magnifico centrotavola che attira l&#8217;attenzione grazie ai suoi esclusivi motivi ornamentali. Ideale per decorare tavoli grandi, aggiunge un tocco di lusso a qualsiasi ambiente. Questa fruttiera in marmo nero \u00e8 una fusione senza tempo di arte e funzionalit\u00e0, perfetta come regalo sorprendente e raffinato per valorizzare il design o come rara opera da collezione.<\/p>\n<p>Marmo Aether Pearl &#8211; \u00e8 uno dei marmi pi\u00f9 rari e straordinari della Terra. Questa pietra di un nero intenso, avvolta da un velo grigio scuro, \u00e8 impreziosita dai resti fossili di creature vissute 460 milioni di anni fa: ammoniti, trilobiti e orthoceras. Questi antichi abitanti marini, insieme a delicate tracce di corallo, sono conservati per sempre sulla superficie della pietra, creando un affascinante mosaico di vita preistorica.<\/p>\n<p>Questo straordinario marmo sussurra gli echi dell&#8217;Era Paleozoica, spesso chiamata &#8220;Era dei Pesci&#8221;, un&#8217;epoca in cui le prime foreste della Terra stavano iniziando a formarsi, molto prima che esistessero gli esseri umani. Il Marmo Aether Pearl non \u00e8 solo una pietra: \u00e8 un frammento della storia pi\u00f9 profonda del nostro pianeta.<\/p>\n<p>Occasionalmente, questo marmo \u00e8 punteggiato da spruzzi di calcite bianca traslucida, che aggiungono un bagliore etereo al suo gi\u00e0 affascinante aspetto. Queste formazioni cristalline rendono ogni lastra unica, come echi congelati di un antico oceano.<\/p>\n<p>Ci\u00f2 che rende ancora pi\u00f9 prezioso il Marmo Aether Pearl \u00e8 la sua straordinaria rarit\u00e0. Si trova esclusivamente in un angolo remoto, nascosto nelle vaste distese del deserto del Sahara. Estratto in quantit\u00e0 accuratamente limitate, questo marmo \u00e8 un autentico tesoro per i collezionisti: un capolavoro naturale che combina tempo, geologia e storia marina in un modo unico e ineguagliabile sulla Terra.<\/p>\n<p>Possedere questa pietra significa intraprendere un viaggio nel tempo, connettendosi alla storia attraverso una reliquia preistorica scolpita con maestria dai nostri artigiani. Non \u00e8 solo un oggetto decorativo, ma una creazione unica, utilizzabile come vassoio, fruttiera, centrotavola o ciotola. La sua bellezza senza tempo conquister\u00e0 tutti, lasciando i tuoi ospiti completamente affascinati.<\/p>\n<p>&nbsp;<\/p>\n<p>Scopri di pi\u00f9 sulla nostra collezione di marmi e onice attraverso questo link: <a href=\"https:\/\/forzini.com\/it\/materiali\/\" target=\"_blank\" rel=\"noopener\">Materiali<\/a><\/p>\n<h3><strong>Caratteristiche principali:<\/strong><\/h3>\n<h3><strong>Lunghezza:<\/strong> 25-30 cm<\/h3>\n<h3><strong>Larghezza:<\/strong> 20-24 cm<\/h3>\n<h3><strong>Altezza:<\/strong> 6-7 cm<\/h3>\n<h3><strong>Peso:<\/strong><\/h3>\n","protected":false},"excerpt":{"rendered":"<h2>Ciotola centrotavola in marmo nero fossile<\/h2>\n<p>Molto elegante, con la sua sorprendente forma irregolare, \u00e8 perfetto come pezzo decorativo centrale per tavoli grandi. Ideale per contenere frutta, servire aperitivi o organizzare elementi essenziali, affascina con i suoi motivi unici e il suo fascino senza tempo. Un raro pezzo da collezione o un regalo speciale per valorizzare qualsiasi design d&#8217;interni.<\/p>\n","protected":false},"featured_media":12423,"comment_status":"closed","ping_status":"closed","template":"","meta":{"_acf_changed":false,"_joinchat":[]},"product_brand":[],"product_cat":[273,382],"product_tag":[263],"class_list":{"0":"post-12435","1":"product","2":"type-product","3":"status-publish","4":"has-post-thumbnail","6":"product_cat-accessori","7":"product_cat-complementi-darredo","8":"product_tag-marmo","10":"first","11":"outofstock","12":"sale","13":"featured","14":"shipping-taxable","15":"purchasable","16":"product-type-simple"},"acf":[],"_links":{"self":[{"href":"https:\/\/forzini.com\/it\/wp-json\/wp\/v2\/product\/12435","targetHints":{"allow":["GET"]}}],"collection":[{"href":"https:\/\/forzini.com\/it\/wp-json\/wp\/v2\/product"}],"about":[{"href":"https:\/\/forzini.com\/it\/wp-json\/wp\/v2\/types\/product"}],"replies":[{"embeddable":true,"href":"https:\/\/forzini.com\/it\/wp-json\/wp\/v2\/comments?post=12435"}],"version-history":[{"count":0,"href":"https:\/\/forzini.com\/it\/wp-json\/wp\/v2\/product\/12435\/revisions"}],"wp:featuredmedia":[{"embeddable":true,"href":"https:\/\/forzini.com\/it\/wp-json\/wp\/v2\/media\/12423"}],"wp:attachment":[{"href":"https:\/\/forzini.com\/it\/wp-json\/wp\/v2\/media?parent=12435"}],"wp:term":[{"taxonomy":"product_brand","embeddable":true,"href":"https:\/\/forzini.com\/it\/wp-json\/wp\/v2\/product_brand?post=12435"},{"taxonomy":"product_cat","embeddable":true,"href":"https:\/\/forzini.com\/it\/wp-json\/wp\/v2\/product_cat?post=12435"},{"taxonomy":"product_tag","embeddable":true,"href":"https:\/\/forzini.com\/it\/wp-json\/wp\/v2\/product_tag?post=12435"}],"curies":[{"name":"wp","href":"https:\/\/api.w.org\/{rel}","templated":true}]}}