{"id":12318,"date":"2024-04-05T11:14:22","date_gmt":"2024-04-05T09:14:22","guid":{"rendered":"https:\/\/forzini.com\/producto\/mesa-esquinera-de-marmol-tellus\/"},"modified":"2025-12-16T17:04:47","modified_gmt":"2025-12-16T16:04:47","slug":"comodino-in-pietra-di-onice-tellus","status":"publish","type":"product","link":"https:\/\/forzini.com\/it\/producto\/comodino-in-pietra-di-onice-tellus\/","title":{"rendered":"Comodino in pietra di onice naturale Tellus"},"content":{"rendered":"<h2>Comodino design in onice bianco &#8220;Tellus&#8221;<\/h2>\n<p>Il comodino design bianco in onice, con la sua forma ineguagliabile ed eccentrica, \u00e8 una gemma dell&#8217;artigianato moderno. \u00c8 composto da due coni uniti da un anello centrale, evocando l&#8217;immagine di una clessidra e simboleggiando la dualit\u00e0 e il fluire del tempo. Questo audace design invita alla riflessione e aggiunge una dimensione artistica a qualsiasi spazio. Il tavolino angolare in marmo non \u00e8 solo visivamente impattante, ma anche versatile e funzionale. La perfetta combinazione tra il magnifico marmo e l&#8217;onice prezioso e sorprendente d\u00e0 vita a un&#8217;opera d&#8217;arte che emana lusso e raffinatezza.<\/p>\n<p>Ogni aspetto di questo comodino design bianco in onice, dal suo audace design ai materiali rari ed esclusivi, riflette un livello di eleganza senza pari. L&#8217;onice utilizzato \u00e8 selezionato per la sua bellezza e unicit\u00e0, rendendo ogni tavolino un pezzo unico e irripetibile. Questa creazione artigianale impreziosisce la casa, trasformandosi in un&#8217;eredit\u00e0 senza tempo. \u00c8 un pezzo pensato per essere ammirato e tramandato, un tesoro che cattura momenti e ricordi nel tempo. Il comodino design bianco, con il suo perfetto equilibrio tra innovazione e tradizione, \u00e8 un simbolo di stile affascinante e buon gusto.<\/p>\n<p>Onice Duna Dorata Bianco \u2013 Una pietra naturale straordinaria, caratterizzata da una delicata base bianco-cremosa arricchita da calde venature dorate. Questo lussuoso onice cattura la luce in modo meraviglioso, creando un bagliore etereo che valorizza ogni ambiente. I suoi pattern e colori unici lo rendono la scelta perfetta per interni eleganti, che si tratti di piani di lavoro, rivestimenti murali o dettagli decorativi.<\/p>\n<p>La squisita combinazione tra bianco e oro non solo aggiunge raffinatezza, ma incarna anche un senso di bellezza senza tempo, rendendo Onice Duna Dorata Bianco un&#8217;aggiunta eccezionale a qualsiasi progetto di design.<\/p>\n<p>&nbsp;<\/p>\n<p>Scopri di pi\u00f9 sulla nostra collezione di marmi e onice attraverso questo link: <a href=\"https:\/\/forzini.com\/it\/materiali\/\" target=\"_blank\" rel=\"noopener\">Materiali<\/a><\/p>\n<h3><strong>Caratteristiche principali:<\/strong><\/h3>\n<h3><strong>Montaggio:<\/strong> Non richiesto.<\/h3>\n<h3><strong>Finitura della pietra:<\/strong> Lucidata.<\/h3>\n<h3><strong>Peso:<\/strong> 35 kg<\/h3>\n","protected":false},"excerpt":{"rendered":"<h1>Comodino in pietra di onice<\/h1>\n<p>Dalla forma innovativa ed eccentrica, audace e accogliente. Questo tavolino, con il suo design unico e originale, si integra perfettamente in qualsiasi spazio, aggiungendo un tocco fresco e distintivo all\u2019ambiente. La perfetta fusione tra marmo raffinato e onice naturale straordinario culmina in un\u2019opera d\u2019arte realizzata a mano, capace di elevare ogni area con un tocco di eleganza e stile sofisticato.<\/p>\n<p>Grazie al suo design innovativo e alle propriet\u00e0 traslucide dell&#8217;onice, questo comodino pu\u00f2 essere retroilluminato da sotto con una semplice lampadina, trasformandosi in una lampada che crea un\u2019atmosfera calda e rilassante.<\/p>\n<h2><strong>Dimensioni:<\/strong> <strong>Diametro 30 cm, Altezza 52 cm.<\/strong><\/h2>\n","protected":false},"featured_media":12306,"comment_status":"closed","ping_status":"closed","template":"","meta":{"_acf_changed":false,"_joinchat":[]},"product_brand":[],"product_cat":[276,396],"product_tag":[266],"class_list":{"0":"post-12318","1":"product","2":"type-product","3":"status-publish","4":"has-post-thumbnail","6":"product_cat-tavoli","7":"product_cat-tavolini-in-pietra","8":"product_tag-onice","10":"first","11":"instock","12":"sale","13":"featured","14":"shipping-taxable","15":"purchasable","16":"product-type-simple"},"acf":[],"_links":{"self":[{"href":"https:\/\/forzini.com\/it\/wp-json\/wp\/v2\/product\/12318","targetHints":{"allow":["GET"]}}],"collection":[{"href":"https:\/\/forzini.com\/it\/wp-json\/wp\/v2\/product"}],"about":[{"href":"https:\/\/forzini.com\/it\/wp-json\/wp\/v2\/types\/product"}],"replies":[{"embeddable":true,"href":"https:\/\/forzini.com\/it\/wp-json\/wp\/v2\/comments?post=12318"}],"version-history":[{"count":3,"href":"https:\/\/forzini.com\/it\/wp-json\/wp\/v2\/product\/12318\/revisions"}],"predecessor-version":[{"id":22550,"href":"https:\/\/forzini.com\/it\/wp-json\/wp\/v2\/product\/12318\/revisions\/22550"}],"wp:featuredmedia":[{"embeddable":true,"href":"https:\/\/forzini.com\/it\/wp-json\/wp\/v2\/media\/12306"}],"wp:attachment":[{"href":"https:\/\/forzini.com\/it\/wp-json\/wp\/v2\/media?parent=12318"}],"wp:term":[{"taxonomy":"product_brand","embeddable":true,"href":"https:\/\/forzini.com\/it\/wp-json\/wp\/v2\/product_brand?post=12318"},{"taxonomy":"product_cat","embeddable":true,"href":"https:\/\/forzini.com\/it\/wp-json\/wp\/v2\/product_cat?post=12318"},{"taxonomy":"product_tag","embeddable":true,"href":"https:\/\/forzini.com\/it\/wp-json\/wp\/v2\/product_tag?post=12318"}],"curies":[{"name":"wp","href":"https:\/\/api.w.org\/{rel}","templated":true}]}}