{"id":12267,"date":"2024-04-05T11:22:43","date_gmt":"2024-04-05T09:22:43","guid":{"rendered":"https:\/\/forzini.com\/producto\/mesa-lateral-de-marmol-hades\/"},"modified":"2025-05-03T18:08:45","modified_gmt":"2025-05-03T16:08:45","slug":"tavolino-da-salotto-con-piano-in-marmo-hades","status":"publish","type":"product","link":"https:\/\/forzini.com\/it\/producto\/tavolino-da-salotto-con-piano-in-marmo-hades\/","title":{"rendered":"Tavolino da salotto con piano in marmo Hades"},"content":{"rendered":"<h1 class=\"rm-product-main-title product-title-block break-words font-heading text-2xl\"><span class=\"rm-text-md\">Tavolino da salotto con piano in marmo <\/span>&#8220;Hades&#8221;<\/h1>\n<p>Esta exquisita\u00a0Tavolino da salotto con piano in marmo griggio es una mesita auxiliar perfecta para el servicio de caf\u00e9 o t\u00e9, colocada junto a su sof\u00e1. Chic, distintiva y refinada, esta maravillosa mesa lateral de m\u00e1rmol, hecha a mano por maestros artesanos con un dise\u00f1o ovalado especial, a\u00f1ade un toque de elegancia y un aire de distinci\u00f3n sin igual a cualquier espacio. Personaliza la perfecta armon\u00eda entre funcionalidad, estilo y dise\u00f1o minimalista. M\u00e1s all\u00e1 de su belleza, esta mesa lateral de m\u00e1rmol es extremadamente pr\u00e1ctica. Sus l\u00edneas modernas y frescas, junto con su altura ideal, la hacen perfecta para colocarla junto a un sof\u00e1 o un sill\u00f3n, ofreciendo comodidad para poner bebidas o disfrutar de un peque\u00f1o desayuno junto a la cama en un perezoso domingo. Tambi\u00e9n sirve como mesa alta perfecta para resaltar la belleza de una planta o un jarr\u00f3n, a\u00f1adiendo un toque de distinci\u00f3n a cualquier rinc\u00f3n. Cada detalle de esta mesa artesanal refleja un compromiso con la calidad y el dise\u00f1o, lo que la convierte en una pieza esencial en la decoraci\u00f3n de cualquier hogar. Con su elegancia atemporal y su funcionalidad vers\u00e1til, esta mesa lateral de m\u00e1rmol realza su espacio, enriqueciendo su vida diaria con un toque de lujo y sofisticaci\u00f3n. Disponible en lujoso m\u00e1rmol gris con sutiles vetas oscuras, esta pieza atemporal a\u00f1adir\u00e1 car\u00e1cter instant\u00e1neo y solidez est\u00e9tica a cualquier interior.<\/p>\n<p>Silver Grey M\u00e1rmol: Un tipo de m\u00e1rmol muy especial con su fondo gris y un encantador baile de luces blancas entre vetas grises negras-oscuras. Esta variaci\u00f3n \u00fanica de color, que va del gris claro al beige, crea un contraste impresionante contra el fondo.<\/p>\n<p><a href=\"https:\/\/forzini.com\/it\/materiali\/\" target=\"_blank\" rel=\"noopener\">Scopri di pi\u00f9 sulla nostra collezione di marmi e onice attraverso questo link: <\/a><a href=\"https:\/\/forzini.com\/it\/materiali\/\" target=\"_blank\" rel=\"noopener\">Materiali<\/a><\/p>\n<h3><strong>Caratteristiche principali:<\/strong><\/h3>\n<h3><strong>Montaggio:<\/strong> Non richiesto.<\/h3>\n<h3><strong>Finitura della pietra:<\/strong> Lucidata.<\/h3>\n<h3><strong>Finitura della base:<\/strong> Acciaio inossidabile color argento.<\/h3>\n<h3><strong>Peso: 8 kg<\/strong><\/h3>\n","protected":false},"excerpt":{"rendered":"<h2>Tavolino da salotto con piano in marmo<\/h2>\n<p>\u00c8 allo stesso tempo funzionale e accogliente, rendendola un complemento affascinante per qualsiasi casa. Questo elegante tavolino ovale in pietra pu\u00f2 essere posizionato accanto al divano, servendo come perfetto tavolino ausiliario per il servizio di caff\u00e8 o t\u00e8. Il suo raffinato design e le dimensioni compatte lo rendono ideale per creare un angolo confortevole e stiloso dove poter gustare le proprie bevande preferite. La superficie liscia in marmo aggiunge un tocco di lusso, mentre la sua robusta struttura garantisce resistenza all\u2019uso quotidiano. Che si tratti di accogliere ospiti o di godersi un momento di tranquillit\u00e0, questo piccolo tavolino in marmo valorizza lo spazio abitativo con praticit\u00e0 ed eleganza.<\/p>\n<h4><strong>Dimensioni: Lunghezza 38 cm, Larghezza 28 cm, Altezza 60 cm.<\/strong><\/h4>\n","protected":false},"featured_media":12260,"comment_status":"closed","ping_status":"closed","template":"","meta":{"_acf_changed":false,"_joinchat":[]},"product_brand":[],"product_cat":[276,360],"product_tag":[263],"class_list":{"0":"post-12267","1":"product","2":"type-product","3":"status-publish","4":"has-post-thumbnail","6":"product_cat-tavoli","7":"product_cat-tavolini-in-marmo","8":"product_tag-marmo","10":"first","11":"instock","12":"sale","13":"featured","14":"shipping-taxable","15":"purchasable","16":"product-type-simple"},"acf":[],"_links":{"self":[{"href":"https:\/\/forzini.com\/it\/wp-json\/wp\/v2\/product\/12267","targetHints":{"allow":["GET"]}}],"collection":[{"href":"https:\/\/forzini.com\/it\/wp-json\/wp\/v2\/product"}],"about":[{"href":"https:\/\/forzini.com\/it\/wp-json\/wp\/v2\/types\/product"}],"replies":[{"embeddable":true,"href":"https:\/\/forzini.com\/it\/wp-json\/wp\/v2\/comments?post=12267"}],"version-history":[{"count":0,"href":"https:\/\/forzini.com\/it\/wp-json\/wp\/v2\/product\/12267\/revisions"}],"wp:featuredmedia":[{"embeddable":true,"href":"https:\/\/forzini.com\/it\/wp-json\/wp\/v2\/media\/12260"}],"wp:attachment":[{"href":"https:\/\/forzini.com\/it\/wp-json\/wp\/v2\/media?parent=12267"}],"wp:term":[{"taxonomy":"product_brand","embeddable":true,"href":"https:\/\/forzini.com\/it\/wp-json\/wp\/v2\/product_brand?post=12267"},{"taxonomy":"product_cat","embeddable":true,"href":"https:\/\/forzini.com\/it\/wp-json\/wp\/v2\/product_cat?post=12267"},{"taxonomy":"product_tag","embeddable":true,"href":"https:\/\/forzini.com\/it\/wp-json\/wp\/v2\/product_tag?post=12267"}],"curies":[{"name":"wp","href":"https:\/\/api.w.org\/{rel}","templated":true}]}}