{"id":12250,"date":"2024-06-28T12:20:29","date_gmt":"2024-06-28T10:20:29","guid":{"rendered":"https:\/\/forzini.com\/producto\/mesa-de-noche-de-marmol-iris\/"},"modified":"2025-05-04T14:11:53","modified_gmt":"2025-05-04T12:11:53","slug":"tavolino-in-marmo-marrone-iris","status":"publish","type":"product","link":"https:\/\/forzini.com\/it\/producto\/tavolino-in-marmo-marrone-iris\/","title":{"rendered":"Tavolino in marmo marrone Iris"},"content":{"rendered":"<h1>Tavolino in marmo marrone &#8220;Iris&#8221;<\/h1>\n<p>La squisita raffinatezza di questo tavolino in marmo marrone si manifesta nel suo design speciale, che aggiunge un tocco di eleganza all&#8217;arredamento della tua casa. Con la sua elegante forma quadrata, questo tavolino \u00e8 realizzato con straordinaria precisione, utilizzando marmi accuratamente selezionati per le loro caratteristiche eccezionali.<\/p>\n<p>Ogni pezzo si distingue per le sue venature naturali e delicate, che aggiungono un elemento di bellezza organica e unicit\u00e0 a qualsiasi salotto o spazio. Questo tavolino da notte non \u00e8 solo un accento funzionale, ma anche una dichiarazione di stile a s\u00e9. La sua presenza sprigiona raffinatezza e sofisticatezza, rendendolo un&#8217;aggiunta affascinante a qualsiasi casa elegante. Che sia utilizzato per arricchire la decorazione della camera da letto o come elemento distintivo in salotto, questo tavolino in marmo dona un&#8217;eleganza senza tempo e un tocco di lusso all&#8217;ambiente.<\/p>\n<p>Un pezzo essenziale per chi cerca di combinare funzionalit\u00e0 con un design raffinato, arricchendo la casa con un tocco di distinzione e sofisticatezza.<\/p>\n<p>Marmo Oceanic Mystery: Uno dei marmi pi\u00f9 sorprendenti della nostra collezione. Questa pietra presenta una palette di colori che vanno dal grigio terroso al marrone pallido, su uno sfondo di venature bianche e ombre scure. Il suo disegno unico ricorda una collezione di ciottoli di diverse dimensioni.<\/p>\n<p>&nbsp;<\/p>\n<p><a href=\"https:\/\/forzini.com\/it\/materiali\/\" target=\"_blank\" rel=\"noopener\">Scopri di pi\u00f9 sulla nostra collezione di marmi e onice attraverso questo link: <\/a><a href=\"https:\/\/forzini.com\/it\/materiali\/\" target=\"_blank\" rel=\"noopener\">Materiali<\/a><\/p>\n<h4><strong>Caratteristiche principali:<\/strong><\/h4>\n<h4><strong>Montaggio:<\/strong> Non richiesto.<\/h4>\n<h4><strong>Finitura della pietra:<\/strong> Lucidata.<\/h4>\n<h4><strong>Finitura della base:<\/strong> Acciaio inossidabile, colore argento.<\/h4>\n<h4><strong>Peso:<\/strong> 18 kg.<\/h4>\n","protected":false},"excerpt":{"rendered":"<h2>Tavolino in marmo marrone<\/h2>\n<p>Con il suo elegante piano quadrato, \u00e8 un elemento centrale che attira tutti gli sguardi. Questo tavolo, altamente decorativo, grazie al suo design quadrato del piano, offre un\u2019estetica contemporanea e pulita, ideale per completare una variet\u00e0 di stili d\u2019interni. La superficie in marmo, con le sue venature naturali e la sua texture lussuosa, crea uno spettacolo visivo che aggiunge profondit\u00e0 e carattere all\u2019arredamento della tua casa.<\/p>\n<p><strong>Dimensioni:<\/strong> <strong>Larghezza 40 cm, Lunghezza 40 cm, Altezza 52 cm.<\/strong><\/p>\n","protected":false},"featured_media":12244,"comment_status":"closed","ping_status":"closed","template":"","meta":{"_acf_changed":false,"_joinchat":[]},"product_brand":[],"product_cat":[276,360],"product_tag":[263],"class_list":{"0":"post-12250","1":"product","2":"type-product","3":"status-publish","4":"has-post-thumbnail","6":"product_cat-tavoli","7":"product_cat-tavolini-in-marmo","8":"product_tag-marmo","10":"first","11":"instock","12":"sale","13":"featured","14":"shipping-taxable","15":"purchasable","16":"product-type-simple"},"acf":[],"_links":{"self":[{"href":"https:\/\/forzini.com\/it\/wp-json\/wp\/v2\/product\/12250","targetHints":{"allow":["GET"]}}],"collection":[{"href":"https:\/\/forzini.com\/it\/wp-json\/wp\/v2\/product"}],"about":[{"href":"https:\/\/forzini.com\/it\/wp-json\/wp\/v2\/types\/product"}],"replies":[{"embeddable":true,"href":"https:\/\/forzini.com\/it\/wp-json\/wp\/v2\/comments?post=12250"}],"version-history":[{"count":0,"href":"https:\/\/forzini.com\/it\/wp-json\/wp\/v2\/product\/12250\/revisions"}],"wp:featuredmedia":[{"embeddable":true,"href":"https:\/\/forzini.com\/it\/wp-json\/wp\/v2\/media\/12244"}],"wp:attachment":[{"href":"https:\/\/forzini.com\/it\/wp-json\/wp\/v2\/media?parent=12250"}],"wp:term":[{"taxonomy":"product_brand","embeddable":true,"href":"https:\/\/forzini.com\/it\/wp-json\/wp\/v2\/product_brand?post=12250"},{"taxonomy":"product_cat","embeddable":true,"href":"https:\/\/forzini.com\/it\/wp-json\/wp\/v2\/product_cat?post=12250"},{"taxonomy":"product_tag","embeddable":true,"href":"https:\/\/forzini.com\/it\/wp-json\/wp\/v2\/product_tag?post=12250"}],"curies":[{"name":"wp","href":"https:\/\/api.w.org\/{rel}","templated":true}]}}