{"id":12215,"date":"2024-06-28T12:56:07","date_gmt":"2024-06-28T10:56:07","guid":{"rendered":"https:\/\/forzini.com\/producto\/mesa-de-centro-ovalada-de-marmol-scotus\/"},"modified":"2025-08-21T21:02:04","modified_gmt":"2025-08-21T19:02:04","slug":"tavolino-da-salotto-ovale-in-marmo-scotus","status":"publish","type":"product","link":"https:\/\/forzini.com\/it\/producto\/tavolino-da-salotto-ovale-in-marmo-scotus\/","title":{"rendered":"Tavolino da salotto ovale in marmo Scotus"},"content":{"rendered":"<h2>Tavolino da salotto ovale in marmo &#8220;Scotus&#8221;<\/h2>\n<p>Con la sua forma irregolare e realizzata a mano, il nostro Tavolino da salotto ovale in marmo \u00e8 un pezzo affascinante. Immagina un mobile che non solo abbellisca la tua casa, ma racconti anche una storia millenaria. Questo tavolino da salotto in marmo, con la sua forma irregolare e artigianale, \u00e8 un capolavoro di design nordico che cattura l&#8217;essenza della natura in ogni dettaglio. Scolpito a mano da un blocco massiccio di marmo grigio, questo tavolo \u00e8 un gioiello unico. La sua superficie lucidata esalta le venature naturali del marmo, mentre i bordi spessi e non levigati aggiungono un tocco rustico e autentico. Ci\u00f2 che distingue davvero questo tavolo \u00e8 il marmo eccezionale con cui \u00e8 realizzato. Incastonato con conchiglie marine millenarie, questo raro marmo trasforma il tavolo in un racconto delle profondit\u00e0 oceaniche, dove ogni conchiglia sussurra storie di saggezza ancestrale. Lo spessore insolito e il design audace conferiscono al tavolo un aspetto moderno e deciso, rendendolo il punto focale di qualsiasi spazio. La sua presenza nella tua casa non solo aggiunge eleganza e raffinatezza, ma evoca anche una profonda connessione con la natura e il passare del tempo. Ogni volta che lo guarderai, ti ricorder\u00e0 la bellezza e la storia nascoste nelle profondit\u00e0 dell&#8217;oceano.<\/p>\n<p>Marmo Oceanic Mystery \u2013 Si distingue come uno dei marmi pi\u00f9 straordinari della nostra collezione. Questa pietra presenta una palette di colori che vanno dal grigio terroso al marrone pallido, su un fondo di venature bianche e ombre scure. Il suo disegno unico ricorda una collezione di ciottoli di diverse dimensioni.<\/p>\n<p>Il nostro straordinario e raro Marmo Oceanic Mystery \u00e8 una testimonianza della storia marina antica della Terra \u2013 una pietra rara e preziosa che racchiude l&#8217;essenza delle profondit\u00e0 oceaniche. La sua unicit\u00e0 risiede nella straordinaria conservazione di antichi fossili marini, conchiglie e molluschi, che si sono incastonati nella pietra nel corso di milioni di anni. Queste reliquie naturali, sospese nel tempo, offrono uno sguardo su un&#8217;epoca lontana, rendendo ogni lastra di Marmo Oceanic Mystery una testimonianza della vasta storia oceanica del nostro pianeta. La rarit\u00e0 di questo marmo \u00e8 determinata dalle condizioni specifiche necessarie alla sua formazione. La presenza di fossili cos\u00ec ben conservati all&#8217;interno del marmo \u00e8 un fenomeno raro, poich\u00e9 richiede la perfetta combinazione di fattori biologici e geologici.<\/p>\n<p>Per questo motivo, il Marmo Oceanic Mystery non \u00e8 solo una meraviglia della natura, ma anche un tesoro per i collezionisti, ricercato per la sua importanza storica e la storia unica che racconta.<\/p>\n<p>&nbsp;<\/p>\n<p><a href=\"https:\/\/forzini.com\/it\/materiali\/\" target=\"_blank\" rel=\"noopener\">Scopri di pi\u00f9 sulla nostra collezione di marmi e onice attraverso questo link: <\/a><a href=\"https:\/\/forzini.com\/it\/materiali\/\" target=\"_blank\" rel=\"noopener\">Materiali<\/a><\/p>\n<h3><strong>Caratteristiche principali:<\/strong><\/h3>\n<h3><strong>Montaggio:<\/strong> Non necessario.<\/h3>\n<h3><strong>Finitura della pietra:<\/strong> Lucidata.<\/h3>\n<h3><strong>Finitura delle gambe:<\/strong> Acciaio inossidabile, marrone.<\/h3>\n<h3><strong>Peso: 25 kg<\/strong><\/h3>\n","protected":false},"excerpt":{"rendered":"<h1>Tavolino da salotto ovale in marmo<\/h1>\n<p>Una spettacolare fusione tra design e arte. Con la sua forma irregolare, realizzata a mano da un solido blocco di marmo grigio, questo tavolo in pietra dallo stile nordico possiede un fascino impareggiabile. I bordi spessi e non levigati, in contrasto con il magnifico marmo pi\u00f9 raro al mondo, aggiungono un tocco rustico speciale, conferendo al tavolo un&#8217;estetica distintiva e autentica. Questa combinazione unica di elementi raffinati e rustici rende il tavolo un pezzo iconico, capace di donare lusso e sofisticazione incomparabili a qualsiasi ambiente.<\/p>\n<h2><strong>Dimensioni:<\/strong> <strong>Larghezza 50 cm, Lunghezza 60 cm, Altezza 50 cm.<\/strong><\/h2>\n","protected":false},"featured_media":12216,"comment_status":"closed","ping_status":"closed","template":"","meta":{"_acf_changed":false,"_joinchat":[]},"product_brand":[],"product_cat":[276,360],"product_tag":[263],"class_list":{"0":"post-12215","1":"product","2":"type-product","3":"status-publish","4":"has-post-thumbnail","6":"product_cat-tavoli","7":"product_cat-tavolini-in-marmo","8":"product_tag-marmo","10":"first","11":"instock","12":"sale","13":"featured","14":"shipping-taxable","15":"purchasable","16":"product-type-simple"},"acf":[],"_links":{"self":[{"href":"https:\/\/forzini.com\/it\/wp-json\/wp\/v2\/product\/12215","targetHints":{"allow":["GET"]}}],"collection":[{"href":"https:\/\/forzini.com\/it\/wp-json\/wp\/v2\/product"}],"about":[{"href":"https:\/\/forzini.com\/it\/wp-json\/wp\/v2\/types\/product"}],"replies":[{"embeddable":true,"href":"https:\/\/forzini.com\/it\/wp-json\/wp\/v2\/comments?post=12215"}],"version-history":[{"count":0,"href":"https:\/\/forzini.com\/it\/wp-json\/wp\/v2\/product\/12215\/revisions"}],"wp:featuredmedia":[{"embeddable":true,"href":"https:\/\/forzini.com\/it\/wp-json\/wp\/v2\/media\/12216"}],"wp:attachment":[{"href":"https:\/\/forzini.com\/it\/wp-json\/wp\/v2\/media?parent=12215"}],"wp:term":[{"taxonomy":"product_brand","embeddable":true,"href":"https:\/\/forzini.com\/it\/wp-json\/wp\/v2\/product_brand?post=12215"},{"taxonomy":"product_cat","embeddable":true,"href":"https:\/\/forzini.com\/it\/wp-json\/wp\/v2\/product_cat?post=12215"},{"taxonomy":"product_tag","embeddable":true,"href":"https:\/\/forzini.com\/it\/wp-json\/wp\/v2\/product_tag?post=12215"}],"curies":[{"name":"wp","href":"https:\/\/api.w.org\/{rel}","templated":true}]}}