{"id":12167,"date":"2024-07-03T09:11:27","date_gmt":"2024-07-03T07:11:27","guid":{"rendered":"https:\/\/forzini.com\/producto\/mesa-de-onix-juno\/"},"modified":"2025-08-17T12:41:16","modified_gmt":"2025-08-17T10:41:16","slug":"tavolino-tulip-marmo-juno","status":"publish","type":"product","link":"https:\/\/forzini.com\/it\/producto\/tavolino-tulip-marmo-juno\/","title":{"rendered":"Tavolino tulip marmo &#8211; Tavolino laterale"},"content":{"rendered":"<h2>Tavolino tulip marmo &#8220;Juno&#8221;<\/h2>\n<p>Questo squisito Tavolino Tulip in marmo onice bianco, realizzato a mano dai nostri maestri artigiani utilizzando tecniche tradizionali, esprime tutta la maestosa eleganza dell&#8217;onice naturale. Il suo profilo elegante e la sua superficie radiosa creano un affascinante gioco di luci, rendendolo il punto focale di qualsiasi ambiente. Esaltando qualsiasi design d&#8217;interni, il nostro raro onice, selezionato per la sua bellezza distintiva, aggiunge un tocco innovativo che resiste alla prova del tempo. Questo tavolino non \u00e8 solo un mobile, \u00e8 un capolavoro duraturo destinato a essere apprezzato per generazioni. Pu\u00f2 essere utilizzato come tavolino impilabile insieme al modello pi\u00f9 basso &#8216;<a href=\"https:\/\/forzini.com\/it\/producto\/tavolino-da-salotto-in-marmo-janus\/\" target=\"_blank\" rel=\"noopener\">Janus<\/a>&#8216;.<\/p>\n<p>Duna Dorata Onice: Il fondo bianco \u00e8 come una tela serena, delicatamente decorata con soffici nuvole bianche che fluttuano elegantemente sulla sua superficie. Sfumature cremose e gialle e venature in tonalit\u00e0 oro, caramello, marrone, cognac e rossiccio. Questo speciale onice bianco \u00e8 una scoperta rara, disponibile solo in quantit\u00e0 limitate, poich\u00e9 viene estratto da una zona specifica.<\/p>\n<p>Lo sapevi? L&#8217;onice bianco \u00e8 una pietra incredibilmente affascinante, apprezzata per la sua rarit\u00e0 e la bellezza serena che emana. La sua scarsit\u00e0 \u00e8 dovuta alle condizioni specifiche richieste per la sua formazione, dove l&#8217;acqua ricca di silice filtra attraverso le caverne, depositando strati del minerale calcedonio che poi cristallizza nel corso di millenni. La sua colorazione bianco avorio cremoso richiama l&#8217;arte e l&#8217;architettura antiche, evocando un senso di eleganza e purezza senza tempo. La magia dell&#8217;onice bianco risiede nella sua traslucenza: possiede una qualit\u00e0 eterea, quasi come se si tenesse tra le mani un frammento della luce lunare, catturata e solidificata. Questa traslucenza permette un affascinante gioco di luci e ombre, dando vita alla superficie della pietra e rivelando i disegni naturali al suo interno. E poi ci sono le venature a forma di nuvola, il vero segno distintivo dell&#8217;onice bianco. Sono pennellate della Terra, uniche in ogni lastra, che creano paesaggi di nebbia lattiginosa e onde delicate che scorrono sulla pietra. \u00c8 proprio questo motivo che conferisce all&#8217;onice bianco il suo incredibile fascino.<\/p>\n<p>Scopri di pi\u00f9 sulla nostra collezione di marmi e onice attraverso questo link: <a href=\"https:\/\/forzini.com\/it\/materiali\/\" target=\"_blank\" rel=\"noopener\">Materiali<\/a><\/p>\n<h3><strong>Caratteristiche principali:<\/strong><\/h3>\n<h3>Montaggio: Non richiesto.<\/h3>\n<h3>Finitura della pietra: Lucidata.<\/h3>\n<h3>Finitura della base: Acciaio inossidabile, tipo tulip, colore dorato.<\/h3>\n<h3>Peso: 15 kg.<\/h3>\n","protected":false},"excerpt":{"rendered":"<h1>Tavolino tulip marmo<\/h1>\n<p>onice bianco \u00e8 un capolavoro artigianale di design di alta gamma. Ogni tavolo \u00e8 meticolosamente scolpito da esperti artigiani, che utilizzano tecniche tradizionali per esaltare la bellezza naturale dell&#8217;onice. La superficie del piano, con le sue forme organiche e la sua texture unica, riflette la luce in modo spettacolare, creando un affascinante gioco di ombre e riflessi che cattura l&#8217;attenzione e aggiunge un tocco di lusso a qualsiasi ambiente.<\/p>\n<h2><strong>Dimensioni:<\/strong> <strong>Larghezza 50 cm, Lunghezza 60 cm, Altezza 50 cm<\/strong><\/h2>\n","protected":false},"featured_media":14591,"comment_status":"closed","ping_status":"closed","template":"","meta":{"_acf_changed":false,"_joinchat":[]},"product_brand":[],"product_cat":[276,396],"product_tag":[266],"class_list":{"0":"post-12167","1":"product","2":"type-product","3":"status-publish","4":"has-post-thumbnail","6":"product_cat-tavoli","7":"product_cat-tavolini-in-pietra","8":"product_tag-onice","10":"first","11":"instock","12":"sale","13":"featured","14":"shipping-taxable","15":"purchasable","16":"product-type-simple"},"acf":[],"_links":{"self":[{"href":"https:\/\/forzini.com\/it\/wp-json\/wp\/v2\/product\/12167","targetHints":{"allow":["GET"]}}],"collection":[{"href":"https:\/\/forzini.com\/it\/wp-json\/wp\/v2\/product"}],"about":[{"href":"https:\/\/forzini.com\/it\/wp-json\/wp\/v2\/types\/product"}],"replies":[{"embeddable":true,"href":"https:\/\/forzini.com\/it\/wp-json\/wp\/v2\/comments?post=12167"}],"version-history":[{"count":0,"href":"https:\/\/forzini.com\/it\/wp-json\/wp\/v2\/product\/12167\/revisions"}],"wp:featuredmedia":[{"embeddable":true,"href":"https:\/\/forzini.com\/it\/wp-json\/wp\/v2\/media\/14591"}],"wp:attachment":[{"href":"https:\/\/forzini.com\/it\/wp-json\/wp\/v2\/media?parent=12167"}],"wp:term":[{"taxonomy":"product_brand","embeddable":true,"href":"https:\/\/forzini.com\/it\/wp-json\/wp\/v2\/product_brand?post=12167"},{"taxonomy":"product_cat","embeddable":true,"href":"https:\/\/forzini.com\/it\/wp-json\/wp\/v2\/product_cat?post=12167"},{"taxonomy":"product_tag","embeddable":true,"href":"https:\/\/forzini.com\/it\/wp-json\/wp\/v2\/product_tag?post=12167"}],"curies":[{"name":"wp","href":"https:\/\/api.w.org\/{rel}","templated":true}]}}