{"id":12163,"date":"2024-07-03T09:27:30","date_gmt":"2024-07-03T07:27:30","guid":{"rendered":"https:\/\/forzini.com\/producto\/mesa-de-piedra-onix-janus\/"},"modified":"2026-03-22T15:38:51","modified_gmt":"2026-03-22T14:38:51","slug":"tavolino-da-salotto-in-marmo-janus","status":"publish","type":"product","link":"https:\/\/forzini.com\/it\/producto\/tavolino-da-salotto-in-marmo-janus\/","title":{"rendered":"Tavolino da salotto in marmo &#8211; Mini tavolino"},"content":{"rendered":"<h2>Tavolino da salotto in marmo &#8220;Janus&#8221;<\/h2>\n<p>Realizzato dai nostri esperti artigiani, questo tavolino da salotto in marmo onice esprime la sublime eleganza della pietra naturale. Le sue linee definite, la forma irregolare del piano su una base in acciaio inossidabile e la superficie luminosa creano un affascinante gioco di luci, trasformandolo in un elemento distintivo del design del soggiorno. Il nostro esclusivo onice bianco, selezionato con cura, aggiunge un tocco di raffinatezza a qualsiasi arredamento, rendendolo un&#8217;opera d&#8217;arte destinata a durare per generazioni. Che venga utilizzato come tavolino impilabile o combinato con il modello &#8216;<a href=\"https:\/\/forzini.com\/it\/producto\/tavolino-tulip-marmo-juno\/\" target=\"_blank\" rel=\"noopener\">Juno<\/a>&#8216;, il suo formato compatto gli permette di essere un elemento decorativo indipendente o di integrarsi armoniosamente in una composizione di tavoli di varie dimensioni.<\/p>\n<p>Duna Dorata Onice: Il fondo bianco \u00e8 come una tela serena, delicatamente ornata da soffici nuvole bianche e dorate che fluttuano dolcemente sulla sua superficie. Sfumature cremose e gialle e venature in tonalit\u00e0 oro, caramello, marrone, cognac e rossiccio. Questo speciale onice bianco \u00e8 una scoperta rara, disponibile solo in quantit\u00e0 limitate, poich\u00e9 viene estratto da una zona specifica.<\/p>\n<p>Ogni tavolino che offriamo \u00e8 una testimonianza della maestria dei nostri artigiani, il cui talento, conoscenza ed esperienza nella lavorazione dei preziosi materiali dell&#8217;onice e del marmo non hanno eguali. Sono le loro mani esperte a trasformare queste nobili pietre in pezzi d&#8217;arredo squisiti. Possiedono un grande senso estetico nella combinazione dei motivi, selezionando accuratamente le superfici pi\u00f9 idonee per garantire che ogni venatura e ogni contorno contribuiscano alla bellezza generale del pezzo. Solo un vero artista pu\u00f2 creare un&#8217;opera cos\u00ec straordinaria, e i nostri artigiani lo sono. La loro dedizione all&#8217;arte si riflette nella meticolosa attenzione ai dettagli, nella perfetta armonia dei motivi della pietra e nella finitura impeccabile di ogni tavolino.<\/p>\n<p>&nbsp;<\/p>\n<p>Scopri di pi\u00f9 sulla nostra collezione di marmi e onice attraverso questo link: <a href=\"https:\/\/forzini.com\/it\/materiali\/\" target=\"_blank\" rel=\"noopener\">Materiali<\/a><\/p>\n<h3><strong>Caratteristiche principali:<\/strong><\/h3>\n<h3>Montaggio: Non richiesto.<\/h3>\n<h3>Finitura della pietra: Lucidata.<\/h3>\n<h3>Finitura della base: Acciaio inossidabile, tipo tulip, colore dorato.<\/h3>\n<h3>Peso: 8 kg.<\/h3>\n","protected":false},"excerpt":{"rendered":"<h1>Tavolino da salotto in marmo<\/h1>\n<p>onice bianco con base dorata \u00e8 un pezzo di design eccezionalmente elegante. La purezza dell&#8217;onice bianco, con le sue delicate venature e la superficie luminosa, si combina armoniosamente con l&#8217;eleganza della base dorata, creando un tavolino che irradia lusso e raffinatezza. Questo tavolino si distingue per la sua bellezza e versatilit\u00e0. Pu\u00f2 essere abbinato perfettamente al modello Juno, formando un set di tavolini impilabili che aggiunge un tocco di modernit\u00e0 e funzionalit\u00e0 a qualsiasi ambiente. Questo duo \u00e8 ideale per chi cerca una soluzione decorativa che sia sia pratica che visivamente affascinante.<\/p>\n<h2><strong>Dimensioni:<\/strong> Larghezza 37 cm, Lunghezza 38 cm, Altezza 40 cm.<\/h2>\n","protected":false},"featured_media":14556,"comment_status":"closed","ping_status":"closed","template":"","meta":{"_acf_changed":false,"_joinchat":[]},"product_brand":[],"product_cat":[276,396],"product_tag":[266],"class_list":{"0":"post-12163","1":"product","2":"type-product","3":"status-publish","4":"has-post-thumbnail","6":"product_cat-tavoli","7":"product_cat-tavolini-in-pietra","8":"product_tag-onice","10":"first","11":"instock","12":"sale","13":"featured","14":"shipping-taxable","15":"purchasable","16":"product-type-simple"},"acf":[],"_links":{"self":[{"href":"https:\/\/forzini.com\/it\/wp-json\/wp\/v2\/product\/12163","targetHints":{"allow":["GET"]}}],"collection":[{"href":"https:\/\/forzini.com\/it\/wp-json\/wp\/v2\/product"}],"about":[{"href":"https:\/\/forzini.com\/it\/wp-json\/wp\/v2\/types\/product"}],"replies":[{"embeddable":true,"href":"https:\/\/forzini.com\/it\/wp-json\/wp\/v2\/comments?post=12163"}],"version-history":[{"count":0,"href":"https:\/\/forzini.com\/it\/wp-json\/wp\/v2\/product\/12163\/revisions"}],"wp:featuredmedia":[{"embeddable":true,"href":"https:\/\/forzini.com\/it\/wp-json\/wp\/v2\/media\/14556"}],"wp:attachment":[{"href":"https:\/\/forzini.com\/it\/wp-json\/wp\/v2\/media?parent=12163"}],"wp:term":[{"taxonomy":"product_brand","embeddable":true,"href":"https:\/\/forzini.com\/it\/wp-json\/wp\/v2\/product_brand?post=12163"},{"taxonomy":"product_cat","embeddable":true,"href":"https:\/\/forzini.com\/it\/wp-json\/wp\/v2\/product_cat?post=12163"},{"taxonomy":"product_tag","embeddable":true,"href":"https:\/\/forzini.com\/it\/wp-json\/wp\/v2\/product_tag?post=12163"}],"curies":[{"name":"wp","href":"https:\/\/api.w.org\/{rel}","templated":true}]}}