{"id":12141,"date":"2024-07-03T11:19:56","date_gmt":"2024-07-03T09:19:56","guid":{"rendered":"https:\/\/forzini.com\/producto\/mesa-auxiliar-de-onix-mercury\/"},"modified":"2025-05-04T13:59:18","modified_gmt":"2025-05-04T11:59:18","slug":"tavolino-basso-in-marmo-mercury","status":"publish","type":"product","link":"https:\/\/forzini.com\/it\/producto\/tavolino-basso-in-marmo-mercury\/","title":{"rendered":"Tavolino basso in marmo Mercury"},"content":{"rendered":"<h1>Tavolino basso in marmo &#8220;Mercury&#8221;<\/h1>\n<p>Ogni pezzo di questo tavolino basso in marmo onice verde \u00e8 meticolosamente realizzato a mano da maestri altamente qualificati. Con una forma rotonda che evoca la perfezione, questo tavolino fonde il sensazionale onice con il sorprendente marmo, creando un&#8217;opera scultorea che aggiunge un tocco di raffinatezza ed eleganza senza tempo a qualsiasi spazio interno. La bellezza naturale dell&#8217;onice si manifesta su ogni superficie, mostrando motivi unici e colori vibranti che catturano l&#8217;essenza della natura. Grazie alla trasparenza naturale dell&#8217;onice, la base consente un&#8217;illuminazione interna che genera una luce soffusa, aggiungendo calore e raffinatezza all&#8217;ambiente. Versatile e contemporaneo, questo tavolino non \u00e8 solo un complemento d&#8217;arredo, ma pu\u00f2 essere utilizzato anche come tavolino da caff\u00e8, comodino o piedistallo per esporre un vaso, un busto o una lampada, arricchendo l&#8217;atmosfera con un&#8217;eleganza impareggiabile. Ogni pezzo \u00e8 una dichiarazione di stile e buon gusto, perfetto per chi desidera aggiungere un tocco di lusso alla propria casa.<\/p>\n<p>Sapevi che il nostro onice possiede una straordinaria traslucenza che ha affascinato artigiani e ammiratori?<\/p>\n<p>La sua capacit\u00e0 di diffondere la luce, anzich\u00e9 rifletterla, conferisce all&#8217;onice una qualit\u00e0 quasi mistica. La luce che filtra attraverso le sue stratificazioni variegate si ammorbidisce, creando un bagliore caldo e accogliente che pu\u00f2 trasformare qualsiasi spazio in un luogo di bellezza e contemplazione. Questa traslucenza \u00e8 una metafora della profondit\u00e0 e della complessit\u00e0. Cos\u00ec come la luce rivela le sfumature nascoste dell&#8217;onice, la pietra ci invita a guardare oltre la superficie, scoprendo la sottile interazione tra colore e forma che si cela al suo interno. In un mondo che spesso valorizza l&#8217;immediato e l&#8217;evidente, la traslucenza dell&#8217;onice ci ricorda la bellezza che si pu\u00f2 trovare nella quiete, nella discrezione e nella profondit\u00e0. \u00c8 questa qualit\u00e0 che rende l&#8217;onice non solo un materiale, ma un mezzo attraverso il quale la natura ci svela i suoi segreti pi\u00f9 affascinanti.<\/p>\n<p>Scopri di pi\u00f9 sulla nostra collezione di marmi e onice attraverso questo link: <a href=\"https:\/\/forzini.com\/it\/materiali\/\" target=\"_blank\" rel=\"noopener\">Materiali<\/a><\/p>\n<h3><strong>Caratteristiche principali:<\/strong><\/h3>\n<h3><strong>Montaggio:<\/strong> Non richiesto.<\/h3>\n<h3><strong>Finitura della pietra:<\/strong> Lucidata.<\/h3>\n<h3><strong>Peso:<\/strong> 75 kg<\/h3>\n","protected":false},"excerpt":{"rendered":"<h2>Tavolino basso in marmo<\/h2>\n<p>onice verde non \u00e8 solo un elemento decorativo distintivo, ma anche straordinariamente versatile. Perfetta come un elegante comodino in marmo, questo mobile multifunzionale pu\u00f2 essere utilizzato anche come un comodo sgabello, adattandosi con facilit\u00e0 a qualsiasi spazio della tua casa.<\/p>\n<h5><strong>Grazie al suo design innovativo, pu\u00f2 essere retroilluminato dal basso, poich\u00e9 l&#8217;onice verde \u00e8 traslucido, trasformando questo tavolino in una lampada con una luce soffusa e affascinante, che crea un&#8217;atmosfera calda e raffinata.<\/strong><\/h5>\n<h4><strong>Dimensioni:<\/strong> Diametro 38 cm, Altezza 52 cm.<\/h4>\n","protected":false},"featured_media":12134,"comment_status":"closed","ping_status":"closed","template":"","meta":{"_acf_changed":false,"_joinchat":[]},"product_brand":[],"product_cat":[276],"product_tag":[263,266],"class_list":{"0":"post-12141","1":"product","2":"type-product","3":"status-publish","4":"has-post-thumbnail","6":"product_cat-tavoli","7":"product_tag-marmo","8":"product_tag-onice","10":"first","11":"instock","12":"sale","13":"shipping-taxable","14":"purchasable","15":"product-type-simple"},"acf":[],"_links":{"self":[{"href":"https:\/\/forzini.com\/it\/wp-json\/wp\/v2\/product\/12141","targetHints":{"allow":["GET"]}}],"collection":[{"href":"https:\/\/forzini.com\/it\/wp-json\/wp\/v2\/product"}],"about":[{"href":"https:\/\/forzini.com\/it\/wp-json\/wp\/v2\/types\/product"}],"replies":[{"embeddable":true,"href":"https:\/\/forzini.com\/it\/wp-json\/wp\/v2\/comments?post=12141"}],"version-history":[{"count":0,"href":"https:\/\/forzini.com\/it\/wp-json\/wp\/v2\/product\/12141\/revisions"}],"wp:featuredmedia":[{"embeddable":true,"href":"https:\/\/forzini.com\/it\/wp-json\/wp\/v2\/media\/12134"}],"wp:attachment":[{"href":"https:\/\/forzini.com\/it\/wp-json\/wp\/v2\/media?parent=12141"}],"wp:term":[{"taxonomy":"product_brand","embeddable":true,"href":"https:\/\/forzini.com\/it\/wp-json\/wp\/v2\/product_brand?post=12141"},{"taxonomy":"product_cat","embeddable":true,"href":"https:\/\/forzini.com\/it\/wp-json\/wp\/v2\/product_cat?post=12141"},{"taxonomy":"product_tag","embeddable":true,"href":"https:\/\/forzini.com\/it\/wp-json\/wp\/v2\/product_tag?post=12141"}],"curies":[{"name":"wp","href":"https:\/\/api.w.org\/{rel}","templated":true}]}}