{"id":12104,"date":"2024-04-05T11:00:29","date_gmt":"2024-04-05T09:00:29","guid":{"rendered":"https:\/\/forzini.com\/producto\/mesa-auxiliar-en-marmol-corus\/"},"modified":"2025-05-04T14:12:24","modified_gmt":"2025-05-04T12:12:24","slug":"tavolino-con-piano-in-marmo","status":"publish","type":"product","link":"https:\/\/forzini.com\/it\/producto\/tavolino-con-piano-in-marmo\/","title":{"rendered":"Tavolino con piano in marmo Corus"},"content":{"rendered":"<h1>Tavolino con piano in marmo &#8220;Corus&#8221;<\/h1>\n<p>L&#8217;originalit\u00e0 di questo tavolino con piano grigio in marmo si manifesta come un capolavoro scultoreo. Questo prezioso tavolino in pietra naturale, con una affascinante forma triangolare, poggia su un elegante supporto in acciaio. Questo pezzo non \u00e8 solo versatile, ma anche sorprendente, donando un tocco di raffinatezza a qualsiasi ambiente e suscitando ammirazione con il suo design innovativo. Realizzato artisticamente in esclusivo marmo bianco, selezionato per le sue delicate sfumature grigie che attraversano la superficie, questo tavolino si distingue per la sua bellezza unica.<\/p>\n<p>Ogni variante di marmo porta con s\u00e9 una personalit\u00e0 distinta, dalla serenit\u00e0 del bianco alla maestosit\u00e0 del nero e alla sofisticazione del grigio. La sua forma trapezoidale permette di creare composizioni artistiche uniche, sia raggruppando pi\u00f9 tavolini per formare figure geometriche, sia utilizzandolo come pezzo singolo che cattura l\u2019attenzione. Sia come punto focale che come elemento complementare nella decorazione della casa, questo tavolino con piano in marmo aggiunge eleganza e valorizza lo stile dell\u2019ambiente.<\/p>\n<p>Marmo Silver Grigio \u2013 Una variante di marmo molto speciale con un fondo grigio e un affascinante gioco di luci bianche tra venature grigie scure. Questa esclusiva variazione cromatica, che va dal grigio chiaro al beige, crea un contrasto straordinario con il fondo.<\/p>\n<p>Sapevi che il nostro Marmo Silver Grigio \u00e8 un vero tesoro tra le pietre naturali e che la sua rarit\u00e0 riflette le condizioni geologiche uniche necessarie per la sua formazione? Si origina dalla metamorfosi del calcare o della dolomite sotto intenso calore e pressione, un processo che ricristallizza i minerali carbonatici in una struttura densa e intrecciata. Questa trasformazione avviene nelle profondit\u00e0 della crosta terrestre, dove le temperature possono raggiungere fino a 800 \u00b0C e le pressioni tra 1,5 e 2,5 GPa. La rarit\u00e0 di questo marmo \u00e8 dovuta alla precisa interazione di elementi naturali e minerali che danno vita al suo affascinante fondo grigio e al suggestivo gioco di venature bianche e grigie scure. La sua palette cromatica, con tonalit\u00e0 che spaziano dal grigio chiaro al beige, crea un contrasto visivo impressionante, al tempo stesso elegante e distintivo. Questo marmo non \u00e8 facilmente reperibile, essendo estratto solo in una regione del sud-est asiatico, il che rende ogni lastra un ritrovamento raro.<\/p>\n<p>Il Marmo Silver Grigio \u00e8 un simbolo di raffinatezza ed esclusivit\u00e0; nelle nostre collezioni viene utilizzato per elementi decorativi e lavabi che diventano il punto focale dello spazio. Il suo impiego nella decorazione di case di lusso riflette un gusto sofisticato e il desiderio di materiali non solo belli, ma anche straordinariamente rari.<\/p>\n<p>&nbsp;<\/p>\n<p><a href=\"https:\/\/forzini.com\/it\/materiali\/\" target=\"_blank\" rel=\"noopener\">Scopri di pi\u00f9 sulla nostra collezione di marmi e onice attraverso questo link: <\/a><a href=\"https:\/\/forzini.com\/it\/materiali\/\" target=\"_blank\" rel=\"noopener\">Materiali<\/a><\/p>\n<h4><strong>Caratteristiche principali:<\/strong><\/h4>\n<h4><strong>Montaggio:<\/strong> Non richiesto.<\/h4>\n<h4><strong>Finitura della pietra:<\/strong> Lucidata.<\/h4>\n<h4><strong>Finitura della base:<\/strong> Acciaio inossidabile, colore nero.<\/h4>\n<h4><strong>Peso:<\/strong> 18 kg.<\/h4>\n","protected":false},"excerpt":{"rendered":"<h2>Tavolino con piano in marmo<\/h2>\n<p>Con la sua forma triangolare e una struttura in acciaio nero, \u00e8 la definizione di creativit\u00e0 e minimalismo. Il suo design \u00e8 perfetto per esaltare lo stile della tua casa, sia creando un insieme armonioso con diversi colori, sia come accento distintivo che cattura tutti gli sguardi. Originale e confortevole, \u00e8 realizzata con il pi\u00f9 raffinato dei marmi, aggiungendo un tocco di eleganza e sofisticazione. La sua superficie lucida riflette la luce in modo delicato, mentre la struttura solida garantisce durata e stabilit\u00e0. Un pezzo che combina funzionalit\u00e0 ed estetica, ideale per chi cerca un arredamento unico che parli da s\u00e9.<\/p>\n<h4><strong>Dimensioni:<\/strong> Lunghezza 35 cm, Larghezza 35 cm, Altezza 62 cm.<\/h4>\n","protected":false},"featured_media":12070,"comment_status":"closed","ping_status":"closed","template":"","meta":{"_acf_changed":false,"_joinchat":[]},"product_brand":[],"product_cat":[276,360],"product_tag":[263],"class_list":{"0":"post-12104","1":"product","2":"type-product","3":"status-publish","4":"has-post-thumbnail","6":"product_cat-tavoli","7":"product_cat-tavolini-in-marmo","8":"product_tag-marmo","10":"first","11":"instock","12":"sale","13":"shipping-taxable","14":"purchasable","15":"product-type-simple"},"acf":[],"_links":{"self":[{"href":"https:\/\/forzini.com\/it\/wp-json\/wp\/v2\/product\/12104","targetHints":{"allow":["GET"]}}],"collection":[{"href":"https:\/\/forzini.com\/it\/wp-json\/wp\/v2\/product"}],"about":[{"href":"https:\/\/forzini.com\/it\/wp-json\/wp\/v2\/types\/product"}],"replies":[{"embeddable":true,"href":"https:\/\/forzini.com\/it\/wp-json\/wp\/v2\/comments?post=12104"}],"version-history":[{"count":0,"href":"https:\/\/forzini.com\/it\/wp-json\/wp\/v2\/product\/12104\/revisions"}],"wp:featuredmedia":[{"embeddable":true,"href":"https:\/\/forzini.com\/it\/wp-json\/wp\/v2\/media\/12070"}],"wp:attachment":[{"href":"https:\/\/forzini.com\/it\/wp-json\/wp\/v2\/media?parent=12104"}],"wp:term":[{"taxonomy":"product_brand","embeddable":true,"href":"https:\/\/forzini.com\/it\/wp-json\/wp\/v2\/product_brand?post=12104"},{"taxonomy":"product_cat","embeddable":true,"href":"https:\/\/forzini.com\/it\/wp-json\/wp\/v2\/product_cat?post=12104"},{"taxonomy":"product_tag","embeddable":true,"href":"https:\/\/forzini.com\/it\/wp-json\/wp\/v2\/product_tag?post=12104"}],"curies":[{"name":"wp","href":"https:\/\/api.w.org\/{rel}","templated":true}]}}