{"id":12075,"date":"2024-10-26T17:16:35","date_gmt":"2024-10-26T15:16:35","guid":{"rendered":"https:\/\/forzini.com\/producto\/mesa-piramide-invertida-alta-de-marmol\/"},"modified":"2025-05-04T14:08:34","modified_gmt":"2025-05-04T12:08:34","slug":"tavolino-lato-divano-in-marmo-bianco","status":"publish","type":"product","link":"https:\/\/forzini.com\/it\/producto\/tavolino-lato-divano-in-marmo-bianco\/","title":{"rendered":"Tavolino lato divano in marmo bianco"},"content":{"rendered":"<h1>Tavolino lato divano in marmo bianco\u00a0&#8220;Corus W&#8221;<\/h1>\n<p>Il tavolino laterale da divano in marmo bianco si presenta come un pezzo scultoreo straordinario che trasforma qualsiasi spazio. Questo elegante mobile decorativo, realizzato in pietra naturale, esibisce una forma triangolare affascinante che cattura tutti gli sguardi. La sua solida base in acciaio garantisce stabilit\u00e0 e un tocco moderno che completa il suo design.<\/p>\n<p>Realizzato in marmo bianco esclusivo, selezionato per le sue delicate venature grigie, questo tavolino ne esalta la bellezza unica. La sua forma trapezoidale non \u00e8 solo esteticamente attraente, ma permette anche la creazione di composizioni artistiche, sia raggruppando pi\u00f9 tavolini per ottenere configurazioni geometriche, sia utilizzandolo come elemento indipendente di grande impatto.<\/p>\n<p>Il tavolino a piramide rovesciata in marmo \u00e8 ideale sia come punto focale in un soggiorno sia come complemento in un ambiente pi\u00f9 intimo, elevando l&#8217;estetica di qualsiasi stanza con il suo stile distintivo e sofisticato.<\/p>\n<p>Marmo Snow Leopard \u2013 Questo marmo, caratterizzato dal suo fondo bianco e dalle sottili sfumature grigie, viene estratto in quantit\u00e0 limitate da una regione specifica. Il suo fascino risiede nelle sue venature distintive, che creano un motivo unico e aggiungono un tocco esclusivo a ogni creazione.<\/p>\n<p>Sapevi che il Marmo Snow Leopard \u00e8 un vero e proprio tesoro tra le pietre naturali? La sua rarit\u00e0 deriva dalle condizioni geologiche uniche necessarie per la sua formazione. Questo marmo si origina dalla metamorfosi del calcare o della dolomite sotto condizioni estreme di calore e pressione, creando una struttura densa e intrecciata. Con una palette di colori che varia dal bianco al grigio chiaro, questo materiale non solo \u00e8 visivamente sorprendente, ma viene anche estratto in piccole quantit\u00e0 da una regione specifica del sud-est asiatico, rendendo ogni pezzo una scoperta eccezionale. Il Marmo Snow Leopard \u00e8 sinonimo di raffinatezza ed esclusivit\u00e0, utilizzato in decorazioni e mobili che diventano il fulcro di qualsiasi spazio. La sua presenza nell&#8217;interior design di lusso riflette un gusto raffinato e la ricerca di materiali che siano al tempo stesso belli e unici.<\/p>\n<p>&nbsp;<\/p>\n<p><a href=\"https:\/\/forzini.com\/it\/materiali\/\" target=\"_blank\" rel=\"noopener\">Scopri di pi\u00f9 sulla nostra collezione di marmi e onice attraverso questo link: <\/a><a href=\"https:\/\/forzini.com\/it\/materiali\/\" target=\"_blank\" rel=\"noopener\">Materiali<\/a><\/p>\n<h4><strong>Caratteristiche principali:<\/strong><\/h4>\n<h4><strong>Montaggio:<\/strong> Non richiesto.<\/h4>\n<h4><strong>Finitura della pietra:<\/strong> Lucidata.<\/h4>\n<h4><strong>Finitura della base:<\/strong> Acciaio inossidabile, colore nero.<\/h4>\n<h4><strong>Peso:<\/strong> 18 kg.<\/h4>\n","protected":false},"excerpt":{"rendered":"<h2>Tavolino lato divano in marmo bianco<\/h2>\n<p>Con il suo design trapezoidale e la robusta base in acciaio, questo tavolino alto a piramide rovesciata in marmo incarna la perfetta fusione di creativit\u00e0 e minimalismo. Il suo stile distintivo si adatta a qualsiasi ambiente, sia completando una palette di colori armoniosa sia fungendo da sorprendente punto focale che cattura ogni sguardo.<\/p>\n<h4>Dimensioni: Lunghezza 35 cm, Larghezza 35 cm, Altezza 62 cm.<\/h4>\n","protected":false},"featured_media":12068,"comment_status":"closed","ping_status":"closed","template":"","meta":{"_acf_changed":false,"_joinchat":[]},"product_brand":[],"product_cat":[276,360],"product_tag":[263],"class_list":{"0":"post-12075","1":"product","2":"type-product","3":"status-publish","4":"has-post-thumbnail","6":"product_cat-tavoli","7":"product_cat-tavolini-in-marmo","8":"product_tag-marmo","10":"first","11":"outofstock","12":"sale","13":"shipping-taxable","14":"purchasable","15":"product-type-simple"},"acf":[],"_links":{"self":[{"href":"https:\/\/forzini.com\/it\/wp-json\/wp\/v2\/product\/12075","targetHints":{"allow":["GET"]}}],"collection":[{"href":"https:\/\/forzini.com\/it\/wp-json\/wp\/v2\/product"}],"about":[{"href":"https:\/\/forzini.com\/it\/wp-json\/wp\/v2\/types\/product"}],"replies":[{"embeddable":true,"href":"https:\/\/forzini.com\/it\/wp-json\/wp\/v2\/comments?post=12075"}],"version-history":[{"count":0,"href":"https:\/\/forzini.com\/it\/wp-json\/wp\/v2\/product\/12075\/revisions"}],"wp:featuredmedia":[{"embeddable":true,"href":"https:\/\/forzini.com\/it\/wp-json\/wp\/v2\/media\/12068"}],"wp:attachment":[{"href":"https:\/\/forzini.com\/it\/wp-json\/wp\/v2\/media?parent=12075"}],"wp:term":[{"taxonomy":"product_brand","embeddable":true,"href":"https:\/\/forzini.com\/it\/wp-json\/wp\/v2\/product_brand?post=12075"},{"taxonomy":"product_cat","embeddable":true,"href":"https:\/\/forzini.com\/it\/wp-json\/wp\/v2\/product_cat?post=12075"},{"taxonomy":"product_tag","embeddable":true,"href":"https:\/\/forzini.com\/it\/wp-json\/wp\/v2\/product_tag?post=12075"}],"curies":[{"name":"wp","href":"https:\/\/api.w.org\/{rel}","templated":true}]}}