{"id":12032,"date":"2024-10-26T19:49:00","date_gmt":"2024-10-26T17:49:00","guid":{"rendered":"https:\/\/forzini.com\/producto\/mesa-decorativa-de-marmol-onix\/"},"modified":"2025-05-04T13:50:52","modified_gmt":"2025-05-04T11:50:52","slug":"mesa-decorativa-de-marmol-onix","status":"publish","type":"product","link":"https:\/\/forzini.com\/it\/producto\/mesa-decorativa-de-marmol-onix\/","title":{"rendered":"Tavolino ausiliario in onice verde"},"content":{"rendered":"<h1>Tavolino ausiliario in onice verde\u00a0&#8220;Tellus G&#8221;<\/h1>\n<p>Il tavolino ausiliario in onice verde \u00e8 un vero gioiello dell&#8217;artigianato moderno. Il suo design unico a forma di clessidra riflette la dualit\u00e0 e il flusso del tempo. Questo tavolino non solo cattura visivamente, ma \u00e8 anche altamente funzionale e versatile. La combinazione di marmo e onice si traduce in un capolavoro che trasuda lusso ed eleganza. Ogni tavolino \u00e8 esclusivo grazie ai materiali rari ed eccezionali utilizzati, rendendolo unico. Questo tavolino decorativo in marmo e onice non solo abbellisce la tua casa, ma diventa un&#8217;eredit\u00e0 duratura, fatta per essere ammirata e tramandata di generazione in generazione. La sua fusione di innovazione e tradizione lo rende un simbolo di stile e raffinatezza.<\/p>\n<p><strong>Sapevi che il nostro Onice Verde Amazzonico, per la sua rarit\u00e0 e unicit\u00e0, \u00e8 una gemma che emana un&#8217;aura di mistero e lusso?<\/strong> La sua singolarit\u00e0 ed esclusivit\u00e0 sono eguagliate solo dalla sua straordinaria bellezza, soprattutto quando viene utilizzato nei tavolini. La qualit\u00e0 traslucida dell&#8217;Onice Verde Amazzonico permette alla luce di attraversarlo, donandogli una luminosit\u00e0 affascinante che pu\u00f2 trasformare qualsiasi spazio interno. La bellezza dei tavolini in onice verde risiede nei loro motivi naturali, che sembrano le pennellate di un capolavoro della natura. Ogni pietra grezza che selezioniamo presenta venature uniche di marrone intenso, oro cioccolato, rossastro, su uno sfondo verde bosco, intervallate da tonalit\u00e0 di nuvole bianche o diverse sfumature di verde che creano un paesaggio incantevole. La lavorazione dei tavolini in onice verde \u00e8 un processo delicato che richiede artigiani esperti. La scarsit\u00e0 di questo materiale rende difficile trovare pezzi grandi e senza imperfezioni adatti per i piani dei tavolini, trasformando ogni pezzo finito in un raro tesoro. Nel mondo dell&#8217;arredamento di alta gamma, un tavolino in onice verde \u00e8 un simbolo di status e gusto. \u00c8 un materiale tanto durevole quanto bello, garantendo che possa essere ammirato per generazioni.<\/p>\n<p>&nbsp;<\/p>\n<p>Scopri di pi\u00f9 sulla nostra collezione di marmi e onice attraverso questo link: <a href=\"https:\/\/forzini.com\/it\/materiali\/\" target=\"_blank\" rel=\"noopener\">Materiali<\/a><\/p>\n<h3><strong>Caratteristiche principali:<\/strong><\/h3>\n<h3><strong>Montaggio:<\/strong> Non richiesto.<\/h3>\n<h3><strong>Finitura della pietra:<\/strong> Lucidata.<\/h3>\n<h3><strong>Peso:<\/strong> 35 kg<\/h3>\n","protected":false},"excerpt":{"rendered":"<h2>Tavolino ausiliario in onice verde<\/h2>\n<p>Con il suo design esclusivo e audace, questo tavolino \u00e8 tanto elegante quanto accogliente. La sua unicit\u00e0 e stile innovativo gli permettono di integrarsi facilmente in qualsiasi ambiente, apportando un tocco fresco e originale. La combinazione armoniosa di marmo squisito e onice naturale culmina in un&#8217;opera d&#8217;arte artigianale, che valorizza qualsiasi spazio con un&#8217;elegante pennellata di raffinatezza e sofisticazione.<\/p>\n<h5>Grazie al suo design innovativo e alle propriet\u00e0 traslucide dell&#8217;onice, questo tavolino ausiliario in onice verde pu\u00f2 essere retroilluminato da sotto con una semplice lampadina, trasformandosi in una lampada che crea un\u2019atmosfera calda e rilassante.<\/h5>\n<h4>Dimensioni: Diametro 30 cm, Altezza 52 cm<\/h4>\n","protected":false},"featured_media":12026,"comment_status":"closed","ping_status":"closed","template":"","meta":{"_acf_changed":false,"_joinchat":[]},"product_brand":[],"product_cat":[276,396],"product_tag":[266],"class_list":{"0":"post-12032","1":"product","2":"type-product","3":"status-publish","4":"has-post-thumbnail","6":"product_cat-tavoli","7":"product_cat-tavolini-in-pietra","8":"product_tag-onice","10":"first","11":"instock","12":"sale","13":"featured","14":"shipping-taxable","15":"purchasable","16":"product-type-simple"},"acf":[],"_links":{"self":[{"href":"https:\/\/forzini.com\/it\/wp-json\/wp\/v2\/product\/12032","targetHints":{"allow":["GET"]}}],"collection":[{"href":"https:\/\/forzini.com\/it\/wp-json\/wp\/v2\/product"}],"about":[{"href":"https:\/\/forzini.com\/it\/wp-json\/wp\/v2\/types\/product"}],"replies":[{"embeddable":true,"href":"https:\/\/forzini.com\/it\/wp-json\/wp\/v2\/comments?post=12032"}],"version-history":[{"count":0,"href":"https:\/\/forzini.com\/it\/wp-json\/wp\/v2\/product\/12032\/revisions"}],"wp:featuredmedia":[{"embeddable":true,"href":"https:\/\/forzini.com\/it\/wp-json\/wp\/v2\/media\/12026"}],"wp:attachment":[{"href":"https:\/\/forzini.com\/it\/wp-json\/wp\/v2\/media?parent=12032"}],"wp:term":[{"taxonomy":"product_brand","embeddable":true,"href":"https:\/\/forzini.com\/it\/wp-json\/wp\/v2\/product_brand?post=12032"},{"taxonomy":"product_cat","embeddable":true,"href":"https:\/\/forzini.com\/it\/wp-json\/wp\/v2\/product_cat?post=12032"},{"taxonomy":"product_tag","embeddable":true,"href":"https:\/\/forzini.com\/it\/wp-json\/wp\/v2\/product_tag?post=12032"}],"curies":[{"name":"wp","href":"https:\/\/api.w.org\/{rel}","templated":true}]}}