{"id":11981,"date":"2024-10-26T23:56:56","date_gmt":"2024-10-26T21:56:56","guid":{"rendered":"https:\/\/forzini.com\/producto\/mesa-de-onix-rosa\/"},"modified":"2025-05-04T13:57:13","modified_gmt":"2025-05-04T11:57:13","slug":"tavolo-plinth-cubo-in-onice-rosso","status":"publish","type":"product","link":"https:\/\/forzini.com\/it\/producto\/tavolo-plinth-cubo-in-onice-rosso\/","title":{"rendered":"Tavolo Plinth cubo in onice rosso"},"content":{"rendered":"<h1>Tavolo Plinth cubo in onice rosso &#8220;Juventas P&#8221;<\/h1>\n<p>Puro stile minimalista, questo Tavolo Plinth cubico in onice rosso \u00e8 una meraviglia scultorea che combina forme classiche con un tocco moderno. Il suo design trasmette lusso e semplicit\u00e0, creando un&#8217;aura di eleganza che valorizza qualsiasi ambiente. Le linee pulite del tavolo e la ricca texture dell&#8217;onice si fondono, dando vita a un pezzo funzionale e simbolo di raffinatezza. \u00c8 realizzato in autentico onice rosa, verde eccezionale, bianco raffinato e onice verde chiaro, assolutamente straordinario nella sua bellezza. Questo piccolo tavolino ausiliario diventa il vero protagonista di qualsiasi spazio.<\/p>\n<p>Rosa Shade Onice \u2013 si distingue per il suo colore rosa che risplende con una luminosit\u00e0 impressionante e affascinante. I suoi strati complessi rivelano un effetto visivo straordinario, capace di evocare profonde emozioni alla vista. Il fondo rosa, impreziosito da delicate nuvole e venature biancastre intervallate da venature pi\u00f9 scure, crea un disegno incantevole e ipnotico.<\/p>\n<p>L&#8217;Onice Rosa Shade si caratterizza per la sua bellezza unica, accentuata da venature delicate e nuvole che attraversano un fondo rosa tenue. La sua superficie, finemente lucidata, rivela sfumature rosate e ombre naturali che generano un affascinante gioco di luci e texture. Questo effetto si apprezza particolarmente in pezzi come piccoli tavolini ausiliari, angolari o elementi decorativi, capaci di catturare l&#8217;attenzione con la loro enigmatica eleganza. Il caratteristico colore rosa dell&#8217;Onice Rosa Shade, sofisticato ed elegante, crea un&#8217;atmosfera unica, avvolta da fascino e serenit\u00e0.<\/p>\n<p>La sua presenza trasforma gli ambienti, evocando una profonda connessione con la bellezza naturale, scolpita con cura dal tempo. Ogni pezzo di questo onice trasmette un senso di mistero e fascinazione, ispirando emozioni che solo la natura pu\u00f2 suscitare. Il nostro Onice Rosa Shade \u00e8 un&#8217;opera d&#8217;arte a s\u00e9 stante: emozionante, raffinato e affascinante. \u00c8 come un quadro squisito che, con il suo carattere unico e distintivo, esalta la personalit\u00e0 di ogni casa, trasformandola in uno spazio di autenticit\u00e0 e stile incomparabile.<\/p>\n<p>&nbsp;<\/p>\n<p>Scopri di pi\u00f9 sulla nostra collezione di marmi e onice attraverso questo link: <a href=\"https:\/\/forzini.com\/it\/materiali\/\" target=\"_blank\" rel=\"noopener\">Materiali<\/a><\/p>\n<h3><strong>Caratteristiche principali:<\/strong><\/h3>\n<h3><strong>Montaggio:<\/strong> Non richiesto.<\/h3>\n<h3><strong>Finitura della pietra:<\/strong> Lucidata.<\/h3>\n<h3><strong>Peso:<\/strong> 35 kg<\/h3>\n","protected":false},"excerpt":{"rendered":"<h2><span class=\"keyword _ngcontent-qyy-106\" aria-hidden=\"false\">Tavolo Plinth cubo in onice rosso<\/span><\/h2>\n<p>Realizzato a mano da maestri artigiani in forma cubica, questo pezzo moderno e lussuoso cattura l&#8217;attenzione in qualsiasi spazio. Il suo design minimalista e la propriet\u00e0 traslucida dell&#8217;onice permettono alla luce di attraversarlo, creando un effetto visivo unico e sofisticato. Ideale per chi desidera aggiungere un tocco di distinzione, questo tavolino in onice rosa si distingue sia come elemento decorativo che funzionale, combinando bellezza ed esclusivit\u00e0 in un pezzo unico.<\/p>\n<h5>Grazie al suo design innovativo e alle propriet\u00e0 traslucide dell&#8217;onice, questo tavolo plinth cubo in onice rosso pu\u00f2 essere retroilluminato da sotto con una semplice lampadina, trasformandosi in una lampada che crea un\u2019atmosfera calda e rilassante.<\/h5>\n<h4>Dimensioni: Larghezza 40 cm, Lunghezza 40 cm, Altezza 45 cm.<\/h4>\n","protected":false},"featured_media":11974,"comment_status":"closed","ping_status":"closed","template":"","meta":{"_acf_changed":false,"_joinchat":[]},"product_brand":[],"product_cat":[276,396],"product_tag":[266],"class_list":{"0":"post-11981","1":"product","2":"type-product","3":"status-publish","4":"has-post-thumbnail","6":"product_cat-tavoli","7":"product_cat-tavolini-in-pietra","8":"product_tag-onice","10":"first","11":"outofstock","12":"featured","13":"shipping-taxable","14":"purchasable","15":"product-type-simple"},"acf":[],"_links":{"self":[{"href":"https:\/\/forzini.com\/it\/wp-json\/wp\/v2\/product\/11981","targetHints":{"allow":["GET"]}}],"collection":[{"href":"https:\/\/forzini.com\/it\/wp-json\/wp\/v2\/product"}],"about":[{"href":"https:\/\/forzini.com\/it\/wp-json\/wp\/v2\/types\/product"}],"replies":[{"embeddable":true,"href":"https:\/\/forzini.com\/it\/wp-json\/wp\/v2\/comments?post=11981"}],"version-history":[{"count":0,"href":"https:\/\/forzini.com\/it\/wp-json\/wp\/v2\/product\/11981\/revisions"}],"wp:featuredmedia":[{"embeddable":true,"href":"https:\/\/forzini.com\/it\/wp-json\/wp\/v2\/media\/11974"}],"wp:attachment":[{"href":"https:\/\/forzini.com\/it\/wp-json\/wp\/v2\/media?parent=11981"}],"wp:term":[{"taxonomy":"product_brand","embeddable":true,"href":"https:\/\/forzini.com\/it\/wp-json\/wp\/v2\/product_brand?post=11981"},{"taxonomy":"product_cat","embeddable":true,"href":"https:\/\/forzini.com\/it\/wp-json\/wp\/v2\/product_cat?post=11981"},{"taxonomy":"product_tag","embeddable":true,"href":"https:\/\/forzini.com\/it\/wp-json\/wp\/v2\/product_tag?post=11981"}],"curies":[{"name":"wp","href":"https:\/\/api.w.org\/{rel}","templated":true}]}}