{"id":11965,"date":"2024-10-27T00:36:37","date_gmt":"2024-10-26T22:36:37","guid":{"rendered":"https:\/\/forzini.com\/producto\/mesa-cubo-marmol\/"},"modified":"2025-05-04T13:55:47","modified_gmt":"2025-05-04T11:55:47","slug":"cubo-da-salotto-in-onice-bianco","status":"publish","type":"product","link":"https:\/\/forzini.com\/it\/producto\/cubo-da-salotto-in-onice-bianco\/","title":{"rendered":"Cubo da salotto in onice bianco"},"content":{"rendered":"<h1>Cubo da salotto in onice bianco\u00a0&#8220;Juventas W&#8221;<\/h1>\n<p>Questo cubo da salotto in onice bianco, meticolosamente lavorato a mano, si distingue come un pezzo moderno e lussuoso dal design senza tempo. La sua struttura minimalista esalta l\u2019eleganza naturale dell\u2019onice, una pietra semipreziosa di straordinaria bellezza, molto apprezzata anche in gioielleria. La sua superficie traslucida permette alla luce di evidenziare le tonalit\u00e0 e le venature uniche, conferendo un tocco esclusivo e raffinato a qualsiasi ambiente. Perfetto per decorare il tuo salotto o come comodino, questo pezzo iconico trasforma ogni spazio con la sua sofisticata e distintiva presenza.<\/p>\n<p>Onice Duna Dorata \u2013 Il fondo bianco \u00e8 come una tela serena, delicatamente impreziosita da morbide nuvole bianche che fluttuano con grazia sulla superficie. Sfumature cremose e gialle, insieme a venature in tonalit\u00e0 dorate, caramello, marrone, cognac e rossicce, arricchiscono la pietra con una bellezza unica. Questo speciale onice bianco \u00e8 una rarit\u00e0, disponibile solo in piccole quantit\u00e0, poich\u00e9 viene estratto da una localit\u00e0 specifica.<\/p>\n<p>&nbsp;<\/p>\n<p>Scopri di pi\u00f9 sulla nostra collezione di marmi e onice attraverso questo link: <a href=\"https:\/\/forzini.com\/it\/materiali\/\" target=\"_blank\" rel=\"noopener\">Materiali<\/a><\/p>\n<h3><strong>Caratteristiche principali:<\/strong><\/h3>\n<h3><strong>Montaggio:<\/strong> Non richiesto.<\/h3>\n<h3><strong>Finitura della pietra:<\/strong> Lucidata.<\/h3>\n<h3><strong>Peso:<\/strong> 35 kg<\/h3>\n","protected":false},"excerpt":{"rendered":"<h2>Cubo da salotto in onice bianco<\/h2>\n<p>realizzato a mano con meticolosa artigianalit\u00e0, rappresenta una fusione perfetta di modernit\u00e0 e lusso senza tempo. Con un design minimalista che esalta la purezza delle sue linee, questo pezzo iconico valorizza la bellezza intrinseca dell\u2019onice, una pietra semipreziosa utilizzata anche in gioielleria. La sua finitura traslucida ed elegante rende questo tavolino un vero tesoro decorativo, ideale per abbellire qualsiasi soggiorno o come comodino, dove aggiunge un tocco unico di distinzione e raffinatezza.<\/p>\n<h5>Grazie al suo design innovativo e alle propriet\u00e0 traslucide dell&#8217;onice, questo cubo da salotto in onice bianco pu\u00f2 essere retroilluminato da sotto con una semplice lampadina, trasformandosi in una lampada che crea un\u2019atmosfera calda e rilassante.<\/h5>\n<h4>Dimensioni: Larghezza 40 cm, Lunghezza 40 cm, Altezza 45 cm<\/h4>\n","protected":false},"featured_media":11957,"comment_status":"closed","ping_status":"closed","template":"","meta":{"_acf_changed":false,"_joinchat":[]},"product_brand":[],"product_cat":[276,396],"product_tag":[266],"class_list":{"0":"post-11965","1":"product","2":"type-product","3":"status-publish","4":"has-post-thumbnail","6":"product_cat-tavoli","7":"product_cat-tavolini-in-pietra","8":"product_tag-onice","10":"first","11":"instock","12":"sale","13":"featured","14":"shipping-taxable","15":"purchasable","16":"product-type-simple"},"acf":[],"_links":{"self":[{"href":"https:\/\/forzini.com\/it\/wp-json\/wp\/v2\/product\/11965","targetHints":{"allow":["GET"]}}],"collection":[{"href":"https:\/\/forzini.com\/it\/wp-json\/wp\/v2\/product"}],"about":[{"href":"https:\/\/forzini.com\/it\/wp-json\/wp\/v2\/types\/product"}],"replies":[{"embeddable":true,"href":"https:\/\/forzini.com\/it\/wp-json\/wp\/v2\/comments?post=11965"}],"version-history":[{"count":0,"href":"https:\/\/forzini.com\/it\/wp-json\/wp\/v2\/product\/11965\/revisions"}],"wp:featuredmedia":[{"embeddable":true,"href":"https:\/\/forzini.com\/it\/wp-json\/wp\/v2\/media\/11957"}],"wp:attachment":[{"href":"https:\/\/forzini.com\/it\/wp-json\/wp\/v2\/media?parent=11965"}],"wp:term":[{"taxonomy":"product_brand","embeddable":true,"href":"https:\/\/forzini.com\/it\/wp-json\/wp\/v2\/product_brand?post=11965"},{"taxonomy":"product_cat","embeddable":true,"href":"https:\/\/forzini.com\/it\/wp-json\/wp\/v2\/product_cat?post=11965"},{"taxonomy":"product_tag","embeddable":true,"href":"https:\/\/forzini.com\/it\/wp-json\/wp\/v2\/product_tag?post=11965"}],"curies":[{"name":"wp","href":"https:\/\/api.w.org\/{rel}","templated":true}]}}