{"id":11897,"date":"2024-10-27T20:14:49","date_gmt":"2024-10-27T19:14:49","guid":{"rendered":"https:\/\/forzini.com\/producto\/mesa-baja-redonda-de-onix\/"},"modified":"2025-05-04T14:05:48","modified_gmt":"2025-05-04T12:05:48","slug":"tavolino-rotondo-da-salotto-in-marmo","status":"publish","type":"product","link":"https:\/\/forzini.com\/it\/producto\/tavolino-rotondo-da-salotto-in-marmo\/","title":{"rendered":"Tavolino rotondo da salotto in marmo"},"content":{"rendered":"<h1>Tavolino rotondo da salotto in marmo &#8220;Trivia G&#8221;<\/h1>\n<p>Il tavolino rotondo da salotto in marmo \u00e8 un pezzo piccolo e affascinante che arricchisce qualsiasi spazio con un accento sorprendente. Il suo design innovativo combina in modo unico l&#8217;onice e il marmo, creando linee eleganti che catturano l&#8217;attenzione di tutti. Realizzato con pietre solide e massicce, questo tavolino ha una forma rotonda che dona morbidezza e armonia all&#8217;ambiente.<\/p>\n<p>Il suo spettacolare design, che fonde il marmo beige con il prezioso onice verde, lo rende un elemento memorabile in qualsiasi stanza. La combinazione di questi materiali non solo aggiunge un tocco di lusso, ma valorizza anche la bellezza naturale di ogni pietra, trasformandolo in un vero punto focale.<\/p>\n<p>Grazie alla sua versatilit\u00e0, il tavolino rotondo da salotto in marmo pu\u00f2 essere usato come comodino, posizionato con eleganza accanto al letto. \u00c8 perfetto anche accanto al divano, offrendo un pratico spazio per libri, bevande o decorazioni. Inoltre, il suo design distintivo lo rende una scelta ideale per il centro del salotto, dove pu\u00f2 essere utilizzato come tavolino da caff\u00e8, aggiungendo un tocco di raffinatezza alla tua decorazione.<\/p>\n<p>Che tu voglia creare un&#8217;atmosfera accogliente o un ambiente moderno ed elegante, il tavolino basso rotondo in onice \u00e8 la scelta perfetta per chi cerca un pezzo di design eccezionale che unisca funzionalit\u00e0 ed estetica. Questo tavolino non \u00e8 solo pratico, ma rappresenta una vera opera d&#8217;arte in pietra che trasformer\u00e0 la tua casa.<\/p>\n<p>&nbsp;<\/p>\n<p>Scopri di pi\u00f9 sulla nostra collezione di marmi e onice attraverso questo link: <a href=\"https:\/\/forzini.com\/it\/materiali\/\" target=\"_blank\" rel=\"noopener\">Materiali<\/a><\/p>\n<h3><strong>Caratteristiche principali:<\/strong><\/h3>\n<h3><strong>Montaggio:<\/strong> Non richiesto.<\/h3>\n<h3><strong>Finitura della pietra:<\/strong> Lucidata.<\/h3>\n<h3><strong>Peso:<\/strong> 75 kg<\/h3>\n","protected":false},"excerpt":{"rendered":"<h2>Tavolino rotondo da salotto in marmo<\/h2>\n<p>\u00c8 un pezzo affascinante che aggiunge un tocco di distinzione a qualsiasi spazio. Con il suo design originale, combina elegantemente l&#8217;onice verde con il marmo beige in linee armoniose, rendendolo un punto focale affascinante.<\/p>\n<p>Realizzato con pietre solide e massicce, questo tavolino rotondo \u00e8 perfetto come comodino, accanto al divano o come tavolino da caff\u00e8 al centro del salotto. La sua versatilit\u00e0 e il suo stile lo rendono ideale per valorizzare l\u2019arredamento di qualsiasi stanza, offrendo sia funzionalit\u00e0 che un\u2019aria di raffinatezza.<\/p>\n<h4><strong>Dimensioni:<\/strong> Diametro 38 cm, Altezza 52 cm.<\/h4>\n","protected":false},"featured_media":11891,"comment_status":"closed","ping_status":"closed","template":"","meta":{"_acf_changed":false,"_joinchat":[]},"product_brand":[],"product_cat":[276,396],"product_tag":[263,266],"class_list":{"0":"post-11897","1":"product","2":"type-product","3":"status-publish","4":"has-post-thumbnail","6":"product_cat-tavoli","7":"product_cat-tavolini-in-pietra","8":"product_tag-marmo","9":"product_tag-onice","11":"first","12":"instock","13":"sale","14":"featured","15":"shipping-taxable","16":"purchasable","17":"product-type-simple"},"acf":[],"_links":{"self":[{"href":"https:\/\/forzini.com\/it\/wp-json\/wp\/v2\/product\/11897","targetHints":{"allow":["GET"]}}],"collection":[{"href":"https:\/\/forzini.com\/it\/wp-json\/wp\/v2\/product"}],"about":[{"href":"https:\/\/forzini.com\/it\/wp-json\/wp\/v2\/types\/product"}],"replies":[{"embeddable":true,"href":"https:\/\/forzini.com\/it\/wp-json\/wp\/v2\/comments?post=11897"}],"version-history":[{"count":0,"href":"https:\/\/forzini.com\/it\/wp-json\/wp\/v2\/product\/11897\/revisions"}],"wp:featuredmedia":[{"embeddable":true,"href":"https:\/\/forzini.com\/it\/wp-json\/wp\/v2\/media\/11891"}],"wp:attachment":[{"href":"https:\/\/forzini.com\/it\/wp-json\/wp\/v2\/media?parent=11897"}],"wp:term":[{"taxonomy":"product_brand","embeddable":true,"href":"https:\/\/forzini.com\/it\/wp-json\/wp\/v2\/product_brand?post=11897"},{"taxonomy":"product_cat","embeddable":true,"href":"https:\/\/forzini.com\/it\/wp-json\/wp\/v2\/product_cat?post=11897"},{"taxonomy":"product_tag","embeddable":true,"href":"https:\/\/forzini.com\/it\/wp-json\/wp\/v2\/product_tag?post=11897"}],"curies":[{"name":"wp","href":"https:\/\/api.w.org\/{rel}","templated":true}]}}