{"id":11881,"date":"2024-10-27T21:43:58","date_gmt":"2024-10-27T20:43:58","guid":{"rendered":"https:\/\/forzini.com\/producto\/mesa-de-sofa-marmol\/"},"modified":"2025-05-04T13:52:44","modified_gmt":"2025-05-04T11:52:44","slug":"tavolino-in-marmo-verde","status":"publish","type":"product","link":"https:\/\/forzini.com\/it\/producto\/tavolino-in-marmo-verde\/","title":{"rendered":"Tavolino in marmo verde"},"content":{"rendered":"<h1>Tavolino in marmo verde\u00a0&#8220;Mercury L&#8221;<\/h1>\n<p>Il nostro tavolino in marmo verde \u00e8 un pezzo di design veramente innovativo che combina eleganza e originalit\u00e0. La sua struttura rotonda, realizzata con una base in onice verde chiaro e una superficie in marmo beige, gli conferisce un aspetto unico che lo distingue da qualsiasi altro tavolino. La scelta dei materiali non solo crea un contrasto visivo affascinante, ma permette anche che questo tavolino diventi un elemento retroilluminato spettacolare. Grazie alla naturale trasparenza dell\u2019onice, la base pu\u00f2 essere illuminata dall&#8217;interno, creando un effetto luminoso che aggiunge un\u2019atmosfera calda e sofisticata allo spazio.<\/p>\n<p>Con il suo design all&#8217;avanguardia, questo tavolino diventa un punto focale ideale per salotti moderni ed eleganti. Immagina l&#8217;impatto visivo di un tavolino che non solo si distingue per il suo aspetto, ma valorizza anche l\u2019ambiente con una luminosit\u00e0 soffusa e accogliente quando illuminato. Il nostro tavolino in marmo verde non solo esalta la bellezza naturale del marmo beige, con la sua superficie morbida e calda, ma anche la particolarit\u00e0 dell\u2019onice verde, che dona un tocco di distinzione ed esclusivit\u00e0.<\/p>\n<p>Oltre a essere un elemento funzionale, perfetto per essere posizionato accanto al divano come supporto per bevande, libri o dispositivi, questo tavolino \u00e8 una vera opera d\u2019arte. La combinazione tra marmo e onice \u00e8 ideale per chi cerca una decorazione unica e memorabile per la propria casa. Ogni dettaglio di questo tavolino \u00e8 stato scelto per conferire stile e personalit\u00e0 all\u2019ambiente, garantendo che sia un pezzo capace di sorprendere e impressionare chiunque lo veda.<\/p>\n<p>Scopri di pi\u00f9 sulla nostra collezione di marmi e onice attraverso questo link: <a href=\"https:\/\/forzini.com\/it\/materiali\/\" target=\"_blank\" rel=\"noopener\">Materiali<\/a><\/p>\n<h3><strong>Caratteristiche principali:<\/strong><\/h3>\n<h3><strong>Montaggio:<\/strong> Non richiesto.<\/h3>\n<h3><strong>Finitura della pietra:<\/strong> Lucidata.<\/h3>\n<h3><strong>Peso:<\/strong> 75 kg<\/h3>\n","protected":false},"excerpt":{"rendered":"<h2>Tavolino in marmo verde<\/h2>\n<p>\u00c8 un pezzo di design innovativo e sofisticato, perfetto per chi desidera valorizzare il proprio spazio con un elemento unico. La sua forma rotonda e la combinazione di onice verde chiaro con marmo beige gli conferiscono uno stile insolito e affascinante. La base in onice verde pu\u00f2 essere retroilluminata, poich\u00e9 questa pietra trasmette la luce, trasformando il tavolino in un elemento spettacolare di illuminazione ambientale.<\/p>\n<p>Immagina di sorprendere i tuoi ospiti con questo tavolino cos\u00ec originale, che esalta la bellezza naturale dell&#8217;onice e la combina con la morbidezza senza tempo del marmo beige. \u00c8 ideale per aggiungere un tocco di eleganza e raffinatezza, distinguendosi in qualsiasi salotto. Questo tavolino da salotto in marmo non \u00e8 solo funzionale, ma anche una vera opera d&#8217;arte che impressiona con la sua presenza e il suo stile incomparabile.<\/p>\n<h5>Grazie al suo design innovativo e alle propriet\u00e0 traslucide dell&#8217;onice, questo tavolino in marmo verde onice pu\u00f2 essere retroilluminato da sotto con una semplice lampadina, trasformandosi in una lampada che crea un\u2019atmosfera calda e rilassante.<\/h5>\n<h4>Dimensioni: Diametro 38 cm, Altezza 52 cm<\/h4>\n","protected":false},"featured_media":11874,"comment_status":"closed","ping_status":"closed","template":"","meta":{"_acf_changed":false,"_joinchat":[]},"product_brand":[],"product_cat":[276,360],"product_tag":[263,266],"class_list":{"0":"post-11881","1":"product","2":"type-product","3":"status-publish","4":"has-post-thumbnail","6":"product_cat-tavoli","7":"product_cat-tavolini-in-marmo","8":"product_tag-marmo","9":"product_tag-onice","11":"first","12":"instock","13":"sale","14":"shipping-taxable","15":"purchasable","16":"product-type-simple"},"acf":[],"_links":{"self":[{"href":"https:\/\/forzini.com\/it\/wp-json\/wp\/v2\/product\/11881","targetHints":{"allow":["GET"]}}],"collection":[{"href":"https:\/\/forzini.com\/it\/wp-json\/wp\/v2\/product"}],"about":[{"href":"https:\/\/forzini.com\/it\/wp-json\/wp\/v2\/types\/product"}],"replies":[{"embeddable":true,"href":"https:\/\/forzini.com\/it\/wp-json\/wp\/v2\/comments?post=11881"}],"version-history":[{"count":0,"href":"https:\/\/forzini.com\/it\/wp-json\/wp\/v2\/product\/11881\/revisions"}],"wp:featuredmedia":[{"embeddable":true,"href":"https:\/\/forzini.com\/it\/wp-json\/wp\/v2\/media\/11874"}],"wp:attachment":[{"href":"https:\/\/forzini.com\/it\/wp-json\/wp\/v2\/media?parent=11881"}],"wp:term":[{"taxonomy":"product_brand","embeddable":true,"href":"https:\/\/forzini.com\/it\/wp-json\/wp\/v2\/product_brand?post=11881"},{"taxonomy":"product_cat","embeddable":true,"href":"https:\/\/forzini.com\/it\/wp-json\/wp\/v2\/product_cat?post=11881"},{"taxonomy":"product_tag","embeddable":true,"href":"https:\/\/forzini.com\/it\/wp-json\/wp\/v2\/product_tag?post=11881"}],"curies":[{"name":"wp","href":"https:\/\/api.w.org\/{rel}","templated":true}]}}