{"id":11865,"date":"2024-10-27T23:00:33","date_gmt":"2024-10-27T22:00:33","guid":{"rendered":"https:\/\/forzini.com\/producto\/mesa-moderna-de-marmol\/"},"modified":"2025-04-22T09:16:19","modified_gmt":"2025-04-22T07:16:19","slug":"comodino-rotondo-in-marmo-nero","status":"publish","type":"product","link":"https:\/\/forzini.com\/it\/producto\/comodino-rotondo-in-marmo-nero\/","title":{"rendered":"Comodino rotondo in marmo nero"},"content":{"rendered":"<h1>Comodino rotondo in marmo nero &#8220;Mercury B&#8221;<\/h1>\n<p>Questo comodino rotondo in marmo nero \u00e8 un pezzo unico che cattura tutti gli sguardi e diventa il centro dell&#8217;attenzione di qualsiasi ambiente. Il suo design \u00e8 una combinazione magistrale di eleganza e raffinatezza: la struttura in marmo nero profondo contrasta in modo affascinante con il piano in onice bianco, creando un lusso visivo che spicca in ogni contesto. Questo contrasto non solo conferisce una presenza imponente, ma valorizza anche l&#8217;arredamento, aggiungendo un tocco contemporaneo e sofisticato che esalta lo stile della stanza.<\/p>\n<p>Con un design minimalista e una forma rotonda dalle linee morbide e fluide, questo comodino rotondo in marmo nero sprigiona uno stile chic e senza tempo. La sua superficie perfettamente lucidata non solo aggiunge brillantezza ed eleganza, ma invita anche ad ammirare la texture e le venature naturali della pietra. Il tavolino moderno in marmo ha il carattere necessario per trasformare uno spazio, creando un&#8217;atmosfera di lusso e modernit\u00e0 senza rinunciare alla praticit\u00e0 e funzionalit\u00e0.<\/p>\n<p>Questo pezzo non \u00e8 solo un&#8217;opera scultorea, ma anche un mobile funzionale per l&#8217;uso quotidiano. Perfetto come tavolino da centro, \u00e8 comodo per appoggiare una tazza di caff\u00e8, un libro o qualsiasi elemento decorativo. Il suo design si distingue non solo per la bellezza, ma anche per la capacit\u00e0 di adattarsi alle esigenze pratiche, essendo robusto e resistente.<\/p>\n<p>La combinazione di marmo nero e onice bianco \u00e8 una scelta estetica unica, pensata per chi cerca un arredamento esclusivo e di alta gamma. Questo tavolino moderno in marmo \u00e8 molto pi\u00f9 di un semplice mobile; \u00e8 un&#8217;opera d&#8217;arte che fonde funzionalit\u00e0 e design scultoreo, perfetto per chi desidera aggiungere un tocco di eleganza e raffinatezza ai propri ambienti.<\/p>\n<p>&nbsp;<\/p>\n<p><a href=\"https:\/\/forzini.com\/it\/materiali\/\" target=\"_blank\" rel=\"noopener\">Scopri di pi\u00f9 sulla nostra collezione di marmi e onice attraverso questo link: <\/a><a href=\"https:\/\/forzini.com\/it\/materiali\/\" target=\"_blank\" rel=\"noopener\">Materiali<\/a><\/p>\n<h3><strong>Caratteristiche principali:<\/strong><\/h3>\n<h3><strong>Montaggio:<\/strong> Non richiesto.<\/h3>\n<h3><strong>Finitura della pietra:<\/strong> Lucidata.<\/h3>\n<h3><strong>Peso:<\/strong> 71 kg.<\/h3>\n","protected":false},"excerpt":{"rendered":"<h2>Comodino rotondo in marmo nero<\/h2>\n<p>Un pezzo impressionante che valorizza qualsiasi spazio. La sua base in marmo nero profondo e la superficie in onice bianco creano un contrasto elegante e sofisticato. Di stile minimalista, la sua forma rotonda e levigata lo rende un accento decorativo chic e funzionale. Perfetto come tavolino da centro, ideale per appoggiare una tazza di caff\u00e8 o un libro, unisce arte e praticit\u00e0 in un unico pezzo che si distingue per la sua bellezza e design contemporaneo.<\/p>\n<h4>Dimensioni: Diametro 38 cm, Altezza 52 cm.<\/h4>\n<p>&nbsp;<\/p>\n","protected":false},"featured_media":11860,"comment_status":"closed","ping_status":"closed","template":"","meta":{"_acf_changed":false,"_joinchat":[]},"product_brand":[],"product_cat":[276,360],"product_tag":[263,266],"class_list":{"0":"post-11865","1":"product","2":"type-product","3":"status-publish","4":"has-post-thumbnail","6":"product_cat-tavoli","7":"product_cat-tavolini-in-marmo","8":"product_tag-marmo","9":"product_tag-onice","11":"first","12":"instock","13":"sale","14":"shipping-taxable","15":"purchasable","16":"product-type-simple"},"acf":[],"_links":{"self":[{"href":"https:\/\/forzini.com\/it\/wp-json\/wp\/v2\/product\/11865","targetHints":{"allow":["GET"]}}],"collection":[{"href":"https:\/\/forzini.com\/it\/wp-json\/wp\/v2\/product"}],"about":[{"href":"https:\/\/forzini.com\/it\/wp-json\/wp\/v2\/types\/product"}],"replies":[{"embeddable":true,"href":"https:\/\/forzini.com\/it\/wp-json\/wp\/v2\/comments?post=11865"}],"version-history":[{"count":0,"href":"https:\/\/forzini.com\/it\/wp-json\/wp\/v2\/product\/11865\/revisions"}],"wp:featuredmedia":[{"embeddable":true,"href":"https:\/\/forzini.com\/it\/wp-json\/wp\/v2\/media\/11860"}],"wp:attachment":[{"href":"https:\/\/forzini.com\/it\/wp-json\/wp\/v2\/media?parent=11865"}],"wp:term":[{"taxonomy":"product_brand","embeddable":true,"href":"https:\/\/forzini.com\/it\/wp-json\/wp\/v2\/product_brand?post=11865"},{"taxonomy":"product_cat","embeddable":true,"href":"https:\/\/forzini.com\/it\/wp-json\/wp\/v2\/product_cat?post=11865"},{"taxonomy":"product_tag","embeddable":true,"href":"https:\/\/forzini.com\/it\/wp-json\/wp\/v2\/product_tag?post=11865"}],"curies":[{"name":"wp","href":"https:\/\/api.w.org\/{rel}","templated":true}]}}