{"id":11770,"date":"2024-03-18T16:23:22","date_gmt":"2024-03-18T15:23:22","guid":{"rendered":"https:\/\/forzini.com\/producto\/lavabo-rustico-de-onix-portunus\/"},"modified":"2025-04-19T20:04:22","modified_gmt":"2025-04-19T18:04:22","slug":"lavabo-rettangolare-in-marmo-onice","status":"publish","type":"product","link":"https:\/\/forzini.com\/it\/producto\/lavabo-rettangolare-in-marmo-onice\/","title":{"rendered":"Lavabo rettangolare in marmo onice Portunus"},"content":{"rendered":"<h1>Lavabo rettangolare in marmo onice &#8220;Portunus&#8221;<\/h1>\n<p>Realizzato a mano con un design innovativo, questo Lavabo rettangolare in marmo onice presenta una forma rettangolare irregolare che cattura l&#8217;immaginazione. Combinando l&#8217;estetica contemporanea con le tecniche tradizionali di lavorazione della pietra, questo lavabo rustico in marmo \u00e8 scolpito da autentico e lussuoso onice verde. Ogni curva e ogni contorno sono stati scolpiti da esperti artigiani, ottenendo una perfetta fusione di modernit\u00e0 e tradizione. Levigato alla perfezione, questo Lavabo rettangolare in marmo onice \u00e8 un capolavoro che aggiunge fascino e raffinatezza al tuo bagno.<\/p>\n<p>Galaxy Onice Verde: Uno sfondo di colore verde chiaro meravigliosamente arricchito da onde bianche, intervallate da venature bronzee, marrone dorato terroso e rossastre. Estratto in quantit\u00e0 estremamente limitate, questa variet\u00e0 \u00e8 molto esclusiva e altamente traslucida.<\/p>\n<p>Il nostro esclusivo Onice Verde Galaxy \u00e8 apprezzato per la sua rarit\u00e0 e il suo aspetto sorprendente. La sua tonalit\u00e0 verde, una carezza delicata di colore, si intreccia con venature marrone-dorate e tocchi di accenti rossastri. Questa pietra incanta con un&#8217;arte unica. La traslucenza della pietra \u00e8 una meraviglia, che permette alla luce di attraversarla, illuminando le profondit\u00e0 della sua bellezza e rivelando l&#8217;intricata danza di colori al suo interno. Questa combinazione di colore e traslucenza \u00e8 raramente trovata, a causa della limitata disponibilit\u00e0 nel mondo naturale, rendendo questo onice un tesoro ambito. Scoprire queste pietre rare e creare pezzi artigianali esclusivi per i nostri stimati clienti ci riempie di immensa gioia.<\/p>\n<p>&nbsp;<\/p>\n<p>Scopri di pi\u00f9 sulla nostra collezione di marmi e onice attraverso questo link: <a href=\"https:\/\/forzini.com\/it\/materiali\/\" target=\"_blank\" rel=\"noopener\">Materiali<\/a><\/p>\n<h3><strong>Caratteristiche principali:<\/strong><\/h3>\n<h3><strong>Installazione:<\/strong> Sopra il piano d&#8217;appoggio.<\/h3>\n<h3><strong>Diametro del foro di scarico:<\/strong> 4,5 cm (standard europeo).<\/h3>\n<h3><strong>Tipo di scarico compatibile:<\/strong> Valvola universale (non inclusa), senza troppo pieno.<\/h3>\n<h3><strong>Tipo di rubinetto compatibile:<\/strong> Da piano d&#8217;appoggio o da parete (non incluso).<\/h3>\n<h3><strong>Non incluso:<\/strong> Sifone, valvola di scarico, rubinetto.<\/h3>\n","protected":false},"excerpt":{"rendered":"<h2>Lavabo rettangolare in marmo onice<\/h2>\n<p>Con il suo squisito design rettangolare, \u00e8 un capolavoro lussuoso per bagni grandi o piccoli con stile. Il nostro lavabo \u00e8 scolpito in pura pietra massiccia, offrendo una combinazione perfetta di eleganza e robustezza. Ha un fascino rustico che solo l\u2019autentico onice pu\u00f2 trasmettere, con le sue ricche e magnifiche venature che creano un incantevole bosco di motivi unici.<\/p>\n","protected":false},"featured_media":11771,"comment_status":"closed","ping_status":"closed","template":"","meta":{"_acf_changed":false,"_joinchat":[]},"product_brand":[],"product_cat":[333,275],"product_tag":[266],"class_list":{"0":"post-11770","1":"product","2":"type-product","3":"status-publish","4":"has-post-thumbnail","6":"product_cat-lavabi-onice","7":"product_cat-lavandini","8":"product_tag-onice","10":"first","11":"outofstock","12":"sale","13":"featured","14":"shipping-taxable","15":"purchasable","16":"product-type-simple"},"acf":[],"_links":{"self":[{"href":"https:\/\/forzini.com\/it\/wp-json\/wp\/v2\/product\/11770","targetHints":{"allow":["GET"]}}],"collection":[{"href":"https:\/\/forzini.com\/it\/wp-json\/wp\/v2\/product"}],"about":[{"href":"https:\/\/forzini.com\/it\/wp-json\/wp\/v2\/types\/product"}],"replies":[{"embeddable":true,"href":"https:\/\/forzini.com\/it\/wp-json\/wp\/v2\/comments?post=11770"}],"version-history":[{"count":0,"href":"https:\/\/forzini.com\/it\/wp-json\/wp\/v2\/product\/11770\/revisions"}],"wp:featuredmedia":[{"embeddable":true,"href":"https:\/\/forzini.com\/it\/wp-json\/wp\/v2\/media\/11771"}],"wp:attachment":[{"href":"https:\/\/forzini.com\/it\/wp-json\/wp\/v2\/media?parent=11770"}],"wp:term":[{"taxonomy":"product_brand","embeddable":true,"href":"https:\/\/forzini.com\/it\/wp-json\/wp\/v2\/product_brand?post=11770"},{"taxonomy":"product_cat","embeddable":true,"href":"https:\/\/forzini.com\/it\/wp-json\/wp\/v2\/product_cat?post=11770"},{"taxonomy":"product_tag","embeddable":true,"href":"https:\/\/forzini.com\/it\/wp-json\/wp\/v2\/product_tag?post=11770"}],"curies":[{"name":"wp","href":"https:\/\/api.w.org\/{rel}","templated":true}]}}