{"id":11727,"date":"2024-05-20T12:51:28","date_gmt":"2024-05-20T10:51:28","guid":{"rendered":"https:\/\/forzini.com\/producto\/lavabo-redondo-de-marmol-beige-flora\/"},"modified":"2025-04-19T18:42:57","modified_gmt":"2025-04-19T16:42:57","slug":"lavandino-tondo-in-marmo-crema-flora","status":"publish","type":"product","link":"https:\/\/forzini.com\/it\/producto\/lavandino-tondo-in-marmo-crema-flora\/","title":{"rendered":"Lavandino tondo in marmo crema Flora"},"content":{"rendered":"<h1>Lavandino tondo in marmo crema &#8220;Flora&#8221;<\/h1>\n<p>Il nostro lavandino tondo in marmo crema \u00e8 un\u2019opera artigianale di stile rustico e senza tempo. Scolpito a mano da un unico blocco di marmo naturale, mostra la bellezza autentica della pietra in un design rotondo. Le pareti esterne, ruvide e testurizzate, conferiscono un carattere autentico e rustico, evocando la forza della natura. Con il suo aspetto contemporaneo, questo lavandino tondo in marmo crema \u00e8 ideale per ogni bagno, sia in stile nordico che in decorazione rustica, offrendo un tocco distintivo e unico. Inoltre, il marmo \u00e8 facile da mantenere con semplici routine di pulizia, assicurando un lavabo decorativo e duraturo che valorizza la bellezza della tua casa.<\/p>\n<p>Marmo Botticelli Classic: Il suo caldo colore beige crea spazi con un\u2019atmosfera accogliente e avvolgente, mentre le tonalit\u00e0 pi\u00f9 chiare aggiungono una sensazione di luminosit\u00e0 e leggerezza. Le venature marroni e grigiastre del marmo, intrecciate con ombre naturali di colore giallo chiaro, creano motivi visivamente affascinanti.<\/p>\n<p>Il marmo Botticelli Classic \u00e8 un tesoro naturale, accuratamente selezionato per le nostre collezioni grazie alla sua eccezionale rarit\u00e0 e bellezza. Estratto in quantit\u00e0 limitate da una regione selezionata del sud dell\u2019Asia, questo marmo \u00e8 apprezzato per la sua purezza e qualit\u00e0. Ogni lastra di questo marmo si distingue per le sue venature e motivi distintivi, che aggiungono un carattere unico a ogni progetto di design. La sua morbida tonalit\u00e0 beige, calda e senza tempo, si adatta perfettamente a una variet\u00e0 di ambienti e stili decorativi, dai pi\u00f9 eleganti spazi moderni ai design minimalisti e alle decorazioni tradizionali pi\u00f9 ricche. Nel mondo del design d\u2019interni di lusso, dove coerenza e gusto sono fondamentali, il Botticelli Classic rappresenta una scelta ideale. La sua versatilit\u00e0 nel completare diverse estetiche, senza perdere la sua aura di raffinatezza, lo rende particolarmente apprezzato da chi desidera creare spazi dove ogni dettaglio sia in armonia, favorendo cos\u00ec un\u2019esperienza di benessere e piacere visivo.<\/p>\n<p>&nbsp;<\/p>\n<p>Scopri di pi\u00f9 sulla nostra collezione di marmi e onice attraverso questo link: <a href=\"https:\/\/forzini.com\/it\/materiali\/\" target=\"_blank\" rel=\"noopener\">Materiali<\/a><\/p>\n<h3><strong>Caratteristiche principali:<\/strong><\/h3>\n<h3><strong>Installazione:<\/strong> Sopra il piano d&#8217;appoggio.<\/h3>\n<h3><strong>Diametro del foro di scarico:<\/strong> 4,5 cm (standard europeo).<\/h3>\n<h3><strong>Tipo di scarico compatibile:<\/strong> Valvola universale (non inclusa), senza troppo pieno.<\/h3>\n<h3><strong>Tipo di rubinetto compatibile:<\/strong> Da piano d&#8217;appoggio o da parete (non incluso).<\/h3>\n<h3><strong>Non incluso:<\/strong> Sifone, valvola di scarico, rubinetto.<\/h3>\n","protected":false},"excerpt":{"rendered":"<h2>Lavabo redondo de m\u00e1rmol beige<\/h2>\n<p>Scolpito a mano da esperti artigiani, questo lavabo da appoggio \u00e8 disponibile in eleganti tonalit\u00e0 di marmo beige. Con il suo esterno dalla texture rustica e un interno lucidato alla perfezione, questo lavabo \u00e8 un elemento classico e senza tempo che valorizzer\u00e0 l&#8217;estetica del tuo bagno.<\/p>\n","protected":false},"featured_media":11721,"comment_status":"closed","ping_status":"closed","template":"","meta":{"_acf_changed":false,"_joinchat":[]},"product_brand":[],"product_cat":[339,275],"product_tag":[263],"class_list":{"0":"post-11727","1":"product","2":"type-product","3":"status-publish","4":"has-post-thumbnail","6":"product_cat-lavabi-marmo","7":"product_cat-lavandini","8":"product_tag-marmo","10":"first","11":"outofstock","12":"sale","13":"featured","14":"shipping-taxable","15":"purchasable","16":"product-type-simple"},"acf":[],"_links":{"self":[{"href":"https:\/\/forzini.com\/it\/wp-json\/wp\/v2\/product\/11727","targetHints":{"allow":["GET"]}}],"collection":[{"href":"https:\/\/forzini.com\/it\/wp-json\/wp\/v2\/product"}],"about":[{"href":"https:\/\/forzini.com\/it\/wp-json\/wp\/v2\/types\/product"}],"replies":[{"embeddable":true,"href":"https:\/\/forzini.com\/it\/wp-json\/wp\/v2\/comments?post=11727"}],"version-history":[{"count":0,"href":"https:\/\/forzini.com\/it\/wp-json\/wp\/v2\/product\/11727\/revisions"}],"wp:featuredmedia":[{"embeddable":true,"href":"https:\/\/forzini.com\/it\/wp-json\/wp\/v2\/media\/11721"}],"wp:attachment":[{"href":"https:\/\/forzini.com\/it\/wp-json\/wp\/v2\/media?parent=11727"}],"wp:term":[{"taxonomy":"product_brand","embeddable":true,"href":"https:\/\/forzini.com\/it\/wp-json\/wp\/v2\/product_brand?post=11727"},{"taxonomy":"product_cat","embeddable":true,"href":"https:\/\/forzini.com\/it\/wp-json\/wp\/v2\/product_cat?post=11727"},{"taxonomy":"product_tag","embeddable":true,"href":"https:\/\/forzini.com\/it\/wp-json\/wp\/v2\/product_tag?post=11727"}],"curies":[{"name":"wp","href":"https:\/\/api.w.org\/{rel}","templated":true}]}}