{"id":11695,"date":"2024-06-05T18:19:44","date_gmt":"2024-06-05T16:19:44","guid":{"rendered":"https:\/\/forzini.com\/producto\/lavabo-de-onix\/"},"modified":"2025-04-19T17:53:06","modified_gmt":"2025-04-19T15:53:06","slug":"lavabo-da-appoggio-in-onice-bianco","status":"publish","type":"product","link":"https:\/\/forzini.com\/it\/producto\/lavabo-da-appoggio-in-onice-bianco\/","title":{"rendered":"Lavabo da appoggio in onice bianco Saturn"},"content":{"rendered":"<h1>Lavabo da appoggio in onice bianco &#8220;Saturn&#8221;<\/h1>\n<p>Questo <strong>lavabo da appoggio in onice bianco<\/strong>, fatto a mano e di bellezza incomparabile, aggiunge splendore e stile a qualsiasi bagno. Ogni lavabo in onice bianco \u00e8 meticolosamente scolpito in forma rotonda a partire da roccia naturale, utilizzando tecniche artigianali tradizionali che donano un tocco elegante e all&#8217;avanguardia alla tua casa.<\/p>\n<p>Le nostre collezioni di lavabi di lusso includono il miglior onice autentico, che presenta motivi unici, una palette diversificata di colori e affascinanti variazioni di venature che celebrano l&#8217;arte della natura. Disponibili in magnifico onice bianco, vibrante verde e straordinario onice verde chiaro, ogni pezzo dona un tocco di carisma e innovazione al design del tuo bagno.<\/p>\n<p>La forma rotonda del lavabo valorizza la bellezza dell&#8217;onice naturale, mentre la sua superficie liscia e curva esalta i ricchi e intricati motivi e le qualit\u00e0 traslucide della pietra, creando un effetto visivo accattivante. Ogni lavabo \u00e8 una testimonianza della squisita maestria, con curve e contorni rifiniti alla perfezione.<\/p>\n<p>Il gioco di luci attraverso le venature naturali e la finitura brillante ne aumentano il fascino lussuoso, rendendolo un punto focale in qualsiasi bagno. Ogni pezzo \u00e8 una testimonianza unica del fascino senza tempo e dell&#8217;eccellenza dei lavabi in pietra fatti a mano.<\/p>\n<p>Onice Duna Dorata: Il suo fondo bianco \u00e8 una tela serena, delicatamente decorata con soffici nuvole che fluttuano sulla superficie. Ombre cremose e venature dorate, caramello, marroni, cognac e rossastre. Questo speciale onice bianco \u00e8 una rarit\u00e0, disponibile solo in piccole quantit\u00e0.<\/p>\n<p>Lo sapevi? Il nostro onice bianco Duna Dorata \u00e8 una delle variet\u00e0 pi\u00f9 rare e ambite. Siamo orgogliosi di offrire un tesoro cos\u00ec unico, selezionato personalmente per la sua incomparabile bellezza. Questa meraviglia incanta con la sua sublime bellezza, rendendola una vera gemma. La formazione di queste venature uniche richiede condizioni geologiche specifiche. Nel corso di milioni di anni, soluzioni ricche di silice si depositano nelle cavit\u00e0 rocciose e, cristallizzandosi, le impurit\u00e0 come ferro e manganese creano le caratteristiche venature dorate.<\/p>\n<p>&nbsp;<\/p>\n<p>Scopri di pi\u00f9 sulla nostra collezione di marmi e onice attraverso questo link: <a href=\"https:\/\/forzini.com\/it\/materiali\/\" target=\"_blank\" rel=\"noopener\">Materiali<\/a><\/p>\n<h3><strong>Caratteristiche principali:<\/strong><\/h3>\n<h3><strong>Installazione:<\/strong> Sopra il piano d&#8217;appoggio.<\/h3>\n<h3><strong>Diametro del foro di scarico:<\/strong> 4,5 cm (standard europeo).<\/h3>\n<h3><strong>Tipo di scarico compatibile:<\/strong> Valvola universale (non inclusa), senza troppo pieno.<\/h3>\n<h3><strong>Tipo di rubinetto compatibile:<\/strong> Da piano d&#8217;appoggio o da parete (non incluso).<\/h3>\n<h3><strong>Non incluso:<\/strong> Sifone, valvola di scarico, rubinetto.<\/h3>\n","protected":false},"excerpt":{"rendered":"<h2 class=\"serp-title\">Lavabo da appoggio in onice bianco<\/h2>\n<p>Eleganza e prestigio caratterizzano il nostro lavabo in onice bianco per piani, un\u2019opera artigianale che aggiunge glamour ai bagni moderni. Questo lavabo incarna uno stile raffinato e l\u2019innovazione nel design d\u2019interni, ideale per chi apprezza la qualit\u00e0 eccezionale e un\u2019estetica d\u2019impatto. La sua presenza trasforma il lavabo nel punto focale, offrendo un\u2019esperienza d\u2019uso esclusiva e un tocco unico di sofisticazione per ogni bagno.<\/p>\n","protected":false},"featured_media":11696,"comment_status":"closed","ping_status":"closed","template":"","meta":{"_acf_changed":false,"_joinchat":[]},"product_brand":[],"product_cat":[333,275],"product_tag":[266],"class_list":{"0":"post-11695","1":"product","2":"type-product","3":"status-publish","4":"has-post-thumbnail","6":"product_cat-lavabi-onice","7":"product_cat-lavandini","8":"product_tag-onice","10":"first","11":"outofstock","12":"sale","13":"featured","14":"shipping-taxable","15":"purchasable","16":"product-type-simple"},"acf":[],"_links":{"self":[{"href":"https:\/\/forzini.com\/it\/wp-json\/wp\/v2\/product\/11695","targetHints":{"allow":["GET"]}}],"collection":[{"href":"https:\/\/forzini.com\/it\/wp-json\/wp\/v2\/product"}],"about":[{"href":"https:\/\/forzini.com\/it\/wp-json\/wp\/v2\/types\/product"}],"replies":[{"embeddable":true,"href":"https:\/\/forzini.com\/it\/wp-json\/wp\/v2\/comments?post=11695"}],"version-history":[{"count":0,"href":"https:\/\/forzini.com\/it\/wp-json\/wp\/v2\/product\/11695\/revisions"}],"wp:featuredmedia":[{"embeddable":true,"href":"https:\/\/forzini.com\/it\/wp-json\/wp\/v2\/media\/11696"}],"wp:attachment":[{"href":"https:\/\/forzini.com\/it\/wp-json\/wp\/v2\/media?parent=11695"}],"wp:term":[{"taxonomy":"product_brand","embeddable":true,"href":"https:\/\/forzini.com\/it\/wp-json\/wp\/v2\/product_brand?post=11695"},{"taxonomy":"product_cat","embeddable":true,"href":"https:\/\/forzini.com\/it\/wp-json\/wp\/v2\/product_cat?post=11695"},{"taxonomy":"product_tag","embeddable":true,"href":"https:\/\/forzini.com\/it\/wp-json\/wp\/v2\/product_tag?post=11695"}],"curies":[{"name":"wp","href":"https:\/\/api.w.org\/{rel}","templated":true}]}}