{"id":11559,"date":"2024-07-01T15:18:16","date_gmt":"2024-07-01T13:18:16","guid":{"rendered":"https:\/\/forzini.com\/producto\/lavabo-largo-de-onix-aurora\/"},"modified":"2025-04-19T12:28:46","modified_gmt":"2025-04-19T10:28:46","slug":"lavabo-ovale-in-marmo-verde-aurora","status":"publish","type":"product","link":"https:\/\/forzini.com\/it\/producto\/lavabo-ovale-in-marmo-verde-aurora\/","title":{"rendered":"Lavabo ovale in marmo verde Aurora"},"content":{"rendered":"<h1>Lavabo ovale in marmo verde &#8220;Aurora&#8221;<\/h1>\n<p>Questo <strong>Lavabo ovale in marmo verde<\/strong> da appoggio, con la sua squisita combinazione di curve sensuali e il glamour lucente della pietra naturale, dona un\u2019eleganza senza pari a qualsiasi bagno. La sua forma ovale e allungata, dalle linee organiche e naturali, \u00e8 accattivante, sensuale e squisita, evocando la serenit\u00e0 e la fluidit\u00e0 della natura. I colori morbidi dell\u2019onice, mescolati a venature e cristalli brillanti, creano ombre incantevoli che riflettono magnificamente tutto lo splendore dell\u2019onice autentico. Ogni dettaglio di questo lavabo \u00e8 stato progettato per catturare e riflettere la luce in modo unico, creando un gioco di ombre e riflessi che esaltano la bellezza intrinseca della pietra. Questo Lavabo ovale in marmo onice verde \u00e8 un\u2019opera d\u2019arte che trasforma il tuo bagno in uno spazio di lusso e glamour, rendendo ogni momento un\u2019esperienza unica e straordinaria. Per il suo design, abbiamo selezionato un onice molto speciale che mette in risalto tutta la bellezza della pietra:<\/p>\n<p>Galaxy Verde Onice: Uno sfondo verde chiaro, magnificamente accentuato da onde bianche, intervallato da venature bronzate, marrone dorato terroso e rossastre. Estratto in quantit\u00e0 molto limitate, questa variet\u00e0 \u00e8 un onice molto esclusivo e altamente traslucido.<\/p>\n<p>L\u2019onice verde Galaxy non \u00e8 solo prezioso per la sua rarit\u00e0 e il suo fascino estetico, ma anche per la sua formazione geologica unica. Questo onice \u00e8 il risultato di millenni di stratificazione minerale, compressa sotto l\u2019intensa pressione del terreno accidentato di una specifica regione del sud dell\u2019Asia. Il suo distintivo tono verde chiaro \u00e8 un fenomeno naturale che non si trova in nessun altro luogo al mondo, il che lo rende un complemento singolare per interni di lusso. L\u2019esclusivit\u00e0 della pietra \u00e8 accentuata dalla sua unicit\u00e0 geografica, garantendo che ogni pezzo sia un raro artefatto dell\u2019arte della Terra, perfetto per coloro che cercano il vero unico nel design di lusso.<\/p>\n<p>&nbsp;<\/p>\n<p>Scopri di pi\u00f9 sulla nostra collezione di marmi e onice attraverso questo link: <a href=\"https:\/\/forzini.com\/it\/materiali\/\" target=\"_blank\" rel=\"noopener\">Materiali<\/a><\/p>\n<h3><strong>Caratteristiche principali:<\/strong><\/h3>\n<h3><strong>Installazione:<\/strong> Sopra il piano d&#8217;appoggio.<\/h3>\n<h3><strong>Diametro del foro di scarico:<\/strong> 4,5 cm (standard europeo).<\/h3>\n<h3><strong>Tipo di scarico compatibile:<\/strong> Valvola universale (non inclusa), senza troppo pieno.<\/h3>\n<h3><strong>Tipo di rubinetto compatibile:<\/strong> Da piano d&#8217;appoggio o da parete (non incluso).<\/h3>\n<h3><strong>Non incluso:<\/strong> Sifone, valvola di scarico, rubinetto.<\/h3>\n","protected":false},"excerpt":{"rendered":"<h1>Lavabo ovale in marmo verde<\/h1>\n<p>Per installazione su piano d\u2019appoggio, con la sua squisita combinazione di curve sensuali e il glamour lucente della pietra naturale, porta eleganza in qualsiasi bagno. I colori delicati, mescolati a venature e cristalli brillanti, creano ombre incantevoli che riflettono magnificamente tutto lo splendore dell\u2019onice autentico.<\/p>\n","protected":false},"featured_media":11560,"comment_status":"closed","ping_status":"closed","template":"","meta":{"_acf_changed":false,"_joinchat":[]},"product_brand":[],"product_cat":[333,275],"product_tag":[266],"class_list":{"0":"post-11559","1":"product","2":"type-product","3":"status-publish","4":"has-post-thumbnail","6":"product_cat-lavabi-onice","7":"product_cat-lavandini","8":"product_tag-onice","10":"first","11":"outofstock","12":"sale","13":"featured","14":"shipping-taxable","15":"purchasable","16":"product-type-simple"},"acf":[],"_links":{"self":[{"href":"https:\/\/forzini.com\/it\/wp-json\/wp\/v2\/product\/11559","targetHints":{"allow":["GET"]}}],"collection":[{"href":"https:\/\/forzini.com\/it\/wp-json\/wp\/v2\/product"}],"about":[{"href":"https:\/\/forzini.com\/it\/wp-json\/wp\/v2\/types\/product"}],"replies":[{"embeddable":true,"href":"https:\/\/forzini.com\/it\/wp-json\/wp\/v2\/comments?post=11559"}],"version-history":[{"count":0,"href":"https:\/\/forzini.com\/it\/wp-json\/wp\/v2\/product\/11559\/revisions"}],"wp:featuredmedia":[{"embeddable":true,"href":"https:\/\/forzini.com\/it\/wp-json\/wp\/v2\/media\/11560"}],"wp:attachment":[{"href":"https:\/\/forzini.com\/it\/wp-json\/wp\/v2\/media?parent=11559"}],"wp:term":[{"taxonomy":"product_brand","embeddable":true,"href":"https:\/\/forzini.com\/it\/wp-json\/wp\/v2\/product_brand?post=11559"},{"taxonomy":"product_cat","embeddable":true,"href":"https:\/\/forzini.com\/it\/wp-json\/wp\/v2\/product_cat?post=11559"},{"taxonomy":"product_tag","embeddable":true,"href":"https:\/\/forzini.com\/it\/wp-json\/wp\/v2\/product_tag?post=11559"}],"curies":[{"name":"wp","href":"https:\/\/api.w.org\/{rel}","templated":true}]}}