{"id":11255,"date":"2024-10-21T17:41:20","date_gmt":"2024-10-21T15:41:20","guid":{"rendered":"https:\/\/forzini.com\/producto\/lavabo-rectangular-de-piedra-sobre-encimera\/"},"modified":"2025-04-17T21:44:54","modified_gmt":"2025-04-17T19:44:54","slug":"lavandino-rettangolare-in-onice-bianco","status":"publish","type":"product","link":"https:\/\/forzini.com\/it\/producto\/lavandino-rettangolare-in-onice-bianco\/","title":{"rendered":"Lavandino rettangolare in onice bianco"},"content":{"rendered":"<h1><span data-sheets-formula-bar-text-style=\"font-size:13px;color:#000000;font-weight:normal;text-decoration:none;font-family:'Arial';font-style:normal;text-decoration-skip-ink:none;\">lavandino rettangolare in onice bianco <\/span>&#8220;Volturnus-W&#8221;.<\/h1>\n<p>Il nostro lavandino rettangolare in onice bianco naturale, con la sua audace forma rettangolare e il design innovativo, \u00e8 una vera opera d&#8217;arte. Scolpito a partire da roccia di onice utilizzando tecniche artigianali, ogni linea racconta una storia di bellezza naturale. Questo lavandino rettangolare in onice bianco, meticolosamente lucidato da mani esperte, \u00e8 un pezzo di design eccezionale che dona splendore e raffinatezza a qualsiasi bagno. Immagina questo magnifico lavabo come il punto focale del tuo spazio, incantando tutti i tuoi ospiti con il fascino della pietra semi-preziosa. La sua finitura lussuosa combina perfettamente il fascino rustico con l&#8217;eleganza contemporanea, trasformandolo in un&#8217;opera d&#8217;arte molto ambita per decorare qualsiasi bagno. Le variazioni naturali e gli affascinanti motivi del marmo di onice garantiscono che ogni lavandino sia davvero unico, aggiungendo un tocco distintivo al tuo arredamento. Offriamo tre varianti esclusive del nostro onice:<\/p>\n<p>Duna Dorata Onice: Uno sfondo bianco funge da tela serena, delicatamente decorata da soffici nuvole bianche che sembrano galleggiare sulla sua superficie. Con ombreggiature cremose, gialle e venature in tonalit\u00e0 dorate, caramello, marroni, cognac e rossastre, questo onice bianco \u00e8 una scoperta rara, estratto in quantit\u00e0 limitate da una specifica regione.<\/p>\n<p>Sapevi che l&#8217;onice bianco \u00e8 una pietra affascinante, apprezzata per la sua rarit\u00e0 e bellezza serena? La sua scarsit\u00e0 deriva dalle condizioni specifiche necessarie per la sua formazione. L&#8217;acqua ricca di silice gocciola in caverne, depositando strati di minerale calcedonio che si cristallizzano nel corso di millenni. Il suo colore bianco avorio evoca l&#8217;arte e l&#8217;architettura delle epoche antiche, suggerendo un&#8217;eleganza senza tempo. La magia di questo onice risiede nella sua traslucenza, che gli conferisce una qualit\u00e0 eterea, quasi come tenere in mano un frammento di luce lunare. Questo fenomeno consente un gioco di luci e ombre, dando vita alla pietra e rivelando i suoi intricati motivi interni. I disegni simili a nuvole sono la firma naturale dell&#8217;onice bianco, creando paesaggi di nebbia soffice che si estendono sulla sua superficie. \u00c8 proprio questo design che conferisce all&#8217;onice bianco il suo fascino unico.<\/p>\n<p>&nbsp;<\/p>\n<p>Scopri di pi\u00f9 sulla nostra collezione di marmi e onice attraverso questo link: <a href=\"https:\/\/forzini.com\/it\/materiali\/\" target=\"_blank\" rel=\"noopener\">Materiali<\/a><\/p>\n<h3><strong>Caratteristiche principali:<\/strong><\/h3>\n<h3><strong>Installazione:<\/strong> Sopra il piano d&#8217;appoggio.<\/h3>\n<h3><strong>Diametro del foro di scarico:<\/strong> 4,5 cm (standard europeo).<\/h3>\n<h3><strong>Tipo di scarico compatibile:<\/strong> Valvola universale (non inclusa), senza troppo pieno.<\/h3>\n<h3><strong>Tipo di rubinetto compatibile:<\/strong> Da piano d&#8217;appoggio o da parete (non incluso).<\/h3>\n<h3><strong>Non incluso:<\/strong> Sifone, valvola di scarico, rubinetto.<\/h3>\n","protected":false},"excerpt":{"rendered":"<h2>Lavandino rettangolare in onice bianco<\/h2>\n<p>Scolpito da solida roccia di marmo onice, questo lavabo si distingue per la sua eleganza e versatilit\u00e0. Il suo design audace lo rende la scelta ideale per una variet\u00e0 di stili d&#8217;interni. Che si tratti di un bagno in stile rustico, nordico o contemporaneo, questo lavandino si integra armoniosamente grazie alla sua forma raffinata e alla sua finitura speciale. Le venature e i magnifici motivi dell&#8217;onice naturale esaltano la bellezza dell&#8217;ambiente, creando un&#8217;atmosfera lussuosa e sofisticata che completa qualsiasi arredamento.<\/p>\n","protected":false},"featured_media":11247,"comment_status":"closed","ping_status":"closed","template":"","meta":{"_acf_changed":false,"_joinchat":[]},"product_brand":[],"product_cat":[333,275],"product_tag":[266],"class_list":{"0":"post-11255","1":"product","2":"type-product","3":"status-publish","4":"has-post-thumbnail","6":"product_cat-lavabi-onice","7":"product_cat-lavandini","8":"product_tag-onice","10":"first","11":"outofstock","12":"sale","13":"featured","14":"shipping-taxable","15":"purchasable","16":"product-type-simple"},"acf":[],"_links":{"self":[{"href":"https:\/\/forzini.com\/it\/wp-json\/wp\/v2\/product\/11255","targetHints":{"allow":["GET"]}}],"collection":[{"href":"https:\/\/forzini.com\/it\/wp-json\/wp\/v2\/product"}],"about":[{"href":"https:\/\/forzini.com\/it\/wp-json\/wp\/v2\/types\/product"}],"replies":[{"embeddable":true,"href":"https:\/\/forzini.com\/it\/wp-json\/wp\/v2\/comments?post=11255"}],"version-history":[{"count":0,"href":"https:\/\/forzini.com\/it\/wp-json\/wp\/v2\/product\/11255\/revisions"}],"wp:featuredmedia":[{"embeddable":true,"href":"https:\/\/forzini.com\/it\/wp-json\/wp\/v2\/media\/11247"}],"wp:attachment":[{"href":"https:\/\/forzini.com\/it\/wp-json\/wp\/v2\/media?parent=11255"}],"wp:term":[{"taxonomy":"product_brand","embeddable":true,"href":"https:\/\/forzini.com\/it\/wp-json\/wp\/v2\/product_brand?post=11255"},{"taxonomy":"product_cat","embeddable":true,"href":"https:\/\/forzini.com\/it\/wp-json\/wp\/v2\/product_cat?post=11255"},{"taxonomy":"product_tag","embeddable":true,"href":"https:\/\/forzini.com\/it\/wp-json\/wp\/v2\/product_tag?post=11255"}],"curies":[{"name":"wp","href":"https:\/\/api.w.org\/{rel}","templated":true}]}}