{"id":11059,"date":"2024-02-13T14:08:19","date_gmt":"2024-02-13T13:08:19","guid":{"rendered":"https:\/\/forzini.com\/cuidado-y-caracteristicas\/"},"modified":"2025-04-14T19:55:47","modified_gmt":"2025-04-14T17:55:47","slug":"cura-e-caratteristiche","status":"publish","type":"page","link":"https:\/\/forzini.com\/it\/cura-e-caratteristiche\/","title":{"rendered":"Cura e caratteristiche"},"content":{"rendered":"\t\t<div data-elementor-type=\"wp-page\" data-elementor-id=\"11059\" class=\"elementor elementor-11059 elementor-254\">\n\t\t\t\t<div class=\"elementor-element elementor-element-2095ab91 e-flex e-con-boxed e-con e-parent\" data-id=\"2095ab91\" data-element_type=\"container\" data-e-type=\"container\" data-settings=\"{&quot;background_background&quot;:&quot;classic&quot;}\">\n\t\t\t\t\t<div class=\"e-con-inner\">\n\t\t\t\t<div class=\"elementor-element elementor-element-3ff3c801 elementor-align-center elementor-invisible elementor-widget elementor-widget-raven-heading\" data-id=\"3ff3c801\" data-element_type=\"widget\" data-e-type=\"widget\" data-settings=\"{&quot;_animation&quot;:&quot;fadeInUp&quot;}\" data-widget_type=\"raven-heading.default\">\n\t\t\t\t<div class=\"elementor-widget-container\">\n\t\t\t\t\t\t\t<div class=\"raven-widget-wrapper\"><h1 class=\"raven-heading raven-heading-h1\"><span class=\"raven-heading-title \">cura del prodotto<\/span><\/h1><\/div>\n\t\t\t\t\t\t<\/div>\n\t\t\t\t<\/div>\n\t\t\t\t<div class=\"elementor-element elementor-element-10e1255f animated-slow elementor-invisible elementor-widget elementor-widget-text-editor\" data-id=\"10e1255f\" data-element_type=\"widget\" data-e-type=\"widget\" data-settings=\"{&quot;_animation&quot;:&quot;fadeIn&quot;}\" data-widget_type=\"text-editor.default\">\n\t\t\t\t<div class=\"elementor-widget-container\">\n\t\t\t\t\t\t\t\t\t<h1 class=\"p1\">Seguite i nostri consigli per prendervi cura dei prodotti<\/h1>\t\t\t\t\t\t\t\t<\/div>\n\t\t\t\t<\/div>\n\t\t\t\t\t<\/div>\n\t\t\t\t<\/div>\n\t\t<div class=\"elementor-element elementor-element-72678fb e-flex e-con-boxed e-con e-parent\" data-id=\"72678fb\" data-element_type=\"container\" data-e-type=\"container\" data-settings=\"{&quot;background_background&quot;:&quot;classic&quot;}\">\n\t\t\t\t\t<div class=\"e-con-inner\">\n\t\t<div class=\"elementor-element elementor-element-e3522a9 e-con-full e-flex e-con e-child\" data-id=\"e3522a9\" data-element_type=\"container\" data-e-type=\"container\">\n\t\t\t\t<div class=\"elementor-element elementor-element-2f2a346 elementor-align-center animated-slow elementor-invisible elementor-widget elementor-widget-raven-heading\" data-id=\"2f2a346\" data-element_type=\"widget\" data-e-type=\"widget\" data-settings=\"{&quot;_animation&quot;:&quot;fadeInUp&quot;}\" data-widget_type=\"raven-heading.default\">\n\t\t\t\t<div class=\"elementor-widget-container\">\n\t\t\t\t\t\t\t<div class=\"raven-widget-wrapper\"><h1 class=\"raven-heading raven-heading-h1\"><span class=\"raven-heading-title \">lavandini<\/span><\/h1><\/div>\n\t\t\t\t\t\t<\/div>\n\t\t\t\t<\/div>\n\t\t\t\t<\/div>\n\t\t<div class=\"elementor-element elementor-element-3686975 e-con-full e-flex e-con e-child\" data-id=\"3686975\" data-element_type=\"container\" data-e-type=\"container\">\n\t\t\t\t<div class=\"elementor-element elementor-element-2b13b12 elementor-widget elementor-widget-text-editor\" data-id=\"2b13b12\" data-element_type=\"widget\" data-e-type=\"widget\" data-widget_type=\"text-editor.default\">\n\t\t\t\t<div class=\"elementor-widget-container\">\n\t\t\t\t\t\t\t\t\t<p>Per mantenere la bellezza del tuo lavabo in pietra naturale, si consiglia di pulire la superficie con un panno morbido o una spazzola di nylon inumidita con un detergente per stoviglie a pH neutro (assicurandosi che non sia a base di agrumi) o di utilizzare un sapone specifico per la pietra.<\/p><p>Dopo la pulizia, risciacqua bene i residui di sapone e asciuga il lavabo con un panno morbido e pulito. Per le macchie pi\u00f9 difficili, puoi utilizzare un sapone non abrasivo formulato specificamente per la pietra naturale oppure optare per un detergente professionale disponibile nel tuo negozio locale di piastrelle. \u00c8 importante evitare prodotti chimici aggressivi come candeggina, alcali, ammoniaca, aceto, alcol, acidi abrasivi o qualsiasi sostanza corrosiva. Inoltre, evita di pulire il lavabo con spugne, pagliette metalliche, spazzole o panni abrasivi per prevenire graffi. Per proteggere la superficie ed evitare la comparsa di macchie, si consiglia di applicare un trattamento idrorepellente specifico per la pietra una volta all&#8217;anno, disponibile nella tua ferramenta o negozio locale di piastrelle.<\/p>\t\t\t\t\t\t\t\t<\/div>\n\t\t\t\t<\/div>\n\t\t\t\t<\/div>\n\t\t\t\t\t<\/div>\n\t\t\t\t<\/div>\n\t\t<div class=\"elementor-element elementor-element-537e2f1 e-flex e-con-boxed e-con e-parent\" data-id=\"537e2f1\" data-element_type=\"container\" data-e-type=\"container\" data-settings=\"{&quot;background_background&quot;:&quot;classic&quot;}\">\n\t\t\t\t\t<div class=\"e-con-inner\">\n\t\t<div class=\"elementor-element elementor-element-d958b84 e-con-full e-flex e-con e-child\" data-id=\"d958b84\" data-element_type=\"container\" data-e-type=\"container\">\n\t\t\t\t<div class=\"elementor-element elementor-element-c180a4d elementor-align-center animated-slow elementor-invisible elementor-widget elementor-widget-raven-heading\" data-id=\"c180a4d\" data-element_type=\"widget\" data-e-type=\"widget\" data-settings=\"{&quot;_animation&quot;:&quot;fadeInUp&quot;}\" data-widget_type=\"raven-heading.default\">\n\t\t\t\t<div class=\"elementor-widget-container\">\n\t\t\t\t\t\t\t<div class=\"raven-widget-wrapper\"><h1 class=\"raven-heading raven-heading-h1\"><span class=\"raven-heading-title \">tavoli<\/span><\/h1><\/div>\n\t\t\t\t\t\t<\/div>\n\t\t\t\t<\/div>\n\t\t\t\t<\/div>\n\t\t<div class=\"elementor-element elementor-element-0db4d61 e-con-full e-flex e-con e-child\" data-id=\"0db4d61\" data-element_type=\"container\" data-e-type=\"container\" data-settings=\"{&quot;background_background&quot;:&quot;classic&quot;}\">\n\t\t\t\t<div class=\"elementor-element elementor-element-c91e7b5 elementor-widget elementor-widget-text-editor\" data-id=\"c91e7b5\" data-element_type=\"widget\" data-e-type=\"widget\" data-widget_type=\"text-editor.default\">\n\t\t\t\t<div class=\"elementor-widget-container\">\n\t\t\t\t\t\t\t\t\t<p>Il marmo naturale \u00e8 un materiale senza tempo e ogni nostra creazione \u00e8 realizzata a mano. Ogni tavolo \u00e8 unico e richiede una cura specifica per continuare a valorizzare la bellezza dell&#8217;ambiente, godere appieno della sua presenza e trasmetterla di generazione in generazione. Confidiamo in Lei per preservare la singolarit\u00e0 delle nostre creazioni.<\/p><p>Tutte le pietre naturali hanno caratteristiche proprie, cos\u00ec come punti di forza e vulnerabilit\u00e0. Anche il nostro marmo \u00e8 trattato con un sigillante speciale che protegge la superficie in una certa misura, ma che necessita di essere rinnovato ogni 8-12 mesi. Tuttavia, \u00e8 importante tener presente che, per sua natura, il marmo \u00e8 sensibile all&#8217;esposizione a sostanze acide o aspre provenienti da alimenti o bevande (caff\u00e8, acqua, alcol, bibite gassate, salse, prodotti chimici, profumi, ecc.) che, se non rimosse e pulite immediatamente, possono lasciare macchie sulla superficie. Anche l&#8217;acqua pu\u00f2 infiltrarsi attraverso i pori della pietra, causando aree scolorite.<\/p><p>Si raccomanda di pulire immediatamente la superficie con un panno asciutto o un fazzoletto di carta. Non strofinare n\u00e9 graffiare la superficie per evitare di lasciare segni indesiderati. Utilizzare sottobicchieri, tovagliette e altri accessori per prevenire la comparsa di graffi sulla superficie.<\/p><p>Per la manutenzione quotidiana, pulire regolarmente la pietra con un panno morbido in microfibra e, se necessario, utilizzare acqua tiepida con una piccola quantit\u00e0 di detergente liquido a pH neutro o una soluzione detergente professionale per pietre naturali, disponibile nel negozio di piastrelle locale.<\/p>\t\t\t\t\t\t\t\t<\/div>\n\t\t\t\t<\/div>\n\t\t\t\t<\/div>\n\t\t\t\t\t<\/div>\n\t\t\t\t<\/div>\n\t\t<div class=\"elementor-element elementor-element-0119d88 e-flex e-con-boxed e-con e-parent\" data-id=\"0119d88\" data-element_type=\"container\" data-e-type=\"container\" data-settings=\"{&quot;background_background&quot;:&quot;classic&quot;}\">\n\t\t\t\t\t<div class=\"e-con-inner\">\n\t\t<div class=\"elementor-element elementor-element-a7ce453 e-con-full e-flex e-con e-child\" data-id=\"a7ce453\" data-element_type=\"container\" data-e-type=\"container\">\n\t\t\t\t<div class=\"elementor-element elementor-element-67e1c7d elementor-align-center animated-slow elementor-invisible elementor-widget elementor-widget-raven-heading\" data-id=\"67e1c7d\" data-element_type=\"widget\" data-e-type=\"widget\" data-settings=\"{&quot;_animation&quot;:&quot;fadeInUp&quot;}\" data-widget_type=\"raven-heading.default\">\n\t\t\t\t<div class=\"elementor-widget-container\">\n\t\t\t\t\t\t\t<div class=\"raven-widget-wrapper\"><h1 class=\"raven-heading raven-heading-h1\"><span class=\"raven-heading-title \">ACCESSORI<\/span><\/h1><\/div>\n\t\t\t\t\t\t<\/div>\n\t\t\t\t<\/div>\n\t\t\t\t<\/div>\n\t\t<div class=\"elementor-element elementor-element-86c2a42 e-con-full e-flex e-con e-child\" data-id=\"86c2a42\" data-element_type=\"container\" data-e-type=\"container\">\n\t\t\t\t<div class=\"elementor-element elementor-element-22d7922 elementor-widget elementor-widget-text-editor\" data-id=\"22d7922\" data-element_type=\"widget\" data-e-type=\"widget\" data-widget_type=\"text-editor.default\">\n\t\t\t\t<div class=\"elementor-widget-container\">\n\t\t\t\t\t\t\t\t\t<p>Per pulire gli oggetti decorativi in pietra naturale, si consiglia di utilizzare un panno morbido o una spazzola di nylon insaponati con un detergente per stoviglie a pH neutro o una soluzione detergente professionale per pietre naturali. Risciacquare bene i residui di sapone e asciugare con un panno morbido e pulito.<\/p><p>Per trattare macchie difficili o persistenti, si consiglia di utilizzare un sapone speciale non abrasivo per pietra naturale o un detergente professionale che pu\u00f2 essere acquistato nel negozio di piastrelle locale. Si prega di non utilizzare prodotti chimici o prodotti contenenti candeggina, alcali, ammoniaca, aceto, alcol, acidi abrasivi o sostanze corrosive. Evitare di graffiare gli accessori con spugne, pagliette metalliche, spazzole o panni abrasivi.<\/p><p>Si raccomanda di maneggiare con cura gli oggetti mentre sono bagnati, poich\u00e9 potrebbero essere scivolosi e rischiare di danneggiarsi in caso di caduta. Si consiglia di asciugare completamente l&#8217;oggetto prima di sollevarlo. Una pulizia regolare e adeguata permetter\u00e0 di godere a lungo dei magnifici accessori in pietra naturale. Questi sono stati progettati appositamente per accentuare lo stile della tua casa, donando un tocco distintivo ed esclusivo.<\/p>\t\t\t\t\t\t\t\t<\/div>\n\t\t\t\t<\/div>\n\t\t\t\t<\/div>\n\t\t\t\t\t<\/div>\n\t\t\t\t<\/div>\n\t\t\t\t<\/div>\n\t\t","protected":false},"excerpt":{"rendered":"<p>cura del prodotto Seguite i nostri consigli per prendervi cura dei prodotti lavandini Per mantenere la bellezza del tuo lavabo in pietra naturale, si consiglia di pulire la superficie con un panno morbido o una spazzola di nylon inumidita con un detergente per stoviglie a pH neutro (assicurandosi che non sia a base di agrumi) [&hellip;]<\/p>\n","protected":false},"author":4,"featured_media":0,"parent":0,"menu_order":0,"comment_status":"closed","ping_status":"closed","template":"full-width.php","meta":{"_acf_changed":false,"_joinchat":[],"footnotes":""},"class_list":["post-11059","page","type-page","status-publish","hentry"],"acf":[],"_links":{"self":[{"href":"https:\/\/forzini.com\/it\/wp-json\/wp\/v2\/pages\/11059","targetHints":{"allow":["GET"]}}],"collection":[{"href":"https:\/\/forzini.com\/it\/wp-json\/wp\/v2\/pages"}],"about":[{"href":"https:\/\/forzini.com\/it\/wp-json\/wp\/v2\/types\/page"}],"author":[{"embeddable":true,"href":"https:\/\/forzini.com\/it\/wp-json\/wp\/v2\/users\/4"}],"replies":[{"embeddable":true,"href":"https:\/\/forzini.com\/it\/wp-json\/wp\/v2\/comments?post=11059"}],"version-history":[{"count":0,"href":"https:\/\/forzini.com\/it\/wp-json\/wp\/v2\/pages\/11059\/revisions"}],"wp:attachment":[{"href":"https:\/\/forzini.com\/it\/wp-json\/wp\/v2\/media?parent=11059"}],"curies":[{"name":"wp","href":"https:\/\/api.w.org\/{rel}","templated":true}]}}