{"id":11039,"date":"2024-02-12T12:18:25","date_gmt":"2024-02-12T11:18:25","guid":{"rendered":"https:\/\/forzini.com\/nosotros\/"},"modified":"2025-12-08T18:20:21","modified_gmt":"2025-12-08T17:20:21","slug":"chi-siamo","status":"publish","type":"page","link":"https:\/\/forzini.com\/it\/chi-siamo\/","title":{"rendered":"CHI SIAMO"},"content":{"rendered":"\t\t<div data-elementor-type=\"wp-page\" data-elementor-id=\"11039\" class=\"elementor elementor-11039 elementor-61\">\n\t\t\t\t<div class=\"elementor-element elementor-element-8829486 e-con-full e-flex e-con e-parent\" data-id=\"8829486\" data-element_type=\"container\" data-e-type=\"container\" data-settings=\"{&quot;background_background&quot;:&quot;classic&quot;}\">\n\t\t<div class=\"elementor-element elementor-element-19926f9 e-grid e-con-boxed e-con e-child\" data-id=\"19926f9\" data-element_type=\"container\" data-e-type=\"container\">\n\t\t\t\t\t<div class=\"e-con-inner\">\n\t\t\t\t<div class=\"elementor-element elementor-element-b835628 animated-slow elementor-invisible elementor-widget elementor-widget-text-editor\" data-id=\"b835628\" data-element_type=\"widget\" data-e-type=\"widget\" data-settings=\"{&quot;_animation&quot;:&quot;fadeInUp&quot;}\" data-widget_type=\"text-editor.default\">\n\t\t\t\t<div class=\"elementor-widget-container\">\n\t\t\t\t\t\t\t\t\t<h2 style=\"text-align: center;\"><strong>CHI SIAMO<\/strong><\/h2><p style=\"text-align: center;\">La nostra storia comincia nella terra \u2014 non nelle tendenze. La natura detta il ritmo; noi scolpiamo il capolavoro. Selezioniamo a mano pietre con carattere, trasformandole in creazioni che valorizzano gli spazi che le persone custodiscono di pi\u00f9: le loro case.<\/p>\t\t\t\t\t\t\t\t<\/div>\n\t\t\t\t<\/div>\n\t\t\t\t<div class=\"elementor-element elementor-element-39e675e elementor-widget elementor-widget-raven-image\" data-id=\"39e675e\" data-element_type=\"widget\" data-e-type=\"widget\" data-widget_type=\"raven-image.default\">\n\t\t\t\t<div class=\"elementor-widget-container\">\n\t\t\t\t\t\t\t<div class=\"raven-image\">\n\t\t\n\t\t\n\t\t<img loading=\"lazy\" decoding=\"async\" width=\"1024\" height=\"1024\" src=\"https:\/\/forzini.com\/wp-content\/uploads\/2025\/12\/pink-onyx-raw-block-Forzini-1024x1024.jpg\" class=\"attachment-large size-large wp-image-22001\" alt=\"\" srcset=\"https:\/\/forzini.com\/wp-content\/uploads\/2025\/12\/pink-onyx-raw-block-Forzini-1024x1024.jpg 1024w, https:\/\/forzini.com\/wp-content\/uploads\/2025\/12\/pink-onyx-raw-block-Forzini-300x300.jpg 300w, https:\/\/forzini.com\/wp-content\/uploads\/2025\/12\/pink-onyx-raw-block-Forzini-150x150.jpg 150w, https:\/\/forzini.com\/wp-content\/uploads\/2025\/12\/pink-onyx-raw-block-Forzini-768x768.jpg 768w, https:\/\/forzini.com\/wp-content\/uploads\/2025\/12\/pink-onyx-raw-block-Forzini-500x500.jpg 500w, https:\/\/forzini.com\/wp-content\/uploads\/2025\/12\/pink-onyx-raw-block-Forzini-600x600.jpg 600w, https:\/\/forzini.com\/wp-content\/uploads\/2025\/12\/pink-onyx-raw-block-Forzini-100x100.jpg 100w, https:\/\/forzini.com\/wp-content\/uploads\/2025\/12\/pink-onyx-raw-block-Forzini.jpg 1080w\" sizes=\"auto, (max-width: 1024px) 100vw, 1024px\" \/>\t\t<\/div>\n\t\t\t\t\t\t<\/div>\n\t\t\t\t<\/div>\n\t\t\t\t\t<\/div>\n\t\t\t\t<\/div>\n\t\t\t\t<\/div>\n\t\t<div class=\"elementor-element elementor-element-fd91bbf e-con-full e-flex e-con e-parent\" data-id=\"fd91bbf\" data-element_type=\"container\" data-e-type=\"container\" data-settings=\"{&quot;background_background&quot;:&quot;classic&quot;}\">\n\t\t<div class=\"elementor-element elementor-element-143c747 e-grid e-con-boxed e-con e-child\" data-id=\"143c747\" data-element_type=\"container\" data-e-type=\"container\">\n\t\t\t\t\t<div class=\"e-con-inner\">\n\t\t\t\t<div class=\"elementor-element elementor-element-30e0f77 elementor-widget elementor-widget-image\" data-id=\"30e0f77\" data-element_type=\"widget\" data-e-type=\"widget\" data-widget_type=\"image.default\">\n\t\t\t\t<div class=\"elementor-widget-container\">\n\t\t\t\t\t\t\t\t\t\t\t\t\t\t\t<img loading=\"lazy\" decoding=\"async\" width=\"1024\" height=\"1024\" src=\"https:\/\/forzini.com\/wp-content\/uploads\/2025\/12\/selection-of-blocks-onyx-stone-Forzini-1024x1024.jpg\" class=\"attachment-large size-large wp-image-22009\" alt=\"\" srcset=\"https:\/\/forzini.com\/wp-content\/uploads\/2025\/12\/selection-of-blocks-onyx-stone-Forzini-1024x1024.jpg 1024w, https:\/\/forzini.com\/wp-content\/uploads\/2025\/12\/selection-of-blocks-onyx-stone-Forzini-300x300.jpg 300w, https:\/\/forzini.com\/wp-content\/uploads\/2025\/12\/selection-of-blocks-onyx-stone-Forzini-150x150.jpg 150w, https:\/\/forzini.com\/wp-content\/uploads\/2025\/12\/selection-of-blocks-onyx-stone-Forzini-768x768.jpg 768w, https:\/\/forzini.com\/wp-content\/uploads\/2025\/12\/selection-of-blocks-onyx-stone-Forzini-500x500.jpg 500w, https:\/\/forzini.com\/wp-content\/uploads\/2025\/12\/selection-of-blocks-onyx-stone-Forzini-600x600.jpg 600w, https:\/\/forzini.com\/wp-content\/uploads\/2025\/12\/selection-of-blocks-onyx-stone-Forzini-100x100.jpg 100w, https:\/\/forzini.com\/wp-content\/uploads\/2025\/12\/selection-of-blocks-onyx-stone-Forzini.jpg 1080w\" sizes=\"auto, (max-width: 1024px) 100vw, 1024px\" \/>\t\t\t\t\t\t\t\t\t\t\t\t\t\t\t<\/div>\n\t\t\t\t<\/div>\n\t\t\t\t<div class=\"elementor-element elementor-element-c93abed animated-slow elementor-invisible elementor-widget elementor-widget-text-editor\" data-id=\"c93abed\" data-element_type=\"widget\" data-e-type=\"widget\" data-settings=\"{&quot;_animation&quot;:&quot;fadeInUp&quot;}\" data-widget_type=\"text-editor.default\">\n\t\t\t\t<div class=\"elementor-widget-container\">\n\t\t\t\t\t\t\t\t\t<h2 style=\"text-align: center;\"><span style=\"color: #ffffff;\"><strong>SIAMO&#8230;<\/strong><\/span><\/h2><p style=\"text-align: center;\">Con radici in generazioni di geologi, sappiamo cosa significa la vera qualit\u00e0. Viaggiamo, selezioniamo, creiamo \u2014 unendo la maestria artigianale a un design che rifiuta di confondersi. Ogni pezzo \u00e8 funzionale, resistente, lussuoso e assolutamente inconfondibile.<\/p><p style=\"text-align: center;\">Crediamo nella forza della pietra e nell\u2019individualit\u00e0 di ogni casa. Nei materiali che durano, nell\u2019artigianato che conta e nella creazione di design che generano connessione nel momento stesso in cui diventano parte di uno spazio.<\/p>\t\t\t\t\t\t\t\t<\/div>\n\t\t\t\t<\/div>\n\t\t\t\t\t<\/div>\n\t\t\t\t<\/div>\n\t\t\t\t<\/div>\n\t\t<div class=\"elementor-element elementor-element-4b31f50 e-con-full e-flex e-con e-parent\" data-id=\"4b31f50\" data-element_type=\"container\" data-e-type=\"container\" data-settings=\"{&quot;background_background&quot;:&quot;classic&quot;}\">\n\t\t<div class=\"elementor-element elementor-element-419a8b0 e-grid e-con-boxed e-con e-child\" data-id=\"419a8b0\" data-element_type=\"container\" data-e-type=\"container\">\n\t\t\t\t\t<div class=\"e-con-inner\">\n\t\t\t\t<div class=\"elementor-element elementor-element-b31adf7 animated-slow elementor-invisible elementor-widget elementor-widget-text-editor\" data-id=\"b31adf7\" data-element_type=\"widget\" data-e-type=\"widget\" data-settings=\"{&quot;_animation&quot;:&quot;fadeInUp&quot;}\" data-widget_type=\"text-editor.default\">\n\t\t\t\t<div class=\"elementor-widget-container\">\n\t\t\t\t\t\t\t\t\t<h2 style=\"text-align: center;\"><strong>LA NOSTRA ESSENZA&#8230;<\/strong><\/h2><p style=\"text-align: center;\">\u00a0<\/p><p style=\"text-align: center;\">Creiamo con passione affinch\u00e9 i tuoi interni trasmettano fiducia, carattere e pura distinzione. Ogni pietra \u00e8 scelta con intenzione, ogni design \u00e8 concepito per distinguersi. Perch\u00e9 la tua casa merita qualcosa di unico quanto te.<\/p><p>\u00a0<\/p>\t\t\t\t\t\t\t\t<\/div>\n\t\t\t\t<\/div>\n\t\t\t\t<div class=\"elementor-element elementor-element-aca7914 elementor-widget elementor-widget-image\" data-id=\"aca7914\" data-element_type=\"widget\" data-e-type=\"widget\" data-widget_type=\"image.default\">\n\t\t\t\t<div class=\"elementor-widget-container\">\n\t\t\t\t\t\t\t\t\t\t\t\t\t\t\t<img loading=\"lazy\" decoding=\"async\" width=\"1024\" height=\"1024\" src=\"https:\/\/forzini.com\/wp-content\/uploads\/2025\/12\/Forzini-company-1024x1024.jpg\" class=\"attachment-large size-large wp-image-22040\" alt=\"\" srcset=\"https:\/\/forzini.com\/wp-content\/uploads\/2025\/12\/Forzini-company-1024x1024.jpg 1024w, https:\/\/forzini.com\/wp-content\/uploads\/2025\/12\/Forzini-company-300x300.jpg 300w, https:\/\/forzini.com\/wp-content\/uploads\/2025\/12\/Forzini-company-150x150.jpg 150w, https:\/\/forzini.com\/wp-content\/uploads\/2025\/12\/Forzini-company-768x768.jpg 768w, https:\/\/forzini.com\/wp-content\/uploads\/2025\/12\/Forzini-company-500x500.jpg 500w, https:\/\/forzini.com\/wp-content\/uploads\/2025\/12\/Forzini-company-600x600.jpg 600w, https:\/\/forzini.com\/wp-content\/uploads\/2025\/12\/Forzini-company-100x100.jpg 100w, https:\/\/forzini.com\/wp-content\/uploads\/2025\/12\/Forzini-company.jpg 1080w\" sizes=\"auto, (max-width: 1024px) 100vw, 1024px\" \/>\t\t\t\t\t\t\t\t\t\t\t\t\t\t\t<\/div>\n\t\t\t\t<\/div>\n\t\t\t\t\t<\/div>\n\t\t\t\t<\/div>\n\t\t\t\t<\/div>\n\t\t\t\t<\/div>\n\t\t","protected":false},"excerpt":{"rendered":"<p>CHI SIAMO La nostra storia comincia nella terra \u2014 non nelle tendenze. La natura detta il ritmo; noi scolpiamo il capolavoro. Selezioniamo a mano pietre con carattere, trasformandole in creazioni che valorizzano gli spazi che le persone custodiscono di pi\u00f9: le loro case. SIAMO&#8230; Con radici in generazioni di geologi, sappiamo cosa significa la vera [&hellip;]<\/p>\n","protected":false},"author":4,"featured_media":0,"parent":0,"menu_order":0,"comment_status":"closed","ping_status":"closed","template":"elementor_header_footer","meta":{"_acf_changed":false,"_joinchat":[],"footnotes":""},"class_list":["post-11039","page","type-page","status-publish","hentry"],"acf":[],"_links":{"self":[{"href":"https:\/\/forzini.com\/it\/wp-json\/wp\/v2\/pages\/11039","targetHints":{"allow":["GET"]}}],"collection":[{"href":"https:\/\/forzini.com\/it\/wp-json\/wp\/v2\/pages"}],"about":[{"href":"https:\/\/forzini.com\/it\/wp-json\/wp\/v2\/types\/page"}],"author":[{"embeddable":true,"href":"https:\/\/forzini.com\/it\/wp-json\/wp\/v2\/users\/4"}],"replies":[{"embeddable":true,"href":"https:\/\/forzini.com\/it\/wp-json\/wp\/v2\/comments?post=11039"}],"version-history":[{"count":0,"href":"https:\/\/forzini.com\/it\/wp-json\/wp\/v2\/pages\/11039\/revisions"}],"wp:attachment":[{"href":"https:\/\/forzini.com\/it\/wp-json\/wp\/v2\/media?parent=11039"}],"curies":[{"name":"wp","href":"https:\/\/api.w.org\/{rel}","templated":true}]}}