{"id":10986,"date":"2024-03-14T11:26:26","date_gmt":"2024-03-14T10:26:26","guid":{"rendered":"https:\/\/forzini.com\/politica-de-cookies\/"},"modified":"2025-04-13T20:27:02","modified_gmt":"2025-04-13T18:27:02","slug":"politica-sui-cookie","status":"publish","type":"page","link":"https:\/\/forzini.com\/it\/politica-sui-cookie\/","title":{"rendered":"Politica sui cookie"},"content":{"rendered":"<p class=\"\" data-start=\"125\" data-end=\"148\"><strong data-start=\"125\" data-end=\"148\">Politica sui cookie<\/strong><\/p>\n<p class=\"\" data-start=\"150\" data-end=\"564\">Nel presente documento vengono fornite agli utenti del sito <a class=\"\" href=\"https:\/\/forzini.com\" target=\"_new\" rel=\"noopener\" data-start=\"210\" data-end=\"233\">https:\/\/forzini.com<\/a> (di seguito, il &#8220;Sito Web&#8221;) informazioni relative ai cookie utilizzati, in ottemperanza alla Direttiva 2009\/136\/CE, recepita nell\u2019ordinamento nazionale attraverso l\u2019articolo 22, comma 2, del Decreto Legislativo sui servizi della societ\u00e0 dell\u2019informazione, e secondo le linee guida dell\u2019Agenzia Spagnola per la Protezione dei Dati.<\/p>\n<p class=\"\" data-start=\"566\" data-end=\"589\"><strong data-start=\"566\" data-end=\"589\">Cosa sono i cookie?<\/strong><\/p>\n<p class=\"\" data-start=\"591\" data-end=\"1053\">I cookie sono piccoli file di testo che un sito visitato dall\u2019utente invia al terminale dello stesso (solitamente al browser), dove vengono memorizzati per essere poi ritrasmessi al sito alla visita successiva. Durante la navigazione su un sito, l\u2019utente pu\u00f2 ricevere anche cookie provenienti da altri siti o server web (detti \u201cterze parti\u201d), che possono contenere elementi (come immagini, mappe, suoni, link a pagine di altri domini) presenti nel sito visitato.<\/p>\n<p class=\"\" data-start=\"1055\" data-end=\"1314\">I browser degli utenti contengono generalmente un numero elevato di cookie, che possono persistere anche a lungo e vengono utilizzati per diversi scopi: autenticazione, monitoraggio delle sessioni, memorizzazione di informazioni sulle preferenze degli utenti.<\/p>\n<p class=\"\" data-start=\"1316\" data-end=\"1503\">I cookie si distinguono tra loro in base alle finalit\u00e0 di utilizzo. Sulla base di tali finalit\u00e0, i cookie si dividono in due categorie principali: cookie tecnici e cookie di profilazione.<\/p>\n<p class=\"\" data-start=\"1505\" data-end=\"1523\"><strong data-start=\"1505\" data-end=\"1523\">Cookie tecnici<\/strong><\/p>\n<p class=\"\" data-start=\"1525\" data-end=\"1835\">I cookie tecnici vengono utilizzati al solo fine di effettuare la trasmissione di una comunicazione su una rete di comunicazione elettronica, oppure nella misura strettamente necessaria a fornire un servizio esplicitamente richiesto dall\u2019utente. Di norma, sono installati direttamente dal gestore del sito web.<\/p>\n<p class=\"\" data-start=\"1837\" data-end=\"1863\"><strong data-start=\"1837\" data-end=\"1863\">Cookie di profilazione<\/strong><\/p>\n<p class=\"\" data-start=\"1865\" data-end=\"2075\">I cookie di profilazione sono volti a creare profili relativi all\u2019utente e vengono utilizzati per inviare messaggi pubblicitari in linea con le preferenze manifestate dall\u2019utente durante la navigazione in rete.<\/p>\n<p class=\"\" data-start=\"2077\" data-end=\"2102\"><strong data-start=\"2077\" data-end=\"2102\">Cookie di terze parti<\/strong><\/p>\n<p class=\"\" data-start=\"2104\" data-end=\"2324\">I cookie possono essere installati sul terminale dell\u2019utente non solo dal gestore del sito che si sta visitando, ma anche da soggetti terzi che installano cookie attraverso il sito stesso (detti &#8220;cookie di terze parti&#8221;).<\/p>\n<p class=\"\" data-start=\"2326\" data-end=\"2373\"><strong data-start=\"2326\" data-end=\"2373\">Tipologie di cookie utilizzate dal Sito Web<\/strong><\/p>\n<p class=\"\" data-start=\"2375\" data-end=\"2393\"><strong data-start=\"2375\" data-end=\"2393\">Cookie tecnici<\/strong><\/p>\n<p class=\"\" data-start=\"2395\" data-end=\"2567\">Il Sito Web utilizza cookie tecnici che consentono di riconoscere gli utenti che tornano a navigare sul Sito, evitando che debbano reinserire i propri dati ad ogni accesso.<\/p>\n<p class=\"\" data-start=\"2569\" data-end=\"2668\">Per l&#8217;installazione e l&#8217;utilizzo di tali cookie non \u00e8 richiesto il consenso preventivo dell\u2019utente.<\/p>\n<p class=\"\" data-start=\"2670\" data-end=\"2724\">Sul Sito vengono utilizzati i seguenti cookie tecnici:<\/p>\n<p class=\"\" data-start=\"2726\" data-end=\"2765\"><strong data-start=\"2726\" data-end=\"2765\">Cookie di navigazione o di sessione<\/strong><\/p>\n<p class=\"\" data-start=\"2767\" data-end=\"2975\">Consentono la normale navigazione e fruizione del sito web. Ad esempio, permettono all\u2019utente di effettuare un acquisto o accedere ad aree riservate. Sono indispensabili per un utilizzo ottimale del Sito Web.<\/p>\n<p class=\"\" data-start=\"2977\" data-end=\"3272\">Sebbene i cookie tecnici non richiedano il consenso preventivo per essere installati, l\u2019utente pu\u00f2 gestirli tramite le impostazioni del proprio browser (vedi sezione &#8220;Gestione delle impostazioni dei cookie&#8221;). Tuttavia, la loro rimozione potrebbe compromettere il corretto funzionamento del Sito.<\/p>\n<p class=\"\" data-start=\"3274\" data-end=\"3294\"><strong data-start=\"3274\" data-end=\"3294\">Cookie analitici<\/strong><\/p>\n<p class=\"\" data-start=\"3296\" data-end=\"3440\">Raccolgono informazioni statistiche, in forma aggregata e anonima, sul numero degli utenti e sulle modalit\u00e0 di navigazione all\u2019interno del sito.<\/p>\n<div class=\"pointer-events-none relative left-[50%]! flex w-[100cqw] translate-x-[-50%] justify-center *:pointer-events-auto\">\n<div class=\"tableContainer horzScrollShadows\">\n<table class=\"min-w-full\" data-start=\"3442\" data-end=\"4159\">\n<thead data-start=\"3442\" data-end=\"3513\">\n<tr data-start=\"3442\" data-end=\"3513\">\n<th data-start=\"3442\" data-end=\"3466\"><strong data-start=\"3444\" data-end=\"3465\">Cookie utilizzati<\/strong><\/th>\n<th data-start=\"3466\" data-end=\"3499\"><strong data-start=\"3468\" data-end=\"3498\">Caratteristiche e finalit\u00e0<\/strong><\/th>\n<th data-start=\"3499\" data-end=\"3513\"><strong data-start=\"3501\" data-end=\"3511\">Durata<\/strong><\/th>\n<\/tr>\n<\/thead>\n<tbody data-start=\"3586\" data-end=\"4159\">\n<tr data-start=\"3586\" data-end=\"3653\">\n<td class=\"max-w-[calc(var(--thread-content-max-width)*2\/3)]\" data-start=\"3586\" data-end=\"3611\">cookie_consent<\/td>\n<td class=\"max-w-[calc(var(--thread-content-max-width)*2\/3)]\" data-start=\"3611\" data-end=\"3643\">Banner di accettazione cookie<\/td>\n<td class=\"max-w-[calc(var(--thread-content-max-width)*2\/3)]\" data-start=\"3643\" data-end=\"3653\">2 anni<\/td>\n<\/tr>\n<tr data-start=\"3654\" data-end=\"3798\">\n<td class=\"max-w-[calc(var(--thread-content-max-width)*2\/3)] min-w-[calc(var(--thread-content-max-width)\/3)]\" data-start=\"3654\" data-end=\"3712\">Forzini_session, guest_token, _signup_pvs, _signup_type<\/td>\n<td class=\"max-w-[calc(var(--thread-content-max-width)*2\/3)] min-w-[calc(var(--thread-content-max-width)\/3)]\" data-start=\"3712\" data-end=\"3764\">Cookie tecnici per il tracciamento della sessione<\/td>\n<td class=\"max-w-[calc(var(--thread-content-max-width)*2\/3)]\" data-start=\"3764\" data-end=\"3798\">Fino alla chiusura del browser<\/td>\n<\/tr>\n<tr data-start=\"3799\" data-end=\"3880\">\n<td class=\"max-w-[calc(var(--thread-content-max-width)*2\/3)]\" data-start=\"3799\" data-end=\"3824\">_ga<\/td>\n<td class=\"max-w-[calc(var(--thread-content-max-width)*2\/3)] min-w-[calc(var(--thread-content-max-width)\/3)]\" data-start=\"3824\" data-end=\"3870\">Monitoraggio prestazioni (Google Analytics)<\/td>\n<td class=\"max-w-[calc(var(--thread-content-max-width)*2\/3)]\" data-start=\"3870\" data-end=\"3880\">2 anni<\/td>\n<\/tr>\n<tr data-start=\"3881\" data-end=\"3964\">\n<td class=\"max-w-[calc(var(--thread-content-max-width)*2\/3)]\" data-start=\"3881\" data-end=\"3906\">_gid<\/td>\n<td class=\"max-w-[calc(var(--thread-content-max-width)*2\/3)] min-w-[calc(var(--thread-content-max-width)\/3)]\" data-start=\"3906\" data-end=\"3952\">Monitoraggio prestazioni (Google Analytics)<\/td>\n<td class=\"max-w-[calc(var(--thread-content-max-width)*2\/3)]\" data-start=\"3952\" data-end=\"3964\">1 giorno<\/td>\n<\/tr>\n<tr data-start=\"3965\" data-end=\"4070\">\n<td class=\"max-w-[calc(var(--thread-content-max-width)*2\/3)]\" data-start=\"3965\" data-end=\"3990\">_gat<\/td>\n<td class=\"max-w-[calc(var(--thread-content-max-width)*2\/3)] min-w-[calc(var(--thread-content-max-width)\/3)]\" data-start=\"3990\" data-end=\"4036\">Monitoraggio prestazioni (Google Analytics)<\/td>\n<td class=\"max-w-[calc(var(--thread-content-max-width)*2\/3)]\" data-start=\"4036\" data-end=\"4070\">Fino alla chiusura del browser<\/td>\n<\/tr>\n<tr data-start=\"4071\" data-end=\"4159\">\n<td class=\"max-w-[calc(var(--thread-content-max-width)*2\/3)] min-w-[calc(var(--thread-content-max-width)\/3)]\" data-start=\"4071\" data-end=\"4116\">zaius_js_version, z_idsyncs, z_customer_id<\/td>\n<td class=\"max-w-[calc(var(--thread-content-max-width)*2\/3)]\" data-start=\"4116\" data-end=\"4149\">Piattaforma di Email Marketing<\/td>\n<td class=\"max-w-[calc(var(--thread-content-max-width)*2\/3)]\" data-start=\"4149\" data-end=\"4159\">2 anni<\/td>\n<\/tr>\n<\/tbody>\n<\/table>\n<\/div>\n<\/div>\n<p class=\"\" data-start=\"4161\" data-end=\"4259\">Il Sito utilizza cookie analitici di terze parti, descritti nella sezione &#8220;Cookie di terze parti&#8221;.<\/p>\n<p class=\"\" data-start=\"4261\" data-end=\"4323\"><strong data-start=\"4261\" data-end=\"4323\">Cookie pubblicitari utilizzati sui siti dei nostri partner<\/strong><\/p>\n<p class=\"\" data-start=\"4325\" data-end=\"4685\">Il Sito viene pubblicizzato su altri siti web di terze parti. Vengono utilizzati cookie per controllare quante volte un determinato annuncio viene mostrato a un utente, evitando ripetizioni eccessive. Questi cookie non raccolgono dati personali. \u00c8 possibile disattivare tali cookie seguendo le istruzioni nella sezione &#8220;Gestione delle impostazioni dei cookie&#8221;.<\/p>\n<p class=\"\" data-start=\"4687\" data-end=\"4712\"><strong data-start=\"4687\" data-end=\"4712\">Cookie di terze parti<\/strong><\/p>\n<p class=\"\" data-start=\"4714\" data-end=\"4772\">Il Sito utilizza diversi cookie installati da terze parti.<\/p>\n<p class=\"\" data-start=\"4774\" data-end=\"5087\">Il Sito non ha controllo diretto su questi cookie (non pu\u00f2 n\u00e9 installarli n\u00e9 cancellarli). Tuttavia, gli utenti possono gestire tali cookie e negare il consenso al loro utilizzo tramite le impostazioni del proprio browser, come descritto nella sezione seguente, o tramite i link forniti nella tabella sottostante.<\/p>\n<div class=\"pointer-events-none relative left-[50%]! flex w-[100cqw] translate-x-[-50%] justify-center *:pointer-events-auto\">\n<div class=\"tableContainer horzScrollShadows\">\n<table class=\"min-w-full\" data-start=\"5089\" data-end=\"6092\">\n<thead data-start=\"5089\" data-end=\"5167\">\n<tr data-start=\"5089\" data-end=\"5167\">\n<th data-start=\"5089\" data-end=\"5117\"><strong data-start=\"5091\" data-end=\"5116\">Cookie di terze parti<\/strong><\/th>\n<th data-start=\"5117\" data-end=\"5128\"><strong data-start=\"5119\" data-end=\"5127\">Tipo<\/strong><\/th>\n<th data-start=\"5128\" data-end=\"5167\"><strong data-start=\"5130\" data-end=\"5165\">Maggiori informazioni \/ Opt-out<\/strong><\/th>\n<\/tr>\n<\/thead>\n<tbody data-start=\"5247\" data-end=\"6092\">\n<tr data-start=\"5247\" data-end=\"5355\">\n<td class=\"max-w-[calc(var(--thread-content-max-width)*2\/3)]\" data-start=\"5247\" data-end=\"5277\">Meta (Facebook &#8211; Instagram)<\/td>\n<td class=\"max-w-[calc(var(--thread-content-max-width)*2\/3)]\" data-start=\"5277\" data-end=\"5313\">Pubblicit\u00e0 basata sugli interessi<\/td>\n<td class=\"max-w-[calc(var(--thread-content-max-width)*2\/3)]\" data-start=\"5313\" data-end=\"5355\"><a class=\"\" href=\"http:\/\/www.facebook.com\/about\/privacy\/\" target=\"_new\" rel=\"noopener\" data-start=\"5315\" data-end=\"5353\">http:\/\/www.facebook.com\/about\/privacy\/<\/a><\/td>\n<\/tr>\n<tr data-start=\"5356\" data-end=\"5486\">\n<td class=\"max-w-[calc(var(--thread-content-max-width)*2\/3)]\" data-start=\"5356\" data-end=\"5387\">Google (AdWords Remarketing)<\/td>\n<td class=\"max-w-[calc(var(--thread-content-max-width)*2\/3)]\" data-start=\"5387\" data-end=\"5423\">Pubblicit\u00e0 basata sugli interessi<\/td>\n<td class=\"max-w-[calc(var(--thread-content-max-width)*2\/3)] min-w-[calc(var(--thread-content-max-width)\/3)]\" data-start=\"5423\" data-end=\"5486\"><a target=\"_new\" rel=\"noopener\" data-start=\"5425\" data-end=\"5484\">https:\/\/www.google.com\/settings\/u\/0\/ads\/authenticated?hl=it<\/a><\/td>\n<\/tr>\n<tr data-start=\"5487\" data-end=\"5569\">\n<td class=\"max-w-[calc(var(--thread-content-max-width)*2\/3)]\" data-start=\"5487\" data-end=\"5515\">Google (Google Analytics)<\/td>\n<td class=\"max-w-[calc(var(--thread-content-max-width)*2\/3)]\" data-start=\"5515\" data-end=\"5525\">Analisi<\/td>\n<td class=\"max-w-[calc(var(--thread-content-max-width)*2\/3)]\" data-start=\"5525\" data-end=\"5569\"><a class=\"\" href=\"https:\/\/tools.google.com\/dlpage\/gaoptout\" target=\"_new\" rel=\"noopener\" data-start=\"5527\" data-end=\"5567\">https:\/\/tools.google.com\/dlpage\/gaoptout<\/a><\/td>\n<\/tr>\n<tr data-start=\"5570\" data-end=\"5715\">\n<td class=\"max-w-[calc(var(--thread-content-max-width)*2\/3)] min-w-[calc(var(--thread-content-max-width)\/3)]\" data-start=\"5570\" data-end=\"5616\">Google \/ DoubleClick (Channel Intelligence)<\/td>\n<td class=\"max-w-[calc(var(--thread-content-max-width)*2\/3)]\" data-start=\"5616\" data-end=\"5652\">Pubblicit\u00e0 basata sugli interessi<\/td>\n<td class=\"max-w-[calc(var(--thread-content-max-width)*2\/3)] min-w-[calc(var(--thread-content-max-width)\/3)]\" data-start=\"5652\" data-end=\"5715\"><a target=\"_new\" rel=\"noopener\" data-start=\"5654\" data-end=\"5713\">https:\/\/www.google.com\/settings\/u\/0\/ads\/authenticated?hl=it<\/a><\/td>\n<\/tr>\n<tr data-start=\"5716\" data-end=\"5856\">\n<td class=\"max-w-[calc(var(--thread-content-max-width)*2\/3)]\" data-start=\"5716\" data-end=\"5757\">Google \/ DoubleClick (DoubleClick DPA)<\/td>\n<td class=\"max-w-[calc(var(--thread-content-max-width)*2\/3)]\" data-start=\"5757\" data-end=\"5793\">Pubblicit\u00e0 basata sugli interessi<\/td>\n<td class=\"max-w-[calc(var(--thread-content-max-width)*2\/3)] min-w-[calc(var(--thread-content-max-width)\/3)]\" data-start=\"5793\" data-end=\"5856\"><a target=\"_new\" rel=\"noopener\" data-start=\"5795\" data-end=\"5854\">https:\/\/www.google.com\/settings\/u\/0\/ads\/authenticated?hl=it<\/a><\/td>\n<\/tr>\n<tr data-start=\"5857\" data-end=\"5992\">\n<td class=\"max-w-[calc(var(--thread-content-max-width)*2\/3)]\" data-start=\"5857\" data-end=\"5893\">Google \/ DoubleClick (Floodlight)<\/td>\n<td class=\"max-w-[calc(var(--thread-content-max-width)*2\/3)]\" data-start=\"5893\" data-end=\"5929\">Pubblicit\u00e0 basata sugli interessi<\/td>\n<td class=\"max-w-[calc(var(--thread-content-max-width)*2\/3)] min-w-[calc(var(--thread-content-max-width)\/3)]\" data-start=\"5929\" data-end=\"5992\"><a target=\"_new\" rel=\"noopener\" data-start=\"5931\" data-end=\"5990\">https:\/\/www.google.com\/settings\/u\/0\/ads\/authenticated?hl=it<\/a><\/td>\n<\/tr>\n<tr data-start=\"5993\" data-end=\"6092\">\n<td class=\"max-w-[calc(var(--thread-content-max-width)*2\/3)]\" data-start=\"5993\" data-end=\"6004\">LinkedIn<\/td>\n<td class=\"max-w-[calc(var(--thread-content-max-width)*2\/3)]\" data-start=\"6004\" data-end=\"6014\">Analisi<\/td>\n<td class=\"max-w-[calc(var(--thread-content-max-width)*2\/3)] min-w-[calc(var(--thread-content-max-width)\/3)]\" data-start=\"6014\" data-end=\"6092\"><a class=\"\" href=\"https:\/\/www.linkedin.com\/psettings\/guest-controls\/retargeting-opt-out?trk=\" target=\"_new\" rel=\"noopener\" data-start=\"6016\" data-end=\"6090\">https:\/\/www.linkedin.com\/psettings\/guest-controls\/retargeting-opt-out?trk=<\/a><\/td>\n<\/tr>\n<\/tbody>\n<\/table>\n<\/div>\n<\/div>\n<p class=\"\" data-start=\"6094\" data-end=\"6136\"><strong data-start=\"6094\" data-end=\"6136\">Gestione delle impostazioni dei cookie<\/strong><\/p>\n<p class=\"\" data-start=\"6138\" data-end=\"6388\">L\u2019utente pu\u00f2 eliminare alcuni o tutti i cookie utilizzati dal Sito attraverso le impostazioni del proprio browser. Si noti che la disattivazione dei cookie tecnici potrebbe compromettere il corretto funzionamento del Sito o limitarne le funzionalit\u00e0.<\/p>\n<p class=\"\" data-start=\"6390\" data-end=\"6476\">Di seguito i link con le istruzioni per la gestione dei cookie nei principali browser:<\/p>\n<ul data-start=\"6478\" data-end=\"6779\">\n<li class=\"\" data-start=\"6478\" data-end=\"6578\">\n<p class=\"\" data-start=\"6480\" data-end=\"6578\"><strong data-start=\"6480\" data-end=\"6501\">Internet Explorer<\/strong>: <a class=\"\" href=\"http:\/\/windows.microsoft.com\/it-it\/windows7\/block-enable-or-allow-cookies\" target=\"_new\" rel=\"noopener\" data-start=\"6503\" data-end=\"6576\">http:\/\/windows.microsoft.com\/it-it\/windows7\/block-enable-or-allow-cookies<\/a><\/p>\n<\/li>\n<li class=\"\" data-start=\"6579\" data-end=\"6635\">\n<p class=\"\" data-start=\"6581\" data-end=\"6635\"><strong data-start=\"6581\" data-end=\"6591\">Safari<\/strong>: <a class=\"\" href=\"https:\/\/support.apple.com\/it-it\/HT201265\" target=\"_new\" rel=\"noopener\" data-start=\"6593\" data-end=\"6633\">https:\/\/support.apple.com\/it-it\/HT201265<\/a><\/p>\n<\/li>\n<li class=\"\" data-start=\"6636\" data-end=\"6704\">\n<p class=\"\" data-start=\"6638\" data-end=\"6704\"><strong data-start=\"6638\" data-end=\"6648\">Chrome<\/strong>: <a target=\"_new\" rel=\"noopener\" data-start=\"6650\" data-end=\"6702\">https:\/\/support.google.com\/chrome\/answer\/95647?hl=it<\/a><\/p>\n<\/li>\n<li class=\"\" data-start=\"6705\" data-end=\"6779\">\n<p class=\"\" data-start=\"6707\" data-end=\"6779\"><strong data-start=\"6707\" data-end=\"6718\">Firefox<\/strong>: <a class=\"\" href=\"https:\/\/support.mozilla.org\/it\/kb\/Gestione%20dei%20cookie\" target=\"_new\" rel=\"noopener\" data-start=\"6720\" data-end=\"6777\">https:\/\/support.mozilla.org\/it\/kb\/Gestione%20dei%20cookie<\/a><\/p>\n<\/li>\n<\/ul>\n<p class=\"\" data-start=\"6781\" data-end=\"6940\">I cookie di terze parti possono anche essere disattivati tramite i metodi forniti dai rispettivi titolari, come indicato nella sezione &#8220;Cookie di terze parti&#8221;.<\/p>\n<p class=\"\" data-start=\"6942\" data-end=\"7244\">\u00c8 possibile in qualsiasi momento gestire le preferenze relative ai cookie accedendo alla pagina <a class=\"\" href=\"http:\/\/www.youronlinechoices.com\/\" target=\"_new\" rel=\"noopener\" data-start=\"7038\" data-end=\"7071\">http:\/\/www.youronlinechoices.com\/<\/a> e attivando o disattivando singole categorie. Per ulteriori informazioni sui cookie e per gestire le preferenze di profilazione, visitare: <a class=\"\" href=\"http:\/\/www.youronlinechoices.com\" target=\"_new\" rel=\"noopener\" data-start=\"7211\" data-end=\"7243\">http:\/\/www.youronlinechoices.com<\/a>.<\/p>\n<p class=\"\" data-start=\"7246\" data-end=\"7393\">Se desideri approfondire il funzionamento dei cookie di terze parti e come gestirli o eliminarli, visita il sito <a class=\"\" href=\"http:\/\/www.youronlinechoices.com\/\" target=\"_new\" rel=\"noopener\" data-start=\"7359\" data-end=\"7392\">http:\/\/www.youronlinechoices.com\/<\/a>.<\/p>\n","protected":false},"excerpt":{"rendered":"<p>Politica sui cookie Nel presente documento vengono fornite agli utenti del sito https:\/\/forzini.com (di seguito, il &#8220;Sito Web&#8221;) informazioni relative ai cookie utilizzati, in ottemperanza alla Direttiva 2009\/136\/CE, recepita nell\u2019ordinamento nazionale attraverso l\u2019articolo 22, comma 2, del Decreto Legislativo sui servizi della societ\u00e0 dell\u2019informazione, e secondo le linee guida dell\u2019Agenzia Spagnola per la Protezione dei [&hellip;]<\/p>\n","protected":false},"author":4,"featured_media":0,"parent":0,"menu_order":0,"comment_status":"closed","ping_status":"closed","template":"","meta":{"_acf_changed":false,"_joinchat":[],"footnotes":""},"class_list":["post-10986","page","type-page","status-publish","hentry"],"acf":[],"_links":{"self":[{"href":"https:\/\/forzini.com\/it\/wp-json\/wp\/v2\/pages\/10986","targetHints":{"allow":["GET"]}}],"collection":[{"href":"https:\/\/forzini.com\/it\/wp-json\/wp\/v2\/pages"}],"about":[{"href":"https:\/\/forzini.com\/it\/wp-json\/wp\/v2\/types\/page"}],"author":[{"embeddable":true,"href":"https:\/\/forzini.com\/it\/wp-json\/wp\/v2\/users\/4"}],"replies":[{"embeddable":true,"href":"https:\/\/forzini.com\/it\/wp-json\/wp\/v2\/comments?post=10986"}],"version-history":[{"count":0,"href":"https:\/\/forzini.com\/it\/wp-json\/wp\/v2\/pages\/10986\/revisions"}],"wp:attachment":[{"href":"https:\/\/forzini.com\/it\/wp-json\/wp\/v2\/media?parent=10986"}],"curies":[{"name":"wp","href":"https:\/\/api.w.org\/{rel}","templated":true}]}}