{"id":9848,"date":"2024-10-21T17:41:20","date_gmt":"2024-10-21T15:41:20","guid":{"rendered":"https:\/\/forzini.com\/producto\/lavabo-rectangular-de-piedra-sobre-encimera\/"},"modified":"2025-02-28T21:15:16","modified_gmt":"2025-02-28T20:15:16","slug":"vasque-a-poser-rectangulaire-en-onyx-blanc","status":"publish","type":"product","link":"https:\/\/forzini.com\/fr\/producto\/vasque-a-poser-rectangulaire-en-onyx-blanc\/","title":{"rendered":"Vasque \u00e0 poser rectangulaire en onyx blanc"},"content":{"rendered":"<h1><span data-sheets-formula-bar-text-style=\"font-size:13px;color:#000000;font-weight:normal;text-decoration:none;font-family:'Arial';font-style:normal;text-decoration-skip-ink:none;\">Vasque \u00e0 poser rectangulaire en onyx blanc <\/span>\u00ab\u00a0Volturnus-W\u00a0\u00bb<\/h1>\n<p>Notre vasque \u00e0 poser rectangulaire en onyx blanc, avec sa forme audacieuse et son design innovant, est une v\u00e9ritable \u0153uvre d&rsquo;art. Sculpt\u00e9e \u00e0 partir d\u2019un bloc d\u2019onyx selon des techniques artisanales, chaque ligne raconte une histoire de beaut\u00e9 naturelle. Ce lavabo en onyx, soigneusement poli par des mains expertes, n\u2019est pas qu\u2019un simple \u00e9l\u00e9ment fonctionnel : c\u2019est une pi\u00e8ce d\u2019exception qui apporte \u00e9clat et sophistication \u00e0 toute salle de bain.<\/p>\n<p>Imaginez ce magnifique vasque \u00e0 poser rectangulaire en onyx blanc comme l\u2019\u00e9l\u00e9ment central de votre espace, captivant vos invit\u00e9s par le charme envo\u00fbtant de cette pierre semi-pr\u00e9cieuse. Son fini luxueux marie \u00e0 la perfection l\u2019authenticit\u00e9 rustique et l\u2019\u00e9l\u00e9gance contemporaine, en faisant une \u0153uvre convoit\u00e9e pour sublimer n\u2019importe quelle salle de bain. Les variations naturelles et les fascinants motifs de l\u2019onyx garantissent que chaque vasque est unique, ajoutant une touche distinctive \u00e0 votre d\u00e9coration.<\/p>\n<p data-start=\"973\" data-end=\"999\">Duna Dorada Onyx &#8211; un fond blanc immacul\u00e9 sert de toile apaisante, d\u00e9licatement parsem\u00e9e de douces volutes blanches flottant \u00e0 sa surface. Des nuances cr\u00e9meuses, jaunes et des veines aux tons dor\u00e9s, caramel, brun, cognac et rouge conf\u00e8rent \u00e0 cet onyx blanc une raret\u00e9 pr\u00e9cieuse, extrait en quantit\u00e9s limit\u00e9es d\u2019un site exclusif.<\/p>\n<p data-start=\"1313\" data-end=\"1750\">Saviez-vous que l\u2019onyx blanc est une pierre fascinante, pris\u00e9e pour sa raret\u00e9 et sa beaut\u00e9 sereine ? Son exclusivit\u00e9 d\u00e9coule des conditions sp\u00e9cifiques n\u00e9cessaires \u00e0 sa formation. L\u2019eau riche en silice s\u2019\u00e9coule dans des cavernes, d\u00e9posant progressivement des couches de calc\u00e9doine qui cristallisent au fil des mill\u00e9naires. Sa teinte blanc ivoire \u00e9voque l\u2019art et l\u2019architecture des \u00e9poques antiques, refl\u00e9tant une \u00e9l\u00e9gance intemporelle.<\/p>\n<p data-start=\"1752\" data-end=\"2259\" data-is-last-node=\"\" data-is-only-node=\"\">La magie de cet onyx r\u00e9side dans sa translucidit\u00e9, qui lui conf\u00e8re une qualit\u00e9 \u00e9th\u00e9r\u00e9e, presque comme si l\u2019on tenait un fragment de lumi\u00e8re lunaire entre ses mains. Ce ph\u00e9nom\u00e8ne cr\u00e9e un jeu subtil d\u2019ombres et de lumi\u00e8res, animant la pierre et r\u00e9v\u00e9lant ses motifs internes complexes. Ses dessins en forme de nuages sont la signature naturelle de l\u2019onyx blanc, \u00e9voquant des paysages brumeux qui glissent doucement sur sa surface. C\u2019est pr\u00e9cis\u00e9ment cet effet qui rend l\u2019onyx blanc aussi singulier et envo\u00fbtant.<\/p>\n<p data-start=\"2316\" data-end=\"2393\">D\u00e9couvrez notre collection de marbres et d\u2019onyx via ce lien: <a href=\"https:\/\/forzini.com\/fr\/materiaux\/\" target=\"_blank\" rel=\"noopener\">Mat\u00e9riaux<\/a><\/p>\n<h3><strong data-start=\"2404\" data-end=\"2436\">Caract\u00e9ristiques principales<\/strong><\/h3>\n<h3>Installation: sur le comptoir des meubles de la salle de bains<\/h3>\n<h3>Diam\u00e8tre du trou d\u2019\u00e9vacuation: 4,5 cm (standard europ\u00e9en).<\/h3>\n<h3>Type de bonde compatible: Valve universelle (non incluse), sans trop-plein.<\/h3>\n<h3>Type de robinet compatible:<\/h3>\n<h3>Installation: Sur le comptoir ou mural (non inclus).<\/h3>\n<h3>Non inclus: Siphon, bonde d\u2019\u00e9vacuation, robinet.<\/h3>\n","protected":false},"excerpt":{"rendered":"<h2>Vasque \u00e0 poser rectangulaire en onyx blanc<\/h2>\n<p>Taill\u00e9e dans un bloc massif de marbre onyx, cette vasque se distingue par son \u00e9l\u00e9gance et sa polyvalence. Son design audacieux en fait un choix id\u00e9al pour une multitude de styles d\u2019int\u00e9rieur. Que ce soit dans une salle de bain au style rustique, nordique ou contemporain, ce lavabo s\u2019int\u00e8gre harmonieusement gr\u00e2ce \u00e0 ses lignes \u00e9pur\u00e9es et son fini raffin\u00e9. Les veines et les somptueux motifs de l\u2019onyx naturel subliment l\u2019espace, cr\u00e9ant une atmosph\u00e8re luxueuse et sophistiqu\u00e9e qui rehausse toute d\u00e9coration.<\/p>\n","protected":false},"featured_media":9849,"comment_status":"closed","ping_status":"closed","template":"","meta":{"_acf_changed":false,"_joinchat":[]},"product_brand":[],"product_cat":[331,186],"product_tag":[190],"class_list":{"0":"post-9848","1":"product","2":"type-product","3":"status-publish","4":"has-post-thumbnail","6":"product_cat-lavabos-onyx","7":"product_cat-vasques","8":"product_tag-onyx-fr","10":"first","11":"outofstock","12":"sale","13":"featured","14":"shipping-taxable","15":"purchasable","16":"product-type-simple"},"acf":[],"_links":{"self":[{"href":"https:\/\/forzini.com\/fr\/wp-json\/wp\/v2\/product\/9848","targetHints":{"allow":["GET"]}}],"collection":[{"href":"https:\/\/forzini.com\/fr\/wp-json\/wp\/v2\/product"}],"about":[{"href":"https:\/\/forzini.com\/fr\/wp-json\/wp\/v2\/types\/product"}],"replies":[{"embeddable":true,"href":"https:\/\/forzini.com\/fr\/wp-json\/wp\/v2\/comments?post=9848"}],"version-history":[{"count":0,"href":"https:\/\/forzini.com\/fr\/wp-json\/wp\/v2\/product\/9848\/revisions"}],"wp:featuredmedia":[{"embeddable":true,"href":"https:\/\/forzini.com\/fr\/wp-json\/wp\/v2\/media\/9849"}],"wp:attachment":[{"href":"https:\/\/forzini.com\/fr\/wp-json\/wp\/v2\/media?parent=9848"}],"wp:term":[{"taxonomy":"product_brand","embeddable":true,"href":"https:\/\/forzini.com\/fr\/wp-json\/wp\/v2\/product_brand?post=9848"},{"taxonomy":"product_cat","embeddable":true,"href":"https:\/\/forzini.com\/fr\/wp-json\/wp\/v2\/product_cat?post=9848"},{"taxonomy":"product_tag","embeddable":true,"href":"https:\/\/forzini.com\/fr\/wp-json\/wp\/v2\/product_tag?post=9848"}],"curies":[{"name":"wp","href":"https:\/\/api.w.org\/{rel}","templated":true}]}}