{"id":9728,"date":"2024-07-05T13:56:02","date_gmt":"2024-07-05T11:56:02","guid":{"rendered":"https:\/\/forzini.com\/producto\/set-mancuernas-de-marmol-apolo-medianas\/"},"modified":"2025-03-23T19:04:14","modified_gmt":"2025-03-23T18:04:14","slug":"poids-esthetiques-en-marbre-apolo-m","status":"publish","type":"product","link":"https:\/\/forzini.com\/fr\/producto\/poids-esthetiques-en-marbre-apolo-m\/","title":{"rendered":"Poids esth\u00e9tiques en marbre Apolo M"},"content":{"rendered":"<h1>Poids esth\u00e9tiques en marbre \u00ab\u00a0Apolo M\u00a0\u00bb<\/h1>\n<p>Ce set de <strong>poids esth\u00e9tiques en marbre<\/strong> est le summum de l&rsquo;exclusivit\u00e9 et de l&rsquo;artisanat.. Chaque ann\u00e9e, seules quelques unit\u00e9s sont fabriqu\u00e9es \u00e0 la main, ce qui les rend v\u00e9ritablement uniques. Les formes douces et ergonomiques de ces halt\u00e8res apportent une esth\u00e9tique raffin\u00e9e et sophistiqu\u00e9e \u00e0 n&rsquo;importe quel espace. Ces halt\u00e8res se distinguent par leur design esth\u00e9tique, con\u00e7u pour offrir confort et beaut\u00e9. Disponibles en marbre noir avec des veines blanch\u00e2tres, chaque halt\u00e8re est une \u0153uvre d&rsquo;art unique refl\u00e9tant l&rsquo;\u00e9l\u00e9gance intemporelle du marbre naturel. Avec un poids de 2 kg par halt\u00e8re, ce set de poids esth\u00e9tiques en marbre devient un \u00e9l\u00e9ment d\u00e9coratif qui embellit tout environnement, qu&rsquo;il s&rsquo;agisse d&rsquo;un gymnase de luxe ou d&rsquo;un salon. Chaque d\u00e9tail de ces halt\u00e8res a \u00e9t\u00e9 soigneusement \u00e9labor\u00e9 pour allier esth\u00e9tique et praticit\u00e9, en faisant le cadeau parfait pour les amateurs de fitness et de design.<\/p>\n<p>Notre conseil : Ce set d&rsquo;halt\u00e8res en marbre est parfait pour \u00eatre associ\u00e9 \u00e0 notre kettlebell premium \u00ab\u00a0<a href=\"https:\/\/forzini.com\/fr\/producto\/kettlebell-moderne-ergonomique-virtus-m\/\" target=\"_blank\" rel=\"noopener\">Virtus M<\/a>\u00ab\u00a0.<\/p>\n<p>Marbre Jet Noir : Il se distingue par sa couleur noire profonde, accentu\u00e9e par des veines blanches brillantes qui traversent la toile sombre. Ce contraste saisissant conf\u00e8re une sensation d&rsquo;\u00e9l\u00e9gance classique et attire tous les regards.<\/p>\n<p>Saviez-vous que nos halt\u00e8res en marbre ont un design exceptionnellement unique ? Nous nous inspirons de trouver l&rsquo;harmonie entre l&rsquo;esth\u00e9tique et la fonctionnalit\u00e9, croyant fermement que la beaut\u00e9 des objets peut influencer positivement notre bien-\u00eatre. Pour nous, faire de l&rsquo;exercice ne se r\u00e9sume pas \u00e0 un effort physique, mais consiste \u00e9galement \u00e0 profiter d&rsquo;un environnement visuellement attrayant. Chaque pi\u00e8ce est une fusion de design innovant et de marbre de haute qualit\u00e9, un mat\u00e9riau fascinant et appr\u00e9ci\u00e9 pour son \u00e9l\u00e9gance naturelle. Chaque halt\u00e8re en marbre est une \u0153uvre d&rsquo;art, m\u00e9ticuleusement \u00e9labor\u00e9e pour offrir une exp\u00e9rience ergonomique et esth\u00e9tique.<\/p>\n<p>Le marbre exceptionnel et rare que nous utilisons est extrait en petites quantit\u00e9s d&rsquo;une r\u00e9gion montagneuse du sud de l&rsquo;Asie. La beaut\u00e9 du marbre blanc Snow Leopard est une ode \u00e0 la majestuosit\u00e9 de la nature, tandis que le Jet Noir, avec sa couleur profonde et les lignes blanches qui tracent sa surface, est une repr\u00e9sentation de la force<\/p>\n<p>D\u00e9couvrez notre s\u00e9lection exclusive de marbres et d\u2019onyx ici: <a href=\"https:\/\/forzini.com\/fr\/materiaux\/\" target=\"_blank\" rel=\"noopener\" data-start=\"1939\" data-end=\"1953\">Mat\u00e9riaux<\/a><\/p>\n","protected":false},"excerpt":{"rendered":"<h2>Poids esth\u00e9tiques en marbre<\/h2>\n<p>synonyme de luxe et de fonctionnalit\u00e9, id\u00e9al pour les gymnases haut de gamme et pour les amateurs de fitness qui appr\u00e9cient le design sophistiqu\u00e9. Taill\u00e9s \u00e0 la main en quantit\u00e9s limit\u00e9es chaque ann\u00e9e, ces poids exclusifs se distinguent par leur esth\u00e9tique impeccable et leur originalit\u00e9.<\/p>\n","protected":false},"featured_media":9729,"comment_status":"closed","ping_status":"closed","template":"","meta":{"_acf_changed":false,"_joinchat":[]},"product_brand":[],"product_cat":[187,365],"product_tag":[189],"class_list":{"0":"post-9728","1":"product","2":"type-product","3":"status-publish","4":"has-post-thumbnail","6":"product_cat-accessoires","7":"product_cat-accessoires-fitness-maison","8":"product_tag-marbre","10":"first","11":"instock","12":"sale","13":"featured","14":"shipping-taxable","15":"purchasable","16":"product-type-simple"},"acf":[],"_links":{"self":[{"href":"https:\/\/forzini.com\/fr\/wp-json\/wp\/v2\/product\/9728","targetHints":{"allow":["GET"]}}],"collection":[{"href":"https:\/\/forzini.com\/fr\/wp-json\/wp\/v2\/product"}],"about":[{"href":"https:\/\/forzini.com\/fr\/wp-json\/wp\/v2\/types\/product"}],"replies":[{"embeddable":true,"href":"https:\/\/forzini.com\/fr\/wp-json\/wp\/v2\/comments?post=9728"}],"version-history":[{"count":0,"href":"https:\/\/forzini.com\/fr\/wp-json\/wp\/v2\/product\/9728\/revisions"}],"wp:featuredmedia":[{"embeddable":true,"href":"https:\/\/forzini.com\/fr\/wp-json\/wp\/v2\/media\/9729"}],"wp:attachment":[{"href":"https:\/\/forzini.com\/fr\/wp-json\/wp\/v2\/media?parent=9728"}],"wp:term":[{"taxonomy":"product_brand","embeddable":true,"href":"https:\/\/forzini.com\/fr\/wp-json\/wp\/v2\/product_brand?post=9728"},{"taxonomy":"product_cat","embeddable":true,"href":"https:\/\/forzini.com\/fr\/wp-json\/wp\/v2\/product_cat?post=9728"},{"taxonomy":"product_tag","embeddable":true,"href":"https:\/\/forzini.com\/fr\/wp-json\/wp\/v2\/product_tag?post=9728"}],"curies":[{"name":"wp","href":"https:\/\/api.w.org\/{rel}","templated":true}]}}