{"id":9699,"date":"2024-07-05T12:56:28","date_gmt":"2024-07-05T10:56:28","guid":{"rendered":"https:\/\/forzini.com\/producto\/kettlebell-premium-virtus-m\/"},"modified":"2025-12-23T17:57:24","modified_gmt":"2025-12-23T16:57:24","slug":"kettlebell-moderne-ergonomique-virtus-m","status":"publish","type":"product","link":"https:\/\/forzini.com\/fr\/producto\/kettlebell-moderne-ergonomique-virtus-m\/","title":{"rendered":"Kettlebell moderne ergonomique 8 kg"},"content":{"rendered":"<h2>Kettlebell moderne ergonomique \u00ab\u00a0Virtus\u00a0\u00bb 8 kg.<\/h2>\n<p>Ce kettlebell moderne ergonomique en marbre se distingue par son originalit\u00e9 et son exclusivit\u00e9, \u00e9tant produit \u00e0 la main en nombre limit\u00e9 chaque ann\u00e9e. M\u00e9ticuleusement \u00e9labor\u00e9 par des artisans experts, chaque pi\u00e8ce allie la puissance et l&rsquo;\u00e9l\u00e9gance du marbre naturel. Le r\u00e9sultat est une v\u00e9ritable \u0153uvre d&rsquo;art qui embellit n&rsquo;importe quel gymnase avec sa pr\u00e9sence. Le design inhabituel et la forme ronde de ce kettlebell refl\u00e8tent luxe et simplicit\u00e9, cr\u00e9ant une aura de distinction. Les lignes courbes douces, le contour fluide et la texture riche de ce marbre exceptionnel s&rsquo;entrelacent en une harmonie parfaite, cr\u00e9ant une pi\u00e8ce \u00e0 la fois fonctionnelle et esth\u00e9tiquement \u00e9blouissante. Nous avons soigneusement s\u00e9lectionn\u00e9 le marbre le plus distinctif dans des tons blancs et noirs pour sa cr\u00e9ation, refl\u00e9tant la dualit\u00e9 de la nature et l&rsquo;\u00e9quilibre du yin et du yang. Cette dualit\u00e9 devient une m\u00e9taphore visuelle de la mani\u00e8re dont notre design combine praticit\u00e9 et \u00e9l\u00e9gance. Notre kettlebell premium est une d\u00e9claration de bon go\u00fbt, un symbole de d\u00e9vouement et un cadeau parfait pour ceux qui aiment le fitness et cherchent quelque chose de vraiment sp\u00e9cial et luxueux pour leur espace d&rsquo;entra\u00eenement.<\/p>\n<p>Notre conseil : Ce kettlebell premium est parfait pour \u00eatre associ\u00e9 \u00e0 nos halt\u00e8res en marbre \u00ab\u00a0<a href=\"https:\/\/forzini.com\/fr\/producto\/set-dhalteres-esthetiques-en-marbre-apolo-l\/\" target=\"_blank\" rel=\"noopener\">Apolo L<\/a>\u00ab\u00a0.<\/p>\n<p>Marbre Snow Leopard : De couleur blanche avec des nuances grises subtiles et des veines. Ce marbre inhabituel et distingu\u00e9 est extrait en petites quantit\u00e9s d&rsquo;une r\u00e9gion sp\u00e9cifique. Il est tr\u00e8s appr\u00e9ci\u00e9 pour ses veines sp\u00e9ciales et uniformes qui cr\u00e9ent un dessin d&rsquo;aspect animal.<\/p>\n<p>Marbre Jet Noir : Il se distingue par sa couleur noire profonde, accentu\u00e9e par des veines blanches brillantes traversant la toile sombre. Ce contraste saisissant conf\u00e8re une sensation d&rsquo;\u00e9l\u00e9gance classique et attire tous les regards.<\/p>\n<p>Nous avons s\u00e9lectionn\u00e9 le marbre Snow Leopard pour notre kettlebell premium non seulement pour son \u00e9clat naturel qui \u00e9voque la gr\u00e2ce sauvage du majestueux l\u00e9opard, mais aussi pour sa formation min\u00e9rale extraordinaire, une merveille g\u00e9ologique vraiment captivante. Cette pierre exquise est le r\u00e9sultat d&rsquo;une s\u00e9rie sp\u00e9cifique de processus naturels. Pendant des millions d&rsquo;ann\u00e9es, les eaux souterraines riches en min\u00e9raux s&rsquo;infiltrent dans le substrat rocheux, d\u00e9posant des mat\u00e9riaux comme la calcite et l&rsquo;aragonite. Ces min\u00e9raux cristallisent dans des conditions ad\u00e9quates de temp\u00e9rature et de pression, formant la base du marbre. Ses veines caract\u00e9ristiques et ses rosettes sombres, qui donnent son nom au marbre, sont dues \u00e0 des impuret\u00e9s telles que l&rsquo;oxyde de fer ou le graphite pr\u00e9sentes pendant la formation de la pierre. La raret\u00e9 de ce motif est due \u00e0 la combinaison peu commune de facteurs environnementaux et de contenu min\u00e9ral n\u00e9cessaires pour le cr\u00e9er, ce qui fait de ce marbre un mat\u00e9riau rare et pris\u00e9 pour les designs et la d\u00e9coration de luxe.<\/p>\n<p>D\u00e9couvrez notre s\u00e9lection exclusive de marbres et d\u2019onyx ici: <a href=\"https:\/\/forzini.com\/fr\/materiaux\/\" target=\"_blank\" rel=\"noopener\" data-start=\"1939\" data-end=\"1953\">Mat\u00e9riaux<\/a><\/p>\n","protected":false},"excerpt":{"rendered":"<h1>Kettlebell moderne ergonomique<\/h1>\n<p>en marbre con\u00e7u pour apporter une atmosph\u00e8re exclusive \u00e0 votre espace de fitness, est taill\u00e9 dans le marbre de la plus haute qualit\u00e9. Avec sa pr\u00e9sence d\u00e9corative, il devient un compl\u00e9ment parfait qui non seulement embellit l&rsquo;environnement, mais ajoute \u00e9galement une touche de sophistication et de classe. Chic et distinctif, ce merveilleux kettlebell en marbre pr\u00e9sente un design ovale sp\u00e9cial, harmonisant fonctionnalit\u00e9, style et innovation.<\/p>\n<p><strong>Pour effectuer l&rsquo;achat, veuillez d&rsquo;abord s\u00e9lectionner le <em>Mat\u00e9riau<\/em> ci-dessous.<\/strong><\/p>\n","protected":false},"featured_media":13801,"comment_status":"closed","ping_status":"closed","template":"","meta":{"_acf_changed":false,"_joinchat":[]},"product_brand":[],"product_cat":[187,365],"product_tag":[189],"class_list":{"0":"post-9699","1":"product","2":"type-product","3":"status-publish","4":"has-post-thumbnail","6":"product_cat-accessoires","7":"product_cat-accessoires-fitness-maison","8":"product_tag-marbre","10":"first","11":"instock","12":"sale","13":"featured","14":"shipping-taxable","15":"purchasable","16":"product-type-variable"},"acf":[],"_links":{"self":[{"href":"https:\/\/forzini.com\/fr\/wp-json\/wp\/v2\/product\/9699","targetHints":{"allow":["GET"]}}],"collection":[{"href":"https:\/\/forzini.com\/fr\/wp-json\/wp\/v2\/product"}],"about":[{"href":"https:\/\/forzini.com\/fr\/wp-json\/wp\/v2\/types\/product"}],"replies":[{"embeddable":true,"href":"https:\/\/forzini.com\/fr\/wp-json\/wp\/v2\/comments?post=9699"}],"version-history":[{"count":1,"href":"https:\/\/forzini.com\/fr\/wp-json\/wp\/v2\/product\/9699\/revisions"}],"predecessor-version":[{"id":22979,"href":"https:\/\/forzini.com\/fr\/wp-json\/wp\/v2\/product\/9699\/revisions\/22979"}],"wp:featuredmedia":[{"embeddable":true,"href":"https:\/\/forzini.com\/fr\/wp-json\/wp\/v2\/media\/13801"}],"wp:attachment":[{"href":"https:\/\/forzini.com\/fr\/wp-json\/wp\/v2\/media?parent=9699"}],"wp:term":[{"taxonomy":"product_brand","embeddable":true,"href":"https:\/\/forzini.com\/fr\/wp-json\/wp\/v2\/product_brand?post=9699"},{"taxonomy":"product_cat","embeddable":true,"href":"https:\/\/forzini.com\/fr\/wp-json\/wp\/v2\/product_cat?post=9699"},{"taxonomy":"product_tag","embeddable":true,"href":"https:\/\/forzini.com\/fr\/wp-json\/wp\/v2\/product_tag?post=9699"}],"curies":[{"name":"wp","href":"https:\/\/api.w.org\/{rel}","templated":true}]}}