{"id":9682,"date":"2024-02-13T16:45:58","date_gmt":"2024-02-13T16:45:58","guid":{"rendered":"https:\/\/forzini.com\/producto\/kettlebell-de-marmol-virtus-s\/"},"modified":"2025-12-23T17:42:18","modified_gmt":"2025-12-23T16:42:18","slug":"kettlebell-en-marbre-virtus-s","status":"publish","type":"product","link":"https:\/\/forzini.com\/fr\/producto\/kettlebell-en-marbre-virtus-s\/","title":{"rendered":"Kettlebell en marbre 3 kg- kettlebell ergonomique"},"content":{"rendered":"<h2>Kettlebell en marbre \u00ab\u00a0Virtus S\u00a0\u00bb 3 kg.<\/h2>\n<p>Ce <strong>kettlebell en marbre<\/strong> d\u00e9coratif se distingue par sa singularit\u00e9 et son exclusivit\u00e9, \u00e9tant m\u00e9ticuleusement fabriqu\u00e9 \u00e0 la main en quantit\u00e9 limit\u00e9e chaque ann\u00e9e. Chaque pi\u00e8ce est une \u0153uvre d&rsquo;art cr\u00e9\u00e9e par des artisans experts qui allient la force \u00e0 l&rsquo;\u00e9l\u00e9gance du marbre naturel. Le r\u00e9sultat est un objet d&rsquo;art qui rehausse n&rsquo;importe quelle salle de sport avec sa pr\u00e9sence imposante. Le design unique et la forme arrondie de ce kettlebell irradient luxe et beaut\u00e9, cr\u00e9ant une atmosph\u00e8re de distinction. Les courbes douces, le contour fluide et la texture riche de ce marbre exceptionnel s&rsquo;entrelacent dans une harmonie parfaite, r\u00e9alisant une pi\u00e8ce \u00e0 la fois fonctionnelle et visuellement impressionnante. Pour sa cr\u00e9ation, nous avons soigneusement s\u00e9lectionn\u00e9 le marbre le plus distinctif dans des tons blanc et noir, refl\u00e9tant la dualit\u00e9 de la nature et l&rsquo;\u00e9quilibre du yin et du yang. Cette dualit\u00e9 devient une m\u00e9taphore visuelle de la fa\u00e7on dont notre design allie confort et \u00e9l\u00e9gance. Notre kettlebell en marbre repr\u00e9sente un sens raffin\u00e9 du style, un symbole d&rsquo;engagement et le cadeau id\u00e9al pour ceux qui appr\u00e9cient le fitness et d\u00e9sirent quelque chose de vraiment exclusif et \u00e9l\u00e9gant pour leur espace d&rsquo;entra\u00eenement.<\/p>\n<p>Notre conseil : Ce kettlebell en marbre est parfait pour \u00eatre associ\u00e9 \u00e0 nos halt\u00e8res en marbre \u00ab\u00a0<a href=\"https:\/\/forzini.com\/fr\/producto\/set-dhalteres-esthetiques-apolo-s\/\" target=\"_blank\" rel=\"noopener\">Apolo S<\/a>\u00ab\u00a0.<\/p>\n<p>Marbre Snow Leopard: Blanc avec des nuances grises subtiles et des veines. Ce marbre inhabituel et distingu\u00e9 est extrait en petites quantit\u00e9s d&rsquo;une r\u00e9gion sp\u00e9cifique. Il est tr\u00e8s appr\u00e9ci\u00e9 pour ses veines sp\u00e9ciales et uniformes qui cr\u00e9ent un dessin d&rsquo;aspect animal.<\/p>\n<p>Marbre Jet Noir: Il se distingue par sa couleur noire profonde, accentu\u00e9e par des veines blanches brillantes traversant la toile sombre. Ce contraste saisissant conf\u00e8re une sensation d&rsquo;\u00e9l\u00e9gance classique et attire tous les regards.<\/p>\n<p>Imaginez un \u00e9quipement de fitness qui soit non seulement pratique, mais aussi esth\u00e9tique. Notre kettlebell en marbre d\u00e9coratif est pr\u00e9cis\u00e9ment cela: une fusion d&rsquo;\u00e9l\u00e9gance et de force. Faits \u00e0 la main avec pr\u00e9cision, chacun est taill\u00e9 dans le marbre le plus exquis, garantissant que chaque pi\u00e8ce soit unique. L&rsquo;attrait unique de notre kettlebell r\u00e9side dans sa forme douce et ergonomique, con\u00e7ue pour s&rsquo;adapter confortablement \u00e0 la main lors de son utilisation. En raison de la raret\u00e9 du marbre de haute qualit\u00e9 utilis\u00e9 et de l&rsquo;habilet\u00e9 artisanale n\u00e9cessaire pour sa production, ces kettlebells sont fabriqu\u00e9s en nombre limit\u00e9, seulement quelques fois par an. Pour la cr\u00e9ation de ce kettlebell en marbre, nous avons s\u00e9lectionn\u00e9 le Jet Noir, une pierre v\u00e9ritablement unique et recherch\u00e9e, c\u00e9l\u00e8bre pour son fond noir profond et pur avec un fin veinage blanch\u00e2tre qui d\u00e9gage un air d&rsquo;\u00e9l\u00e9gance et de sophistication raffin\u00e9e. La singularit\u00e9 de ce type de marbre noir est attribu\u00e9e \u00e0 sa formation g\u00e9ologique sp\u00e9cifique, qui le rend moins commun que d&rsquo;autres vari\u00e9t\u00e9s. La pr\u00e9sence de mati\u00e8res organiques et de carbonates qui subissent un processus naturel donne \u00e0 la pierre sa teinte sombre caract\u00e9ristique. La raret\u00e9 de cette couleur dans le marbre est due \u00e0 la combinaison particuli\u00e8re de s\u00e9diments, de mati\u00e8re organique et de conditions de faible oxyg\u00e8ne n\u00e9cessaires \u00e0 sa formation. Le marbre Jet Noir est un symbole d&rsquo;exclusivit\u00e9 et de luxe, parfait pour ceux qui appr\u00e9cient les d\u00e9tails les plus subtils dans le design. La fabrication manuelle de chaque kettlebell et la singularit\u00e9 de ce marbre font que sa disponibilit\u00e9 est limit\u00e9e, faisant de chaque pi\u00e8ce un objet convoit\u00e9 pour ceux qui valorisent la fusion du fitness fonctionnel et du design luxueux.<\/p>\n<p>D\u00e9couvrez notre s\u00e9lection exclusive de marbres et d\u2019onyx ici: <a href=\"https:\/\/forzini.com\/fr\/materiaux\/\" target=\"_blank\" rel=\"noopener\" data-start=\"1939\" data-end=\"1953\">Mat\u00e9riaux<\/a><\/p>\n","protected":false},"excerpt":{"rendered":"<h1>Kettlebell en marbre.<\/h1>\n<p>con\u00e7u sp\u00e9cifiquement pour les amateurs de fitness, est exquis\u00e9ment taill\u00e9 dans du marbre. C&rsquo;est une pi\u00e8ce artistique qui enrichit n&rsquo;importe quel environnement avec sa gr\u00e2ce et sa distinction. Sa pr\u00e9sence d\u00e9corative transforme l&rsquo;espace, le rendant \u00e0 la fois \u00e9l\u00e9gant et performant. Parfait pour ceux qui recherchent un \u00e9quilibre entre esth\u00e9tique et fonctionnalit\u00e9, ce kettlebell en marbre est le choix id\u00e9al pour ajouter une touche d&rsquo;exclusivit\u00e9 \u00e0 leur routine d&rsquo;entra\u00eenement.<\/p>\n<p><strong>Pour effectuer l&rsquo;achat, veuillez d&rsquo;abord s\u00e9lectionner le <em>Mat\u00e9riau <\/em>ci-dessous.<\/strong><\/p>\n<p>&nbsp;<\/p>\n","protected":false},"featured_media":13791,"comment_status":"closed","ping_status":"closed","template":"","meta":{"_acf_changed":false,"_joinchat":[]},"product_brand":[],"product_cat":[187,365],"product_tag":[189],"class_list":{"0":"post-9682","1":"product","2":"type-product","3":"status-publish","4":"has-post-thumbnail","6":"product_cat-accessoires","7":"product_cat-accessoires-fitness-maison","8":"product_tag-marbre","10":"first","11":"instock","12":"sale","13":"featured","14":"shipping-taxable","15":"purchasable","16":"product-type-variable"},"acf":[],"_links":{"self":[{"href":"https:\/\/forzini.com\/fr\/wp-json\/wp\/v2\/product\/9682","targetHints":{"allow":["GET"]}}],"collection":[{"href":"https:\/\/forzini.com\/fr\/wp-json\/wp\/v2\/product"}],"about":[{"href":"https:\/\/forzini.com\/fr\/wp-json\/wp\/v2\/types\/product"}],"replies":[{"embeddable":true,"href":"https:\/\/forzini.com\/fr\/wp-json\/wp\/v2\/comments?post=9682"}],"version-history":[{"count":1,"href":"https:\/\/forzini.com\/fr\/wp-json\/wp\/v2\/product\/9682\/revisions"}],"predecessor-version":[{"id":22973,"href":"https:\/\/forzini.com\/fr\/wp-json\/wp\/v2\/product\/9682\/revisions\/22973"}],"wp:featuredmedia":[{"embeddable":true,"href":"https:\/\/forzini.com\/fr\/wp-json\/wp\/v2\/media\/13791"}],"wp:attachment":[{"href":"https:\/\/forzini.com\/fr\/wp-json\/wp\/v2\/media?parent=9682"}],"wp:term":[{"taxonomy":"product_brand","embeddable":true,"href":"https:\/\/forzini.com\/fr\/wp-json\/wp\/v2\/product_brand?post=9682"},{"taxonomy":"product_cat","embeddable":true,"href":"https:\/\/forzini.com\/fr\/wp-json\/wp\/v2\/product_cat?post=9682"},{"taxonomy":"product_tag","embeddable":true,"href":"https:\/\/forzini.com\/fr\/wp-json\/wp\/v2\/product_tag?post=9682"}],"curies":[{"name":"wp","href":"https:\/\/api.w.org\/{rel}","templated":true}]}}