{"id":9673,"date":"2024-07-04T17:54:31","date_gmt":"2024-07-04T15:54:31","guid":{"rendered":"https:\/\/forzini.com\/producto\/bowl-de-onix-ceres\/"},"modified":"2025-08-09T20:32:24","modified_gmt":"2025-08-09T18:32:24","slug":"coupe-sur-pied-en-marbre-rose-ceres","status":"publish","type":"product","link":"https:\/\/forzini.com\/fr\/producto\/coupe-sur-pied-en-marbre-rose-ceres\/","title":{"rendered":"Coupe sur pied en marbre ros\u00e9 &#8211; Plateau d\u00e9coratif"},"content":{"rendered":"<h2>Coupe sur pied en marbre ros\u00e9 \u00ab\u00a0Ceres\u00a0\u00bb<\/h2>\n<p data-start=\"0\" data-end=\"1251\">\u00c9labor\u00e9 par des ma\u00eetres artisans, ce <strong>coupe sur pied en marbre ros\u00e9<\/strong> onyx est un symbole d&rsquo;\u00e9l\u00e9gance in\u00e9gal\u00e9e, irradiant une lumi\u00e8re douce et une palette de couleurs qui captive les sens. Parfait pour toutes les occasions, ce luxueux bol en onyx peut servir de plateau de pr\u00e9sentation ou de pi\u00e8ce d\u00e9corative exquise, promettant d\u2019\u00eatre le centre d\u2019attention de votre table et le joyau de votre maison. Finement sculpt\u00e9 dans de l\u2019onyx rose authentique, de l\u2019onyx blanc naturel \u00e9blouissant et de l\u2019onyx vert doux et \u00e9nigmatique, ce bol illumine son environnement avec une beaut\u00e9 unique, ajoutant une touche de charme et de sophistication. Disponible en trois nuances diff\u00e9rentes d\u2019onyx splendide, chaque pi\u00e8ce est unique, refl\u00e9tant la richesse et la profondeur du mat\u00e9riau. La polyvalence de ce bol est impressionnante ; il peut \u00eatre utilis\u00e9 comme porte-bougie, plateau, petit centre de table ou comme un r\u00e9cipient luxueux pour divers objets. Sa forme arrondie et son design raffin\u00e9 en font un accent d\u00e9coratif de distinction et de classe. Nous avons s\u00e9lectionn\u00e9 l\u2019onyx le plus exclusif, caract\u00e9ris\u00e9 par sa grande translucidit\u00e9. La lumi\u00e8re traverse ses parois d\u00e9licates, cr\u00e9ant des \u00e9clats magnifiques que seule une pierre semi-pr\u00e9cieuse telle que l\u2019onyx peut offrir.<\/p>\n<p data-start=\"1253\" data-end=\"1622\"><strong data-start=\"1253\" data-end=\"1272\">Ros\u00e9 Cloud Onyx:<\/strong> C\u00e9l\u00e8bre pour sa beaut\u00e9 impressionnante et sa couleur rose pure raffin\u00e9e qui diffuse la lumi\u00e8re avec un \u00e9clat captivant. Il r\u00e9v\u00e8le des couches complexes, cr\u00e9ant un effet visuel saisissant. Les \u00e9motions que suscite l\u2019onyx Ros\u00e9 Cloud, avec son fond aux tons ros\u00e9s et ses nuages subtils et ses veines blanch\u00e2tres, forment un motif pr\u00e9cieux et radieux.<\/p>\n<p data-start=\"1624\" data-end=\"2646\" data-is-last-node=\"\" data-is-only-node=\"\">Au c\u0153ur de notre engagement pour l\u2019excellence, nous nous concentrons sur l\u2019obtention du plus pur onyx Ros\u00e9 Cloud naturel. Nous visitons personnellement les carri\u00e8res pour trouver ces rares pi\u00e8ces que la nature a cr\u00e9\u00e9es au cours de mill\u00e9naires, nous assurant que chaque dalle est authentique et n\u2019a pas \u00e9t\u00e9 teint\u00e9e par des colorants artificiels. Contrairement \u00e0 l\u2019onyx ordinaire que l\u2019on trouve sur le march\u00e9, qui est souvent trait\u00e9 pour renforcer sa couleur, notre Ros\u00e9 Cloud Onyx est totalement authentique et sa couleur est absolument naturelle. Le charme de nos pi\u00e8ces en Ros\u00e9 Cloud Onyx r\u00e9side dans leur capacit\u00e9 \u00e0 hypnotiser gr\u00e2ce \u00e0 leur magnifique couleur. Chaque pi\u00e8ce est soigneusement s\u00e9lectionn\u00e9e pour sa perfection esth\u00e9tique, garantissant que les vibrants tons roses soient purs et consistants, se d\u00e9ployant \u00e0 travers la surface comme une peinture qui prend vie. La translucidit\u00e9 inh\u00e9rente \u00e0 la pierre permet \u00e0 la lumi\u00e8re de danser \u00e0 travers sa surface, cr\u00e9ant un effet lumineux \u00e0 la fois charmant et apaisant.<\/p>\n<p>D\u00e9couvrez notre s\u00e9lection exclusive de marbres et d\u2019onyx ici: <a href=\"https:\/\/forzini.com\/fr\/materiaux\/\" target=\"_blank\" rel=\"noopener\" data-start=\"1939\" data-end=\"1953\">Mat\u00e9riaux<\/a><\/p>\n","protected":false},"excerpt":{"rendered":"<h1>Coupe sur pied en marbre ros\u00e9<\/h1>\n<p>soigneusement sculpt\u00e9e \u00e0 la main par des ma\u00eetres artisans, cette coupe en onyx brille d\u2019une lumi\u00e8re douce et d\u2019une palette de couleurs riche et vari\u00e9e. Parfaite pour tout \u00e9v\u00e9nement, elle sert de luxueuse coupe de pr\u00e9sentation ou d\u2019\u00e9l\u00e9gant \u00e9l\u00e9ment d\u00e9coratif, promettant d\u2019\u00eatre le centre d\u2019attention de votre table et la pi\u00e8ce ma\u00eetresse de la d\u00e9coration de votre maison.<\/p>\n","protected":false},"featured_media":14195,"comment_status":"closed","ping_status":"closed","template":"","meta":{"_acf_changed":false,"_joinchat":[]},"product_brand":[],"product_cat":[187,380],"product_tag":[190],"class_list":{"0":"post-9673","1":"product","2":"type-product","3":"status-publish","4":"has-post-thumbnail","6":"product_cat-accessoires","7":"product_cat-accessoires-de-table","8":"product_tag-onyx-fr","10":"first","11":"instock","12":"featured","13":"shipping-taxable","14":"purchasable","15":"product-type-simple"},"acf":[],"_links":{"self":[{"href":"https:\/\/forzini.com\/fr\/wp-json\/wp\/v2\/product\/9673","targetHints":{"allow":["GET"]}}],"collection":[{"href":"https:\/\/forzini.com\/fr\/wp-json\/wp\/v2\/product"}],"about":[{"href":"https:\/\/forzini.com\/fr\/wp-json\/wp\/v2\/types\/product"}],"replies":[{"embeddable":true,"href":"https:\/\/forzini.com\/fr\/wp-json\/wp\/v2\/comments?post=9673"}],"version-history":[{"count":0,"href":"https:\/\/forzini.com\/fr\/wp-json\/wp\/v2\/product\/9673\/revisions"}],"wp:featuredmedia":[{"embeddable":true,"href":"https:\/\/forzini.com\/fr\/wp-json\/wp\/v2\/media\/14195"}],"wp:attachment":[{"href":"https:\/\/forzini.com\/fr\/wp-json\/wp\/v2\/media?parent=9673"}],"wp:term":[{"taxonomy":"product_brand","embeddable":true,"href":"https:\/\/forzini.com\/fr\/wp-json\/wp\/v2\/product_brand?post=9673"},{"taxonomy":"product_cat","embeddable":true,"href":"https:\/\/forzini.com\/fr\/wp-json\/wp\/v2\/product_cat?post=9673"},{"taxonomy":"product_tag","embeddable":true,"href":"https:\/\/forzini.com\/fr\/wp-json\/wp\/v2\/product_tag?post=9673"}],"curies":[{"name":"wp","href":"https:\/\/api.w.org\/{rel}","templated":true}]}}