{"id":9665,"date":"2024-11-02T09:13:51","date_gmt":"2024-11-02T08:13:51","guid":{"rendered":"https:\/\/forzini.com\/producto\/bol-decorativo-de-marmol-de-pie\/"},"modified":"2025-08-08T22:34:54","modified_gmt":"2025-08-08T20:34:54","slug":"bol-sur-pied-en-marbre-vert","status":"publish","type":"product","link":"https:\/\/forzini.com\/fr\/producto\/bol-sur-pied-en-marbre-vert\/","title":{"rendered":"Bol sur pied en marbre vert &#8211; Plateau d\u00e9coratif"},"content":{"rendered":"<h2><strong>Bol sur pied en marbre vert \u00ab\u00a0Ceres L\u00a0\u00bb<\/strong><\/h2>\n<p data-start=\"45\" data-end=\"477\">Ce <strong>bol sur pied marbre vert<\/strong> onyx est un v\u00e9ritable chef-d\u2019\u0153uvre. Sculpt\u00e9 \u00e0 la main dans l\u2019onyx le plus luxueux, il allie \u00e9l\u00e9gance et opulence. La mani\u00e8re dont la lumi\u00e8re danse \u00e0 travers ses parois d\u00e9licatement translucides lui conf\u00e8re une aura presque magique, captivant le regard et sublimant l\u2019espace o\u00f9 il se trouve. Plus qu\u2019un simple objet d\u00e9coratif, c\u2019est une pi\u00e8ce ma\u00eetresse qui attire l\u2019attention et suscite l\u2019admiration.<\/p>\n<p data-start=\"479\" data-end=\"912\">Imaginez ce magnifique bol sur pied marbre vert ornant votre table basse, votre entr\u00e9e ou votre salle \u00e0 manger. Polyvalent et raffin\u00e9, il peut servir de porte-bijoux \u00e9l\u00e9gant, de vide-poches sophistiqu\u00e9 ou encore de photophore somptueux, diffusant une lumi\u00e8re douce et chaleureuse. Con\u00e7u pour traverser le temps, ce bol en onyx est une \u0153uvre d\u2019art fa\u00e7onn\u00e9e par des artisans d\u2019exception, apportant une touche de distinction \u00e0 chaque instant du quotidien.<\/p>\n<p data-start=\"914\" data-end=\"1102\">Pour les amateurs de d\u00e9coration d\u2019exception, ce bol sur pied en marbre onyx n\u2019est pas qu\u2019un simple achat, mais une v\u00e9ritable exp\u00e9rience qui rehaussera votre int\u00e9rieur et \u00e9merveillera vos invit\u00e9s.<\/p>\n<p data-start=\"1104\" data-end=\"1374\" data-is-last-node=\"\" data-is-only-node=\"\">Onyx Galaxy Vert: Une teinte vert clair subtilement rehauss\u00e9e par des ondulations blanches et travers\u00e9e de veinures brun dor\u00e9 et rouge terre. Extraite en quantit\u00e9s limit\u00e9es, cette vari\u00e9t\u00e9 rare d\u2019onyx est particuli\u00e8rement pris\u00e9e pour sa translucidit\u00e9 exceptionnelle.<\/p>\n<p>D\u00e9couvrez notre s\u00e9lection exclusive de marbres et d\u2019onyx ici: <a href=\"https:\/\/forzini.com\/fr\/materiaux\/\" target=\"_blank\" rel=\"noopener\" data-start=\"1939\" data-end=\"1953\">Mat\u00e9riaux<\/a><\/p>\n","protected":false},"excerpt":{"rendered":"<h1>Bol sur pied en marbre vert<\/h1>\n<p data-start=\"35\" data-end=\"318\">le cadeau id\u00e9al pour les amateurs d\u2019artisanat d\u2019exception et de d\u00e9coration raffin\u00e9e. Sculpt\u00e9 \u00e0 la main par des artisans experts dans un somptueux onyx vert clair, ce bol incarne l\u2019\u00e9l\u00e9gance et la distinction, faisant de lui un pr\u00e9sent inoubliable pour les personnes au go\u00fbt raffin\u00e9.<\/p>\n<p data-start=\"320\" data-end=\"741\" data-is-last-node=\"\" data-is-only-node=\"\">Chaque pi\u00e8ce est unique, v\u00e9ritable \u0153uvre d\u2019art qui sublime tout espace avec son charme sophistiqu\u00e9. Que ce soit en centre de table, en vide-poches \u00e9l\u00e9gant ou en photophore diffusant une lumi\u00e8re douce et chaleureuse, ce bol capte l\u2019attention et enrichit chaque d\u00e9coration. Pour ceux qui appr\u00e9cient le caract\u00e8re intemporel des objets faits main, ce bol en marbre onyx est un tr\u00e9sor \u00e0 admirer et \u00e0 ch\u00e9rir pendant des ann\u00e9es.<\/p>\n<p>&nbsp;<\/p>\n","protected":false},"featured_media":14185,"comment_status":"closed","ping_status":"closed","template":"","meta":{"_acf_changed":false,"_joinchat":[]},"product_brand":[],"product_cat":[187,380],"product_tag":[190],"class_list":{"0":"post-9665","1":"product","2":"type-product","3":"status-publish","4":"has-post-thumbnail","6":"product_cat-accessoires","7":"product_cat-accessoires-de-table","8":"product_tag-onyx-fr","10":"first","11":"instock","12":"sale","13":"featured","14":"shipping-taxable","15":"purchasable","16":"product-type-simple"},"acf":[],"_links":{"self":[{"href":"https:\/\/forzini.com\/fr\/wp-json\/wp\/v2\/product\/9665","targetHints":{"allow":["GET"]}}],"collection":[{"href":"https:\/\/forzini.com\/fr\/wp-json\/wp\/v2\/product"}],"about":[{"href":"https:\/\/forzini.com\/fr\/wp-json\/wp\/v2\/types\/product"}],"replies":[{"embeddable":true,"href":"https:\/\/forzini.com\/fr\/wp-json\/wp\/v2\/comments?post=9665"}],"version-history":[{"count":0,"href":"https:\/\/forzini.com\/fr\/wp-json\/wp\/v2\/product\/9665\/revisions"}],"wp:featuredmedia":[{"embeddable":true,"href":"https:\/\/forzini.com\/fr\/wp-json\/wp\/v2\/media\/14185"}],"wp:attachment":[{"href":"https:\/\/forzini.com\/fr\/wp-json\/wp\/v2\/media?parent=9665"}],"wp:term":[{"taxonomy":"product_brand","embeddable":true,"href":"https:\/\/forzini.com\/fr\/wp-json\/wp\/v2\/product_brand?post=9665"},{"taxonomy":"product_cat","embeddable":true,"href":"https:\/\/forzini.com\/fr\/wp-json\/wp\/v2\/product_cat?post=9665"},{"taxonomy":"product_tag","embeddable":true,"href":"https:\/\/forzini.com\/fr\/wp-json\/wp\/v2\/product_tag?post=9665"}],"curies":[{"name":"wp","href":"https:\/\/api.w.org\/{rel}","templated":true}]}}