{"id":9657,"date":"2024-11-02T17:36:36","date_gmt":"2024-11-02T16:36:36","guid":{"rendered":"https:\/\/forzini.com\/producto\/cuenco-de-marmol-decorativo\/"},"modified":"2025-08-09T13:40:54","modified_gmt":"2025-08-09T11:40:54","slug":"coupelle-sur-pied-en-marbre","status":"publish","type":"product","link":"https:\/\/forzini.com\/fr\/producto\/coupelle-sur-pied-en-marbre\/","title":{"rendered":"Coupelle sur pied en marbre &#8211; Assiette d\u00e9corative"},"content":{"rendered":"<h2>Coupelle sur pied en marbre \u00ab\u00a0Ceres W\u00a0\u00bb<\/h2>\n<p data-start=\"45\" data-end=\"455\">Cette <strong>coupelle sur pied en marbre<\/strong> est une v\u00e9ritable \u0153uvre d\u2019art qui incarne l\u2019\u00e9l\u00e9gance et la sophistication. Fa\u00e7onn\u00e9e \u00e0 la main \u00e0 partir d\u2019onyx naturel de premi\u00e8re qualit\u00e9 par des artisans experts, elle refl\u00e8te le luxe et le savoir-faire artisanal d\u2019exception. Chaque pi\u00e8ce commence son voyage sous forme de pierre brute, transform\u00e9e avec minutie en un objet \u00e0 la fois artistique, d\u00e9coratif et fonctionnel.<\/p>\n<p data-start=\"457\" data-end=\"870\">Ses parois finement arrondies captent et diffusent la lumi\u00e8re, cr\u00e9ant un jeu d\u2019ombres fascinant qui met en valeur les d\u00e9licates veines de l\u2019onyx. L\u2019effet est presque \u00e9th\u00e9r\u00e9, avec une translucidit\u00e9 rappelant celle d\u2019un nuage. Polyvalente, cette coupelle en marbre peut \u00eatre utilis\u00e9e comme \u00e9l\u00e9gant photophore, vide-poche raffin\u00e9, porte-cl\u00e9s stylis\u00e9, plateau pour accessoires ou encore pi\u00e8ce d\u00e9corative captivante.<\/p>\n<p data-start=\"872\" data-end=\"1191\">Id\u00e9ale pour sublimer une table lors d\u2019\u00e9v\u00e9nements, de r\u00e9ceptions ou de d\u00eeners en famille, cette coupelle en marbre apporte une touche intemporelle \u00e0 tout espace. Plus qu\u2019un simple objet d\u00e9coratif, elle est une d\u00e9claration de go\u00fbt raffin\u00e9, destin\u00e9e \u00e0 ceux qui appr\u00e9cient l\u2019excellence de l\u2019artisanat dans leur int\u00e9rieur.<\/p>\n<p data-start=\"1193\" data-end=\"1447\" data-is-last-node=\"\" data-is-only-node=\"\">Sugar White Onyx: Un blanc pur magnifiquement rehauss\u00e9 de fines lignes dor\u00e9es douces et cr\u00e9meuses qui parcourent sa surface avec gr\u00e2ce. Cet onyx d\u2019une rare qualit\u00e9 est disponible en quantit\u00e9s limit\u00e9es, \u00e9tant extrait d\u2019un gisement unique et exclusif.<\/p>\n<p>D\u00e9couvrez notre s\u00e9lection exclusive de marbres et d\u2019onyx ici: <a href=\"https:\/\/forzini.com\/fr\/materiaux\/\" target=\"_blank\" rel=\"noopener\" data-start=\"1939\" data-end=\"1953\">Mat\u00e9riaux<\/a><\/p>\n","protected":false},"excerpt":{"rendered":"<h1>Coupelle sur pied en marbre<\/h1>\n<p data-start=\"35\" data-end=\"449\">cette pi\u00e8ce captivante est sculpt\u00e9e \u00e0 la main dans de l\u2019onyx naturel. Son design doux et courb\u00e9 permet \u00e0 la lumi\u00e8re de jouer \u00e0 travers ses d\u00e9licates veines, cr\u00e9ant une lueur subtile et un charme a\u00e9rien rappelant la l\u00e9g\u00e8ret\u00e9 d\u2019un nuage. \u00c0 la fois d\u00e9corative et fonctionnelle, cette coupelle peut \u00eatre utilis\u00e9e comme photophore, porte-bijoux, vide-poches ou simplement comme un \u00e9l\u00e9ment raffin\u00e9 dans tout int\u00e9rieur.<\/p>\n<p data-start=\"451\" data-end=\"710\" data-is-last-node=\"\" data-is-only-node=\"\">\u00c9l\u00e9gante et intemporelle, cette coupelle sur pied en marbre sublime la d\u00e9coration de votre table lors de r\u00e9ceptions ou ajoute une touche d\u2019exception au quotidien des int\u00e9rieurs les plus sophistiqu\u00e9s. Elle incarne l\u2019alliance parfaite entre l\u2019art et l\u2019\u00e9l\u00e9gance.<\/p>\n","protected":false},"featured_media":14250,"comment_status":"closed","ping_status":"closed","template":"","meta":{"_acf_changed":false,"_joinchat":[]},"product_brand":[],"product_cat":[187,380],"product_tag":[190],"class_list":{"0":"post-9657","1":"product","2":"type-product","3":"status-publish","4":"has-post-thumbnail","6":"product_cat-accessoires","7":"product_cat-accessoires-de-table","8":"product_tag-onyx-fr","10":"first","11":"instock","12":"sale","13":"featured","14":"shipping-taxable","15":"purchasable","16":"product-type-simple"},"acf":[],"_links":{"self":[{"href":"https:\/\/forzini.com\/fr\/wp-json\/wp\/v2\/product\/9657","targetHints":{"allow":["GET"]}}],"collection":[{"href":"https:\/\/forzini.com\/fr\/wp-json\/wp\/v2\/product"}],"about":[{"href":"https:\/\/forzini.com\/fr\/wp-json\/wp\/v2\/types\/product"}],"replies":[{"embeddable":true,"href":"https:\/\/forzini.com\/fr\/wp-json\/wp\/v2\/comments?post=9657"}],"version-history":[{"count":0,"href":"https:\/\/forzini.com\/fr\/wp-json\/wp\/v2\/product\/9657\/revisions"}],"wp:featuredmedia":[{"embeddable":true,"href":"https:\/\/forzini.com\/fr\/wp-json\/wp\/v2\/media\/14250"}],"wp:attachment":[{"href":"https:\/\/forzini.com\/fr\/wp-json\/wp\/v2\/media?parent=9657"}],"wp:term":[{"taxonomy":"product_brand","embeddable":true,"href":"https:\/\/forzini.com\/fr\/wp-json\/wp\/v2\/product_brand?post=9657"},{"taxonomy":"product_cat","embeddable":true,"href":"https:\/\/forzini.com\/fr\/wp-json\/wp\/v2\/product_cat?post=9657"},{"taxonomy":"product_tag","embeddable":true,"href":"https:\/\/forzini.com\/fr\/wp-json\/wp\/v2\/product_tag?post=9657"}],"curies":[{"name":"wp","href":"https:\/\/api.w.org\/{rel}","templated":true}]}}