{"id":9581,"date":"2024-04-05T10:53:04","date_gmt":"2024-04-05T08:53:04","guid":{"rendered":"https:\/\/forzini.com\/producto\/candelabro-marmol-selene\/"},"modified":"2025-08-30T15:00:51","modified_gmt":"2025-08-30T13:00:51","slug":"bougeoir-haut-en-marbre-blanc-selene","status":"publish","type":"product","link":"https:\/\/forzini.com\/fr\/producto\/bougeoir-haut-en-marbre-blanc-selene\/","title":{"rendered":"Bougeoir haut en marbre blanc \u2013 support bougies"},"content":{"rendered":"<h2>Bougeoir haut en marbre blanc \u00ab\u00a0Selene\u00a0\u00bb<\/h2>\n<p data-start=\"0\" data-end=\"1483\">Ce <strong>bougeoir haut en marbre blanc<\/strong> est une v\u00e9ritable \u0153uvre d&rsquo;art. Chaque pi\u00e8ce est m\u00e9ticuleusement sculpt\u00e9e et polie \u00e0 la main par nos artisans experts, garantissant une qualit\u00e9 et des d\u00e9tails incomparables. Le marbre, avec ses veines uniques et sa texture douce, apporte une touche de luxe et d&rsquo;\u00e9l\u00e9gance \u00e0 n&rsquo;importe quel environnement. Le design sophistiqu\u00e9 et intemporel de ce chandelier en fait une pi\u00e8ce d\u00e9corative qui se distingue par elle-m\u00eame. Son design innovant \u00e0 trois niveaux, superpos\u00e9s les uns aux autres, est une id\u00e9e fra\u00eeche qui se d\u00e9marque dans n&rsquo;importe quel d\u00e9cor, cr\u00e9ant une atmosph\u00e8re sp\u00e9ciale qui rend un foyer v\u00e9ritablement unique. Imaginez des d\u00eeners \u00e0 la douce lumi\u00e8re des bougies mettant en valeur toute la beaut\u00e9 de ce magnifique chandelier, cr\u00e9ant un environnement relaxant et agr\u00e9able. Ce chandelier ne se contente pas de remplir sa fonction pratique de support de bougies, il apporte \u00e9galement une sensation de sophistication et de chaleur \u00e0 l&rsquo;environnement. Il est parfait pour cr\u00e9er une ambiance intime et agr\u00e9able lors de d\u00eeners, de r\u00e9unions ou de toute occasion sp\u00e9ciale. De plus, son design \u00e9l\u00e9gant et son mat\u00e9riau de haute qualit\u00e9 garantissent qu&rsquo;il sera une pi\u00e8ce durable et appr\u00e9ci\u00e9e pendant de nombreuses ann\u00e9es. Ce chandelier est id\u00e9al pour ceux qui recherchent une combinaison de fonctionnalit\u00e9 et de style, et constitue un cadeau parfait pour les occasions sp\u00e9ciales, transmettant un message de bon go\u00fbt et d&rsquo;appr\u00e9ciation pour la beaut\u00e9 naturelle.<\/p>\n<p data-start=\"1485\" data-end=\"1582\">Notre conseil: Ce chandelier est id\u00e9al pour \u00eatre combin\u00e9 avec notre bol en marbre \u00ab\u00a0<a href=\"https:\/\/forzini.com\/fr\/producto\/bol-decoratif-en-marbre-noir-bacchus\/\" target=\"_blank\" rel=\"noopener\">Bacchus<\/a>\u00ab\u00a0.<\/p>\n<p data-start=\"1584\" data-end=\"1852\" data-is-last-node=\"\" data-is-only-node=\"\">Marbre Snow Leopard: Couleur blanche avec de subtils tons gris et un veinage particulier. Ce marbre rare et distingu\u00e9 est extrait en petites quantit\u00e9s d&rsquo;une r\u00e9gion sp\u00e9cifique. Il est tr\u00e8s appr\u00e9ci\u00e9 pour ses veines sp\u00e9ciales et uniformes qui cr\u00e9ent un motif animal.<\/p>\n<p>D\u00e9couvrez notre s\u00e9lection exclusive de marbres et d\u2019onyx ici: <a href=\"https:\/\/forzini.com\/fr\/materiaux\/\" target=\"_blank\" rel=\"noopener\" data-start=\"1939\" data-end=\"1953\">Mat\u00e9riaux<\/a><\/p>\n","protected":false},"excerpt":{"rendered":"<h1>Bougeoir haut en marbre blanc<\/h1>\n<p>avec son design g\u00e9om\u00e9trique distinctif, ce bougeoir devient un point focal impressionnant dans toute d\u00e9coration. Disponible en un magnifique marbre blanc, cette pi\u00e8ce offre une polyvalence d\u00e9corative qui s&rsquo;adapte \u00e0 divers styles et pr\u00e9f\u00e9rences, que vous recherchiez une esth\u00e9tique minimaliste ou une ambiance plus luxueuse. C&rsquo;est l&rsquo;alli\u00e9 parfait pour mettre en valeur le style unique de votre maison.<\/p>\n<h2>Dimensions : Hauteur 20 cm<\/h2>\n","protected":false},"featured_media":14827,"comment_status":"closed","ping_status":"closed","template":"","meta":{"_acf_changed":false,"_joinchat":[]},"product_brand":[],"product_cat":[187,387],"product_tag":[189],"class_list":{"0":"post-9581","1":"product","2":"type-product","3":"status-publish","4":"has-post-thumbnail","6":"product_cat-accessoires","7":"product_cat-objets-decoratifs","8":"product_tag-marbre","10":"first","11":"instock","12":"sale","13":"featured","14":"shipping-taxable","15":"purchasable","16":"product-type-simple"},"acf":[],"_links":{"self":[{"href":"https:\/\/forzini.com\/fr\/wp-json\/wp\/v2\/product\/9581","targetHints":{"allow":["GET"]}}],"collection":[{"href":"https:\/\/forzini.com\/fr\/wp-json\/wp\/v2\/product"}],"about":[{"href":"https:\/\/forzini.com\/fr\/wp-json\/wp\/v2\/types\/product"}],"replies":[{"embeddable":true,"href":"https:\/\/forzini.com\/fr\/wp-json\/wp\/v2\/comments?post=9581"}],"version-history":[{"count":0,"href":"https:\/\/forzini.com\/fr\/wp-json\/wp\/v2\/product\/9581\/revisions"}],"wp:featuredmedia":[{"embeddable":true,"href":"https:\/\/forzini.com\/fr\/wp-json\/wp\/v2\/media\/14827"}],"wp:attachment":[{"href":"https:\/\/forzini.com\/fr\/wp-json\/wp\/v2\/media?parent=9581"}],"wp:term":[{"taxonomy":"product_brand","embeddable":true,"href":"https:\/\/forzini.com\/fr\/wp-json\/wp\/v2\/product_brand?post=9581"},{"taxonomy":"product_cat","embeddable":true,"href":"https:\/\/forzini.com\/fr\/wp-json\/wp\/v2\/product_cat?post=9581"},{"taxonomy":"product_tag","embeddable":true,"href":"https:\/\/forzini.com\/fr\/wp-json\/wp\/v2\/product_tag?post=9581"}],"curies":[{"name":"wp","href":"https:\/\/api.w.org\/{rel}","templated":true}]}}