{"id":9574,"date":"2024-07-04T12:22:58","date_gmt":"2024-07-04T10:22:58","guid":{"rendered":"https:\/\/forzini.com\/producto\/cuenco-de-piedra-oh-fontus\/"},"modified":"2025-08-03T22:45:54","modified_gmt":"2025-08-03T20:45:54","slug":"coupelle-decorative-en-marbre","status":"publish","type":"product","link":"https:\/\/forzini.com\/fr\/producto\/coupelle-decorative-en-marbre\/","title":{"rendered":"Coupelle d\u00e9corative en marbre Oh Fontus"},"content":{"rendered":"<h2>Coupelle d\u00e9corative en marbre \u00ab\u00a0Oh Fontus\u00a0\u00bb<\/h2>\n<p data-start=\"34\" data-end=\"598\">Ce petit <strong>coupelle d\u00e9corative en marbre<\/strong> onyx, sculpt\u00e9 \u00e0 la main par nos artisans renomm\u00e9s, est un v\u00e9ritable joyau qui non seulement embellit, mais raconte aussi une histoire. Sa forme ronde et l&rsquo;onyx Galaxy Vert, avec sa haute translucidit\u00e9, font de cette pi\u00e8ce un v\u00e9ritable aimant \u00e0 regards et compliments. Imaginez ce bol ornant votre table lors d\u2019un d\u00eener sp\u00e9cial, r\u00e9fl\u00e9chissant la lumi\u00e8re des bougies et cr\u00e9ant une atmosph\u00e8re magique et chaleureuse. Chaque bol en pierre est unique, avec des veines et des tonalit\u00e9s qui semblent narrer les secrets de la terre d&rsquo;o\u00f9 il provient.<\/p>\n<h3 data-start=\"600\" data-end=\"1047\"><strong>Coupelle d\u00e9corative en marbre<\/strong><\/h3>\n<p data-start=\"600\" data-end=\"1047\">id\u00e9al pour ranger de petits objets, comme des bijoux ou des souvenirs, tout en les maintenant organis\u00e9s, ce bol devient \u00e9galement le centre d&rsquo;attention lorsqu&rsquo;il est plac\u00e9 sur une table, capturant les regards avec sa beaut\u00e9 naturelle. Si vous recherchez un cadeau qui surprenne et \u00e9mouvra vraiment, ce bol en onyx Galaxy Vert est le choix parfait. Ce n&rsquo;est pas seulement un objet, mais une \u0153uvre d&rsquo;art et d&rsquo;histoire, symbole de luxe et d\u2019opulence.<\/p>\n<p data-start=\"1049\" data-end=\"1292\">Onyx Galaxy Vert: Un fond vert clair magnifiquement accentu\u00e9 par des vagues blanches, entrelac\u00e9es de veines cuivr\u00e9es, brunes dor\u00e9es et rouge\u00e2tres. Extrait en quantit\u00e9s tr\u00e8s limit\u00e9es, cette vari\u00e9t\u00e9 d\u2019onyx est exclusive et tr\u00e8s translucide.<\/p>\n<p data-start=\"1294\" data-end=\"1861\">Notre qu\u00eate des pierres les plus fascinantes nous a men\u00e9s \u00e0 travers des terres lointaines et exotiques. Nous avons voyag\u00e9 \u00e0 travers le monde, explorant des coins recul\u00e9s o\u00f9 la nature garde jalousement ses tr\u00e9sors. Dans les montagnes du sud de l\u2019Asie, o\u00f9 les sommets touchent le ciel et les rivi\u00e8res coulent dans la puret\u00e9 de la nature intacte, se cache cet exceptionnel onyx. Sous la chaleur intense et la pression de la terre, la pierre calcaire s\u2019est m\u00e9tamorphos\u00e9e pendant des mill\u00e9naires, cr\u00e9ant le motif unique de veines et de couleurs qui d\u00e9finit le Galaxy Vert.<\/p>\n<p data-start=\"1863\" data-end=\"2670\" data-is-last-node=\"\" data-is-only-node=\"\">Port\u00e9s par notre passion pour l&rsquo;extraordinaire, nous avons soigneusement s\u00e9lectionn\u00e9 chaque pi\u00e8ce de cet onyx rare. Chaque fragment est travaill\u00e9 avec d\u00e9votion par nos artisans, qui sculptent et polissent la pierre jusqu&rsquo;\u00e0 la perfection. Sa translucidit\u00e9 permet \u00e0 la lumi\u00e8re de traverser ses parois, cr\u00e9ant des \u00e9clats qui subliment encore sa beaut\u00e9 naturelle. Le r\u00e9sultat de notre engagement est une cr\u00e9ation qui va bien au-del\u00e0 de la fonctionnalit\u00e9. Chaque bol en onyx Galaxy Vert porte en lui une partie de notre histoire et des terres lointaines que nous avons explor\u00e9es. Il ne s&rsquo;agit pas simplement d&rsquo;un objet d\u00e9coratif, mais d&rsquo;un t\u00e9moignage de notre voyage, de notre qu\u00eate incessante du beau et du rare, et de notre engagement \u00e0 offrir \u00e0 nos clients des pi\u00e8ces v\u00e9ritablement uniques et exceptionnelles.<\/p>\n<p>D\u00e9couvrez notre s\u00e9lection exclusive de marbres et d\u2019onyx ici: <a href=\"https:\/\/forzini.com\/fr\/materiaux\/\" target=\"_blank\" rel=\"noopener\" data-start=\"1939\" data-end=\"1953\">Mat\u00e9riaux<\/a><\/p>\n","protected":false},"excerpt":{"rendered":"<h1>Coupelle d\u00e9corative en marbre<\/h1>\n<div class=\"flex max-w-full flex-col flex-grow\">\n<div class=\"min-h-8 text-message flex w-full flex-col items-end gap-2 whitespace-normal break-words text-start [.text-message+&amp;]:mt-5\" dir=\"auto\" data-message-author-role=\"assistant\" data-message-id=\"36904660-b47f-430e-8f0e-db76f4fa51ca\" data-message-model-slug=\"gpt-4o-mini\">\n<div class=\"flex w-full flex-col gap-1 empty:hidden first:pt-[3px]\">\n<div class=\"markdown prose w-full break-words dark:prose-invert light\">\n<p data-start=\"40\" data-end=\"717\" data-is-last-node=\"\" data-is-only-node=\"\">onyx est une pi\u00e8ce d\u00e9corative exceptionnelle qui conf\u00e8re distinction et \u00e9l\u00e9gance \u00e0 tout int\u00e9rieur. Son design raffin\u00e9 et la puret\u00e9 de l&rsquo;onyx en font un accessoire charmant et multifonctionnel pour votre maison. Chaque coupe est unique, sculpt\u00e9e \u00e0 la main pour mettre en valeur les veines et les tonalit\u00e9s caract\u00e9ristiques de l&rsquo;onyx, un mat\u00e9riau pris\u00e9 pour sa durabilit\u00e9 et sa beaut\u00e9 naturelle. Sa surface polie capte subtilement la lumi\u00e8re, cr\u00e9ant une atmosph\u00e8re chaleureuse et sophistiqu\u00e9e. Que ce soit comme centre de table, porte-bougie ou pour ranger de petits objets, cette coupe en onyx apporte une touche de luxe et de s\u00e9r\u00e9nit\u00e9 \u00e0 votre espace avec sa pr\u00e9sence exquise.<\/p>\n<\/div>\n<\/div>\n<\/div>\n<\/div>\n","protected":false},"featured_media":14112,"comment_status":"closed","ping_status":"closed","template":"","meta":{"_acf_changed":false,"_joinchat":[]},"product_brand":[],"product_cat":[187,380],"product_tag":[190],"class_list":{"0":"post-9574","1":"product","2":"type-product","3":"status-publish","4":"has-post-thumbnail","6":"product_cat-accessoires","7":"product_cat-accessoires-de-table","8":"product_tag-onyx-fr","10":"first","11":"instock","12":"sale","13":"featured","14":"shipping-taxable","15":"purchasable","16":"product-type-simple"},"acf":[],"_links":{"self":[{"href":"https:\/\/forzini.com\/fr\/wp-json\/wp\/v2\/product\/9574","targetHints":{"allow":["GET"]}}],"collection":[{"href":"https:\/\/forzini.com\/fr\/wp-json\/wp\/v2\/product"}],"about":[{"href":"https:\/\/forzini.com\/fr\/wp-json\/wp\/v2\/types\/product"}],"replies":[{"embeddable":true,"href":"https:\/\/forzini.com\/fr\/wp-json\/wp\/v2\/comments?post=9574"}],"version-history":[{"count":0,"href":"https:\/\/forzini.com\/fr\/wp-json\/wp\/v2\/product\/9574\/revisions"}],"wp:featuredmedia":[{"embeddable":true,"href":"https:\/\/forzini.com\/fr\/wp-json\/wp\/v2\/media\/14112"}],"wp:attachment":[{"href":"https:\/\/forzini.com\/fr\/wp-json\/wp\/v2\/media?parent=9574"}],"wp:term":[{"taxonomy":"product_brand","embeddable":true,"href":"https:\/\/forzini.com\/fr\/wp-json\/wp\/v2\/product_brand?post=9574"},{"taxonomy":"product_cat","embeddable":true,"href":"https:\/\/forzini.com\/fr\/wp-json\/wp\/v2\/product_cat?post=9574"},{"taxonomy":"product_tag","embeddable":true,"href":"https:\/\/forzini.com\/fr\/wp-json\/wp\/v2\/product_tag?post=9574"}],"curies":[{"name":"wp","href":"https:\/\/api.w.org\/{rel}","templated":true}]}}