{"id":9558,"date":"2024-11-08T09:19:08","date_gmt":"2024-11-08T08:19:08","guid":{"rendered":"https:\/\/forzini.com\/producto\/cuenco-vaciabolsillos-de-marmol\/"},"modified":"2025-08-04T23:08:57","modified_gmt":"2025-08-04T21:08:57","slug":"plateau-deco-vide-poches-en-marbre","status":"publish","type":"product","link":"https:\/\/forzini.com\/fr\/producto\/plateau-deco-vide-poches-en-marbre\/","title":{"rendered":"Plateau d\u00e9co vide poches en marbre"},"content":{"rendered":"<h2>Plateau d\u00e9co vide poches en marbre \u00ab\u00a0Fontus B\u00a0\u00bb<\/h2>\n<p data-start=\"0\" data-end=\"605\">Ce <strong>plateu d\u00e9co vide poches en marbre<\/strong> est une v\u00e9ritable \u0153uvre d&rsquo;art, taill\u00e9e \u00e0 la main dans le rare et exceptionnel marbre \u00ab\u00a0Golden Cascad\u00a0\u00bb. Son design sophistiqu\u00e9 et exclusif ajoute une touche de distinction \u00e0 tout espace, refl\u00e9tant un go\u00fbt raffin\u00e9. Le marbre \u00ab\u00a0Cascada Dorada\u00a0\u00bb se distingue par un contraste captivant de tons chocolat fonc\u00e9, de touches dor\u00e9es de caramel et de veines blanches, cr\u00e9ant une beaut\u00e9 naturelle incomparable. Ce vide-poche devient une pi\u00e8ce d\u00e9corative \u00e0 fort impact, id\u00e9ale pour diverses utilisations : porte-bougies, bol d\u00e9coratif pour bonbons, ou petite corbeille pour articles de toilette.<\/p>\n<p data-start=\"607\" data-end=\"823\" data-is-last-node=\"\" data-is-only-node=\"\">Le marbre Golden Cascad est une symphonie de contrastes, o\u00f9 le noir profond est illumin\u00e9 par un ballet de veines blanches, caram\u00e9lis\u00e9es, rouges, dor\u00e9es et brunes, chaque pi\u00e8ce racontant une histoire d&rsquo;art g\u00e9ologique.<\/p>\n<p>D\u00e9couvrez notre s\u00e9lection exclusive de marbres et d\u2019onyx ici: <a href=\"https:\/\/forzini.com\/fr\/materiaux\/\" target=\"_blank\" rel=\"noopener\" data-start=\"1939\" data-end=\"1953\">Mat\u00e9riaux<\/a><\/p>\n","protected":false},"excerpt":{"rendered":"<h1><strong>Plateu d\u00e9co vide poches en marbre<\/strong><\/h1>\n<p data-start=\"0\" data-end=\"275\">taill\u00e9 \u00e0 la main, est une pi\u00e8ce id\u00e9ale pour sublimer n&rsquo;importe quel espace. Le marbre rare et pr\u00e9cieux \u00ab\u00a0Cascada Dorada\u00a0\u00bb, avec ses tons sombres, ses reflets dor\u00e9s et ses d\u00e9licates veines blanches, offre un aspect unique et sophistiqu\u00e9.<\/p>\n<p data-start=\"277\" data-end=\"624\" data-is-last-node=\"\" data-is-only-node=\"\">Parfait pour diverses utilisations, il peut servir de porte-bougie, de plateau pour petits accessoires, de coupe \u00e0 fruits ou encore de centre de table attrayant lors d&rsquo;\u00e9v\u00e9nements et de r\u00e9unions. Avec son design raffin\u00e9, ce vide-poche devient un d\u00e9tail d\u00e9coratif indispensable pour ceux qui souhaitent ajouter style et distinction \u00e0 leur int\u00e9rieur.<\/p>\n<p>&nbsp;<\/p>\n","protected":false},"featured_media":14144,"comment_status":"closed","ping_status":"closed","template":"","meta":{"_acf_changed":false,"_joinchat":[]},"product_brand":[],"product_cat":[187,387],"product_tag":[189],"class_list":{"0":"post-9558","1":"product","2":"type-product","3":"status-publish","4":"has-post-thumbnail","6":"product_cat-accessoires","7":"product_cat-objets-decoratifs","8":"product_tag-marbre","10":"first","11":"instock","12":"sale","13":"featured","14":"shipping-taxable","15":"purchasable","16":"product-type-simple"},"acf":[],"_links":{"self":[{"href":"https:\/\/forzini.com\/fr\/wp-json\/wp\/v2\/product\/9558","targetHints":{"allow":["GET"]}}],"collection":[{"href":"https:\/\/forzini.com\/fr\/wp-json\/wp\/v2\/product"}],"about":[{"href":"https:\/\/forzini.com\/fr\/wp-json\/wp\/v2\/types\/product"}],"replies":[{"embeddable":true,"href":"https:\/\/forzini.com\/fr\/wp-json\/wp\/v2\/comments?post=9558"}],"version-history":[{"count":0,"href":"https:\/\/forzini.com\/fr\/wp-json\/wp\/v2\/product\/9558\/revisions"}],"wp:featuredmedia":[{"embeddable":true,"href":"https:\/\/forzini.com\/fr\/wp-json\/wp\/v2\/media\/14144"}],"wp:attachment":[{"href":"https:\/\/forzini.com\/fr\/wp-json\/wp\/v2\/media?parent=9558"}],"wp:term":[{"taxonomy":"product_brand","embeddable":true,"href":"https:\/\/forzini.com\/fr\/wp-json\/wp\/v2\/product_brand?post=9558"},{"taxonomy":"product_cat","embeddable":true,"href":"https:\/\/forzini.com\/fr\/wp-json\/wp\/v2\/product_cat?post=9558"},{"taxonomy":"product_tag","embeddable":true,"href":"https:\/\/forzini.com\/fr\/wp-json\/wp\/v2\/product_tag?post=9558"}],"curies":[{"name":"wp","href":"https:\/\/api.w.org\/{rel}","templated":true}]}}